{"id":3447,"date":"2024-02-22T12:02:06","date_gmt":"2024-02-22T12:02:06","guid":{"rendered":"https:\/\/catalogue.hishtil.com\/product\/odoratum\/"},"modified":"2025-11-21T07:24:45","modified_gmt":"2025-11-21T07:24:45","slug":"odoratum","status":"publish","type":"product","link":"https:\/\/catalogue.hishtil.com\/cs\/produkt\/odoratum\/","title":{"rendered":"odoratum"},"content":{"rendered":"<p>P\u016fdopokryvn\u00e1, intenzivn\u00ed v\u016fn\u011b, vhodn\u00e1 do \u010daj\u016f, n\u00e1lev\u016f, lik\u00e9r\u016f i do ovocn\u00fdch sal\u00e1t\u016f<\/p>\n","protected":false},"excerpt":{"rendered":"<p>P\u016fdopokryvn\u00e1, intenzivn\u00ed v\u016fn\u011b, vhodn\u00e1 do \u010daj\u016f, n\u00e1lev\u016f, lik\u00e9r\u016f i do ovocn\u00fdch sal\u00e1t\u016f<\/p>\n","protected":false},"featured_media":1390,"comment_status":"open","ping_status":"closed","template":"","meta":{"_acf_changed":false},"product_brand":[],"product_cat":[1247,1240,1188,1231,1244],"product_tag":[],"brands":[1005,1210],"labels":[],"class_list":{"0":"post-3447","1":"product","2":"type-product","3":"status-publish","4":"has-post-thumbnail","6":"product_cat-bio-bylinky","7":"product_cat-bylinky","8":"product_cat-organic-herbs","9":"product_cat-ostatni","10":"product_cat-prezimovane-rostliny","11":"brands-bio-2","12":"brands-extrakty","14":"first","15":"instock","16":"shipping-taxable","17":"product-type-simple"},"acf":[],"yoast_head":"<!-- This site is optimized with the Yoast SEO plugin v27.3 - https:\/\/yoast.com\/product\/yoast-seo-wordpress\/ -->\n<title>odoratum - Hishtil Catalogue<\/title>\n<meta name=\"robots\" content=\"index, follow, max-snippet:-1, max-image-preview:large, max-video-preview:-1\" \/>\n<link rel=\"canonical\" href=\"https:\/\/catalogue.hishtil.com\/cs\/produkt\/odoratum\/\" \/>\n<meta property=\"og:locale\" content=\"cs_CZ\" \/>\n<meta property=\"og:type\" content=\"article\" \/>\n<meta property=\"og:title\" content=\"odoratum - Hishtil Catalogue\" \/>\n<meta property=\"og:description\" content=\"P\u016fdopokryvn\u00e1, intenzivn\u00ed v\u016fn\u011b, vhodn\u00e1 do \u010daj\u016f, n\u00e1lev\u016f, lik\u00e9r\u016f i do ovocn\u00fdch sal\u00e1t\u016f\" \/>\n<meta property=\"og:url\" content=\"https:\/\/catalogue.hishtil.com\/cs\/produkt\/odoratum\/\" \/>\n<meta property=\"og:site_name\" content=\"Hishtil Catalogue\" \/>\n<meta property=\"article:modified_time\" content=\"2025-11-21T07:24:45+00:00\" \/>\n<meta property=\"og:image\" content=\"https:\/\/catalogue.hishtil.com\/wp-content\/uploads\/2023\/11\/GaliumOdoratum.png\" \/>\n\t<meta property=\"og:image:width\" content=\"625\" \/>\n\t<meta property=\"og:image:height\" content=\"780\" \/>\n\t<meta property=\"og:image:type\" content=\"image\/png\" \/>\n<meta name=\"twitter:card\" content=\"summary_large_image\" \/>\n<script type=\"application\/ld+json\" class=\"yoast-schema-graph\">{\"@context\":\"https:\\\/\\\/schema.org\",\"@graph\":[{\"@type\":\"WebPage\",\"@id\":\"https:\\\/\\\/catalogue.hishtil.com\\\/cs\\\/produkt\\\/odoratum\\\/\",\"url\":\"https:\\\/\\\/catalogue.hishtil.com\\\/cs\\\/produkt\\\/odoratum\\\/\",\"name\":\"odoratum - Hishtil Catalogue\",\"isPartOf\":{\"@id\":\"https:\\\/\\\/catalogue.hishtil.com\\\/cs\\\/#website\"},\"primaryImageOfPage\":{\"@id\":\"https:\\\/\\\/catalogue.hishtil.com\\\/cs\\\/produkt\\\/odoratum\\\/#primaryimage\"},\"image\":{\"@id\":\"https:\\\/\\\/catalogue.hishtil.com\\\/cs\\\/produkt\\\/odoratum\\\/#primaryimage\"},\"thumbnailUrl\":\"https:\\\/\\\/catalogue.hishtil.com\\\/wp-content\\\/uploads\\\/2023\\\/11\\\/GaliumOdoratum.png\",\"datePublished\":\"2024-02-22T12:02:06+00:00\",\"dateModified\":\"2025-11-21T07:24:45+00:00\",\"breadcrumb\":{\"@id\":\"https:\\\/\\\/catalogue.hishtil.com\\\/cs\\\/produkt\\\/odoratum\\\/#breadcrumb\"},\"inLanguage\":\"cs\",\"potentialAction\":[{\"@type\":\"ReadAction\",\"target\":[\"https:\\\/\\\/catalogue.hishtil.com\\\/cs\\\/produkt\\\/odoratum\\\/\"]}]},{\"@type\":\"ImageObject\",\"inLanguage\":\"cs\",\"@id\":\"https:\\\/\\\/catalogue.hishtil.com\\\/cs\\\/produkt\\\/odoratum\\\/#primaryimage\",\"url\":\"https:\\\/\\\/catalogue.hishtil.com\\\/wp-content\\\/uploads\\\/2023\\\/11\\\/GaliumOdoratum.png\",\"contentUrl\":\"https:\\\/\\\/catalogue.hishtil.com\\\/wp-content\\\/uploads\\\/2023\\\/11\\\/GaliumOdoratum.png\",\"width\":625,\"height\":780},{\"@type\":\"BreadcrumbList\",\"@id\":\"https:\\\/\\\/catalogue.hishtil.com\\\/cs\\\/produkt\\\/odoratum\\\/#breadcrumb\",\"itemListElement\":[{\"@type\":\"ListItem\",\"position\":1,\"name\":\"Home\",\"item\":\"https:\\\/\\\/catalogue.hishtil.com\\\/cs\\\/\"},{\"@type\":\"ListItem\",\"position\":2,\"name\":\"Products\",\"item\":\"https:\\\/\\\/catalogue.hishtil.com\\\/cs\\\/products\\\/\"},{\"@type\":\"ListItem\",\"position\":3,\"name\":\"odoratum\"}]},{\"@type\":\"WebSite\",\"@id\":\"https:\\\/\\\/catalogue.hishtil.com\\\/cs\\\/#website\",\"url\":\"https:\\\/\\\/catalogue.hishtil.com\\\/cs\\\/\",\"name\":\"Hishtil Catalogue\",\"description\":\"A leading plant - Nursery Company\",\"potentialAction\":[{\"@type\":\"SearchAction\",\"target\":{\"@type\":\"EntryPoint\",\"urlTemplate\":\"https:\\\/\\\/catalogue.hishtil.com\\\/cs\\\/?s={search_term_string}\"},\"query-input\":{\"@type\":\"PropertyValueSpecification\",\"valueRequired\":true,\"valueName\":\"search_term_string\"}}],\"inLanguage\":\"cs\"}]}<\/script>\n<!-- \/ Yoast SEO plugin. -->","yoast_head_json":{"title":"odoratum - Hishtil Catalogue","robots":{"index":"index","follow":"follow","max-snippet":"max-snippet:-1","max-image-preview":"max-image-preview:large","max-video-preview":"max-video-preview:-1"},"canonical":"https:\/\/catalogue.hishtil.com\/cs\/produkt\/odoratum\/","og_locale":"cs_CZ","og_type":"article","og_title":"odoratum - Hishtil Catalogue","og_description":"P\u016fdopokryvn\u00e1, intenzivn\u00ed v\u016fn\u011b, vhodn\u00e1 do \u010daj\u016f, n\u00e1lev\u016f, lik\u00e9r\u016f i do ovocn\u00fdch sal\u00e1t\u016f","og_url":"https:\/\/catalogue.hishtil.com\/cs\/produkt\/odoratum\/","og_site_name":"Hishtil Catalogue","article_modified_time":"2025-11-21T07:24:45+00:00","og_image":[{"width":625,"height":780,"url":"https:\/\/catalogue.hishtil.com\/wp-content\/uploads\/2023\/11\/GaliumOdoratum.png","type":"image\/png"}],"twitter_card":"summary_large_image","schema":{"@context":"https:\/\/schema.org","@graph":[{"@type":"WebPage","@id":"https:\/\/catalogue.hishtil.com\/cs\/produkt\/odoratum\/","url":"https:\/\/catalogue.hishtil.com\/cs\/produkt\/odoratum\/","name":"odoratum - Hishtil Catalogue","isPartOf":{"@id":"https:\/\/catalogue.hishtil.com\/cs\/#website"},"primaryImageOfPage":{"@id":"https:\/\/catalogue.hishtil.com\/cs\/produkt\/odoratum\/#primaryimage"},"image":{"@id":"https:\/\/catalogue.hishtil.com\/cs\/produkt\/odoratum\/#primaryimage"},"thumbnailUrl":"https:\/\/catalogue.hishtil.com\/wp-content\/uploads\/2023\/11\/GaliumOdoratum.png","datePublished":"2024-02-22T12:02:06+00:00","dateModified":"2025-11-21T07:24:45+00:00","breadcrumb":{"@id":"https:\/\/catalogue.hishtil.com\/cs\/produkt\/odoratum\/#breadcrumb"},"inLanguage":"cs","potentialAction":[{"@type":"ReadAction","target":["https:\/\/catalogue.hishtil.com\/cs\/produkt\/odoratum\/"]}]},{"@type":"ImageObject","inLanguage":"cs","@id":"https:\/\/catalogue.hishtil.com\/cs\/produkt\/odoratum\/#primaryimage","url":"https:\/\/catalogue.hishtil.com\/wp-content\/uploads\/2023\/11\/GaliumOdoratum.png","contentUrl":"https:\/\/catalogue.hishtil.com\/wp-content\/uploads\/2023\/11\/GaliumOdoratum.png","width":625,"height":780},{"@type":"BreadcrumbList","@id":"https:\/\/catalogue.hishtil.com\/cs\/produkt\/odoratum\/#breadcrumb","itemListElement":[{"@type":"ListItem","position":1,"name":"Home","item":"https:\/\/catalogue.hishtil.com\/cs\/"},{"@type":"ListItem","position":2,"name":"Products","item":"https:\/\/catalogue.hishtil.com\/cs\/products\/"},{"@type":"ListItem","position":3,"name":"odoratum"}]},{"@type":"WebSite","@id":"https:\/\/catalogue.hishtil.com\/cs\/#website","url":"https:\/\/catalogue.hishtil.com\/cs\/","name":"Hishtil Catalogue","description":"A leading plant - Nursery Company","potentialAction":[{"@type":"SearchAction","target":{"@type":"EntryPoint","urlTemplate":"https:\/\/catalogue.hishtil.com\/cs\/?s={search_term_string}"},"query-input":{"@type":"PropertyValueSpecification","valueRequired":true,"valueName":"search_term_string"}}],"inLanguage":"cs"}]}},"_links":{"self":[{"href":"https:\/\/catalogue.hishtil.com\/cs\/wp-json\/wp\/v2\/product\/3447","targetHints":{"allow":["GET"]}}],"collection":[{"href":"https:\/\/catalogue.hishtil.com\/cs\/wp-json\/wp\/v2\/product"}],"about":[{"href":"https:\/\/catalogue.hishtil.com\/cs\/wp-json\/wp\/v2\/types\/product"}],"replies":[{"embeddable":true,"href":"https:\/\/catalogue.hishtil.com\/cs\/wp-json\/wp\/v2\/comments?post=3447"}],"wp:featuredmedia":[{"embeddable":true,"href":"https:\/\/catalogue.hishtil.com\/cs\/wp-json\/wp\/v2\/media\/1390"}],"wp:attachment":[{"href":"https:\/\/catalogue.hishtil.com\/cs\/wp-json\/wp\/v2\/media?parent=3447"}],"wp:term":[{"taxonomy":"product_brand","embeddable":true,"href":"https:\/\/catalogue.hishtil.com\/cs\/wp-json\/wp\/v2\/product_brand?post=3447"},{"taxonomy":"product_cat","embeddable":true,"href":"https:\/\/catalogue.hishtil.com\/cs\/wp-json\/wp\/v2\/product_cat?post=3447"},{"taxonomy":"product_tag","embeddable":true,"href":"https:\/\/catalogue.hishtil.com\/cs\/wp-json\/wp\/v2\/product_tag?post=3447"},{"taxonomy":"brands","embeddable":true,"href":"https:\/\/catalogue.hishtil.com\/cs\/wp-json\/wp\/v2\/brands?post=3447"},{"taxonomy":"labels","embeddable":true,"href":"https:\/\/catalogue.hishtil.com\/cs\/wp-json\/wp\/v2\/labels?post=3447"}],"curies":[{"name":"wp","href":"https:\/\/api.w.org\/{rel}","templated":true}]}}