{"id":3555,"date":"2024-02-22T12:04:39","date_gmt":"2024-02-22T12:04:39","guid":{"rendered":"https:\/\/catalogue.hishtil.com\/product\/growflowtm-vietnamese-coriander\/"},"modified":"2025-03-27T08:49:19","modified_gmt":"2025-03-27T08:49:19","slug":"growflowtm-vietnamese-coriander","status":"publish","type":"product","link":"https:\/\/catalogue.hishtil.com\/cs\/produkt\/growflowtm-vietnamese-coriander\/","title":{"rendered":"GrowFlow&#8216;<sup>TM<\/sup> (Vietnamese Coriander)"},"content":{"rendered":"<p>Vietnamsk\u00fd koriandr &#8211; obl\u00edben\u00e9 ko\u0159en\u00ed asijsk\u00fdch j\u00eddel<\/p>\n","protected":false},"excerpt":{"rendered":"<p>Vietnamsk\u00fd koriandr &#8211; obl\u00edben\u00e9 ko\u0159en\u00ed asijsk\u00fdch j\u00eddel<\/p>\n","protected":false},"featured_media":1441,"comment_status":"open","ping_status":"closed","template":"","meta":{"_acf_changed":false},"product_brand":[],"product_cat":[15],"product_tag":[],"brands":[1003],"labels":[],"class_list":{"0":"post-3555","1":"product","2":"type-product","3":"status-publish","4":"has-post-thumbnail","6":"product_cat-uncategorized","7":"brands-growflow-3","9":"first","10":"instock","11":"shipping-taxable","12":"product-type-simple"},"acf":[],"yoast_head":"<!-- This site is optimized with the Yoast SEO plugin v26.6 - https:\/\/yoast.com\/wordpress\/plugins\/seo\/ -->\n<title>GrowFlow&#039;TM (Vietnamese Coriander) - Hishtil Catalogue<\/title>\n<meta name=\"robots\" content=\"index, follow, max-snippet:-1, max-image-preview:large, max-video-preview:-1\" \/>\n<link rel=\"canonical\" href=\"https:\/\/catalogue.hishtil.com\/cs\/produkt\/growflowtm-vietnamese-coriander\/\" \/>\n<meta property=\"og:locale\" content=\"cs_CZ\" \/>\n<meta property=\"og:type\" content=\"article\" \/>\n<meta property=\"og:title\" content=\"GrowFlow&#039;TM (Vietnamese Coriander) - Hishtil Catalogue\" \/>\n<meta property=\"og:description\" content=\"Vietnamsk\u00fd koriandr &#8211; obl\u00edben\u00e9 ko\u0159en\u00ed asijsk\u00fdch j\u00eddel\" \/>\n<meta property=\"og:url\" content=\"https:\/\/catalogue.hishtil.com\/cs\/produkt\/growflowtm-vietnamese-coriander\/\" \/>\n<meta property=\"og:site_name\" content=\"Hishtil Catalogue\" \/>\n<meta property=\"article:modified_time\" content=\"2025-03-27T08:49:19+00:00\" \/>\n<meta property=\"og:image\" content=\"https:\/\/catalogue.hishtil.com\/wp-content\/uploads\/2023\/11\/PersicariaOdorata.png\" \/>\n\t<meta property=\"og:image:width\" content=\"625\" \/>\n\t<meta property=\"og:image:height\" content=\"780\" \/>\n\t<meta property=\"og:image:type\" content=\"image\/png\" \/>\n<meta name=\"twitter:card\" content=\"summary_large_image\" \/>\n<script type=\"application\/ld+json\" class=\"yoast-schema-graph\">{\"@context\":\"https:\/\/schema.org\",\"@graph\":[{\"@type\":\"WebPage\",\"@id\":\"https:\/\/catalogue.hishtil.com\/cs\/produkt\/growflowtm-vietnamese-coriander\/\",\"url\":\"https:\/\/catalogue.hishtil.com\/cs\/produkt\/growflowtm-vietnamese-coriander\/\",\"name\":\"GrowFlow'TM (Vietnamese Coriander) - Hishtil Catalogue\",\"isPartOf\":{\"@id\":\"https:\/\/catalogue.hishtil.com\/cs\/#website\"},\"primaryImageOfPage\":{\"@id\":\"https:\/\/catalogue.hishtil.com\/cs\/produkt\/growflowtm-vietnamese-coriander\/#primaryimage\"},\"image\":{\"@id\":\"https:\/\/catalogue.hishtil.com\/cs\/produkt\/growflowtm-vietnamese-coriander\/#primaryimage\"},\"thumbnailUrl\":\"https:\/\/catalogue.hishtil.com\/wp-content\/uploads\/2023\/11\/PersicariaOdorata.png\",\"datePublished\":\"2024-02-22T12:04:39+00:00\",\"dateModified\":\"2025-03-27T08:49:19+00:00\",\"breadcrumb\":{\"@id\":\"https:\/\/catalogue.hishtil.com\/cs\/produkt\/growflowtm-vietnamese-coriander\/#breadcrumb\"},\"inLanguage\":\"cs\",\"potentialAction\":[{\"@type\":\"ReadAction\",\"target\":[\"https:\/\/catalogue.hishtil.com\/cs\/produkt\/growflowtm-vietnamese-coriander\/\"]}]},{\"@type\":\"ImageObject\",\"inLanguage\":\"cs\",\"@id\":\"https:\/\/catalogue.hishtil.com\/cs\/produkt\/growflowtm-vietnamese-coriander\/#primaryimage\",\"url\":\"https:\/\/catalogue.hishtil.com\/wp-content\/uploads\/2023\/11\/PersicariaOdorata.png\",\"contentUrl\":\"https:\/\/catalogue.hishtil.com\/wp-content\/uploads\/2023\/11\/PersicariaOdorata.png\",\"width\":625,\"height\":780},{\"@type\":\"BreadcrumbList\",\"@id\":\"https:\/\/catalogue.hishtil.com\/cs\/produkt\/growflowtm-vietnamese-coriander\/#breadcrumb\",\"itemListElement\":[{\"@type\":\"ListItem\",\"position\":1,\"name\":\"Home\",\"item\":\"https:\/\/catalogue.hishtil.com\/cs\/\"},{\"@type\":\"ListItem\",\"position\":2,\"name\":\"Products\",\"item\":\"https:\/\/catalogue.hishtil.com\/cs\/products\/\"},{\"@type\":\"ListItem\",\"position\":3,\"name\":\"GrowFlow&#8216;TM (Vietnamese Coriander)\"}]},{\"@type\":\"WebSite\",\"@id\":\"https:\/\/catalogue.hishtil.com\/cs\/#website\",\"url\":\"https:\/\/catalogue.hishtil.com\/cs\/\",\"name\":\"Hishtil Catalogue\",\"description\":\"A leading plant - Nursery Company\",\"potentialAction\":[{\"@type\":\"SearchAction\",\"target\":{\"@type\":\"EntryPoint\",\"urlTemplate\":\"https:\/\/catalogue.hishtil.com\/cs\/?s={search_term_string}\"},\"query-input\":{\"@type\":\"PropertyValueSpecification\",\"valueRequired\":true,\"valueName\":\"search_term_string\"}}],\"inLanguage\":\"cs\"}]}<\/script>\n<!-- \/ Yoast SEO plugin. -->","yoast_head_json":{"title":"GrowFlow'TM (Vietnamese Coriander) - Hishtil Catalogue","robots":{"index":"index","follow":"follow","max-snippet":"max-snippet:-1","max-image-preview":"max-image-preview:large","max-video-preview":"max-video-preview:-1"},"canonical":"https:\/\/catalogue.hishtil.com\/cs\/produkt\/growflowtm-vietnamese-coriander\/","og_locale":"cs_CZ","og_type":"article","og_title":"GrowFlow'TM (Vietnamese Coriander) - Hishtil Catalogue","og_description":"Vietnamsk\u00fd koriandr &#8211; obl\u00edben\u00e9 ko\u0159en\u00ed asijsk\u00fdch j\u00eddel","og_url":"https:\/\/catalogue.hishtil.com\/cs\/produkt\/growflowtm-vietnamese-coriander\/","og_site_name":"Hishtil Catalogue","article_modified_time":"2025-03-27T08:49:19+00:00","og_image":[{"width":625,"height":780,"url":"https:\/\/catalogue.hishtil.com\/wp-content\/uploads\/2023\/11\/PersicariaOdorata.png","type":"image\/png"}],"twitter_card":"summary_large_image","schema":{"@context":"https:\/\/schema.org","@graph":[{"@type":"WebPage","@id":"https:\/\/catalogue.hishtil.com\/cs\/produkt\/growflowtm-vietnamese-coriander\/","url":"https:\/\/catalogue.hishtil.com\/cs\/produkt\/growflowtm-vietnamese-coriander\/","name":"GrowFlow'TM (Vietnamese Coriander) - Hishtil Catalogue","isPartOf":{"@id":"https:\/\/catalogue.hishtil.com\/cs\/#website"},"primaryImageOfPage":{"@id":"https:\/\/catalogue.hishtil.com\/cs\/produkt\/growflowtm-vietnamese-coriander\/#primaryimage"},"image":{"@id":"https:\/\/catalogue.hishtil.com\/cs\/produkt\/growflowtm-vietnamese-coriander\/#primaryimage"},"thumbnailUrl":"https:\/\/catalogue.hishtil.com\/wp-content\/uploads\/2023\/11\/PersicariaOdorata.png","datePublished":"2024-02-22T12:04:39+00:00","dateModified":"2025-03-27T08:49:19+00:00","breadcrumb":{"@id":"https:\/\/catalogue.hishtil.com\/cs\/produkt\/growflowtm-vietnamese-coriander\/#breadcrumb"},"inLanguage":"cs","potentialAction":[{"@type":"ReadAction","target":["https:\/\/catalogue.hishtil.com\/cs\/produkt\/growflowtm-vietnamese-coriander\/"]}]},{"@type":"ImageObject","inLanguage":"cs","@id":"https:\/\/catalogue.hishtil.com\/cs\/produkt\/growflowtm-vietnamese-coriander\/#primaryimage","url":"https:\/\/catalogue.hishtil.com\/wp-content\/uploads\/2023\/11\/PersicariaOdorata.png","contentUrl":"https:\/\/catalogue.hishtil.com\/wp-content\/uploads\/2023\/11\/PersicariaOdorata.png","width":625,"height":780},{"@type":"BreadcrumbList","@id":"https:\/\/catalogue.hishtil.com\/cs\/produkt\/growflowtm-vietnamese-coriander\/#breadcrumb","itemListElement":[{"@type":"ListItem","position":1,"name":"Home","item":"https:\/\/catalogue.hishtil.com\/cs\/"},{"@type":"ListItem","position":2,"name":"Products","item":"https:\/\/catalogue.hishtil.com\/cs\/products\/"},{"@type":"ListItem","position":3,"name":"GrowFlow&#8216;TM (Vietnamese Coriander)"}]},{"@type":"WebSite","@id":"https:\/\/catalogue.hishtil.com\/cs\/#website","url":"https:\/\/catalogue.hishtil.com\/cs\/","name":"Hishtil Catalogue","description":"A leading plant - Nursery Company","potentialAction":[{"@type":"SearchAction","target":{"@type":"EntryPoint","urlTemplate":"https:\/\/catalogue.hishtil.com\/cs\/?s={search_term_string}"},"query-input":{"@type":"PropertyValueSpecification","valueRequired":true,"valueName":"search_term_string"}}],"inLanguage":"cs"}]}},"_links":{"self":[{"href":"https:\/\/catalogue.hishtil.com\/cs\/wp-json\/wp\/v2\/product\/3555","targetHints":{"allow":["GET"]}}],"collection":[{"href":"https:\/\/catalogue.hishtil.com\/cs\/wp-json\/wp\/v2\/product"}],"about":[{"href":"https:\/\/catalogue.hishtil.com\/cs\/wp-json\/wp\/v2\/types\/product"}],"replies":[{"embeddable":true,"href":"https:\/\/catalogue.hishtil.com\/cs\/wp-json\/wp\/v2\/comments?post=3555"}],"wp:featuredmedia":[{"embeddable":true,"href":"https:\/\/catalogue.hishtil.com\/cs\/wp-json\/wp\/v2\/media\/1441"}],"wp:attachment":[{"href":"https:\/\/catalogue.hishtil.com\/cs\/wp-json\/wp\/v2\/media?parent=3555"}],"wp:term":[{"taxonomy":"product_brand","embeddable":true,"href":"https:\/\/catalogue.hishtil.com\/cs\/wp-json\/wp\/v2\/product_brand?post=3555"},{"taxonomy":"product_cat","embeddable":true,"href":"https:\/\/catalogue.hishtil.com\/cs\/wp-json\/wp\/v2\/product_cat?post=3555"},{"taxonomy":"product_tag","embeddable":true,"href":"https:\/\/catalogue.hishtil.com\/cs\/wp-json\/wp\/v2\/product_tag?post=3555"},{"taxonomy":"brands","embeddable":true,"href":"https:\/\/catalogue.hishtil.com\/cs\/wp-json\/wp\/v2\/brands?post=3555"},{"taxonomy":"labels","embeddable":true,"href":"https:\/\/catalogue.hishtil.com\/cs\/wp-json\/wp\/v2\/labels?post=3555"}],"curies":[{"name":"wp","href":"https:\/\/api.w.org\/{rel}","templated":true}]}}