{"id":4628,"date":"2025-01-20T11:43:07","date_gmt":"2025-01-20T11:43:07","guid":{"rendered":"https:\/\/catalogue.hishtil.com\/product\/exceptional-tm-white\/"},"modified":"2025-11-21T07:26:36","modified_gmt":"2025-11-21T07:26:36","slug":"exceptional-tm-white","status":"publish","type":"product","link":"https:\/\/catalogue.hishtil.com\/cs\/produkt\/exceptional-tm-white\/","title":{"rendered":"Exceptional &#8218;<sup>TM<\/sup>"},"content":{"rendered":"<p>Lavandula x intermedia &#8218;Exceptional,&#8216; v\u00edt\u011bz ceny 2023 Chelsea Award, je robustn\u00ed hybrid vyzna\u010duj\u00edc\u00ed se vitalitou, odolnost\u00ed a velkou toleranc\u00ed k suchu a horku. Tato odr\u016fda vytv\u00e1\u0159\u00ed dob\u0159e v\u011btvenou rostlinu, velmi dlouho kvete a po cel\u00fd rok zaujme sv\u00fdm z\u00e1\u0159iv\u011b st\u0159\u00edbrn\u00fdm olist\u011bn\u00edm. \u0160irok\u00e9 a siln\u00e9 listy se kr\u00e1sn\u011b dopl\u0148uj\u00ed s velk\u00fdmi a pevn\u00fdmi kv\u011btenstv\u00edmi, zakon\u010den\u00fdmi b\u00edl\u00fdmi kv\u011bty atraktivn\u00edmi pro opylova\u010de. Se sv\u00fdm siln\u00fdm ko\u0159enov\u00fdm syst\u00e9mem a  vysokou toleranc\u00ed k listov\u00fdm i ko\u0159enov\u00fdm chorob\u00e1m zaujme ka\u017ed\u00e9ho p\u011bstitele. Je to unik\u00e1tn\u00ed a snadno p\u011bstovateln\u00e1 levandule, vhodn\u00e1 do kombinac\u00ed s Lavandula x intermedia &#8218;Phenomenal&#8216;.<\/p>\n","protected":false},"excerpt":{"rendered":"<p>Lavandula x intermedia &#8218;Exceptional,&#8216; v\u00edt\u011bz ceny 2023 Chelsea Award, je robustn\u00ed hybrid vyzna\u010duj\u00edc\u00ed se vitalitou, odolnost\u00ed a velkou toleranc\u00ed k suchu a horku. Tato odr\u016fda vytv\u00e1\u0159\u00ed dob\u0159e v\u011btvenou rostlinu, velmi dlouho kvete a po cel\u00fd rok zaujme sv\u00fdm z\u00e1\u0159iv\u011b st\u0159\u00edbrn\u00fdm olist\u011bn\u00edm. \u0160irok\u00e9 a siln\u00e9 listy se kr\u00e1sn\u011b dopl\u0148uj\u00ed s velk\u00fdmi a pevn\u00fdmi kv\u011btenstv\u00edmi, zakon\u010den\u00fdmi b\u00edl\u00fdmi [&hellip;]<\/p>\n","protected":false},"featured_media":4343,"comment_status":"open","ping_status":"closed","template":"","meta":{"_acf_changed":false},"product_brand":[],"product_cat":[1240,1224,1055,1250,1221],"product_tag":[],"brands":[1185,1210,1007,1008,1038],"labels":[1217],"class_list":{"0":"post-4628","1":"product","2":"type-product","3":"status-publish","4":"has-post-thumbnail","6":"product_cat-bylinky","7":"product_cat-intermedia-ostatni","8":"product_cat-intermedia-others","9":"product_cat-intermedia-others-1","10":"product_cat-lavandula","11":"brands-extracts","12":"brands-extrakty","13":"brands-novinky-3","14":"brands-pratelske-opylovacum-3","15":"brands-pro-opylovace","16":"labels-new-1","18":"first","19":"instock","20":"shipping-taxable","21":"product-type-simple"},"acf":[],"yoast_head":"<!-- This site is optimized with the Yoast SEO plugin v27.4 - https:\/\/yoast.com\/product\/yoast-seo-wordpress\/ -->\n<title>Exceptional &#039;TM - Hishtil Catalogue<\/title>\n<meta name=\"robots\" content=\"index, follow, max-snippet:-1, max-image-preview:large, max-video-preview:-1\" \/>\n<link rel=\"canonical\" href=\"https:\/\/catalogue.hishtil.com\/cs\/produkt\/exceptional-tm-white\/\" \/>\n<meta property=\"og:locale\" content=\"cs_CZ\" \/>\n<meta property=\"og:type\" content=\"article\" \/>\n<meta property=\"og:title\" content=\"Exceptional &#039;TM - Hishtil Catalogue\" \/>\n<meta property=\"og:description\" content=\"Lavandula x intermedia &#8218;Exceptional,&#8216; v\u00edt\u011bz ceny 2023 Chelsea Award, je robustn\u00ed hybrid vyzna\u010duj\u00edc\u00ed se vitalitou, odolnost\u00ed a velkou toleranc\u00ed k suchu a horku. Tato odr\u016fda vytv\u00e1\u0159\u00ed dob\u0159e v\u011btvenou rostlinu, velmi dlouho kvete a po cel\u00fd rok zaujme sv\u00fdm z\u00e1\u0159iv\u011b st\u0159\u00edbrn\u00fdm olist\u011bn\u00edm. \u0160irok\u00e9 a siln\u00e9 listy se kr\u00e1sn\u011b dopl\u0148uj\u00ed s velk\u00fdmi a pevn\u00fdmi kv\u011btenstv\u00edmi, zakon\u010den\u00fdmi b\u00edl\u00fdmi [&hellip;]\" \/>\n<meta property=\"og:url\" content=\"https:\/\/catalogue.hishtil.com\/cs\/produkt\/exceptional-tm-white\/\" \/>\n<meta property=\"og:site_name\" content=\"Hishtil Catalogue\" \/>\n<meta property=\"article:modified_time\" content=\"2025-11-21T07:26:36+00:00\" \/>\n<meta property=\"og:image\" content=\"https:\/\/catalogue.hishtil.com\/wp-content\/uploads\/2024\/11\/Lavendula-Exceptional_wanna-be-isolated-1024x985.png\" \/>\n\t<meta property=\"og:image:width\" content=\"1024\" \/>\n\t<meta property=\"og:image:height\" content=\"985\" \/>\n\t<meta property=\"og:image:type\" content=\"image\/png\" \/>\n<meta name=\"twitter:card\" content=\"summary_large_image\" \/>\n<meta name=\"twitter:label1\" content=\"Odhadovan\u00e1 doba \u010dten\u00ed\" \/>\n\t<meta name=\"twitter:data1\" content=\"1 minuta\" \/>\n<script type=\"application\/ld+json\" class=\"yoast-schema-graph\">{\"@context\":\"https:\\\/\\\/schema.org\",\"@graph\":[{\"@type\":\"WebPage\",\"@id\":\"https:\\\/\\\/catalogue.hishtil.com\\\/cs\\\/produkt\\\/exceptional-tm-white\\\/\",\"url\":\"https:\\\/\\\/catalogue.hishtil.com\\\/cs\\\/produkt\\\/exceptional-tm-white\\\/\",\"name\":\"Exceptional 'TM - Hishtil Catalogue\",\"isPartOf\":{\"@id\":\"https:\\\/\\\/catalogue.hishtil.com\\\/cs\\\/#website\"},\"primaryImageOfPage\":{\"@id\":\"https:\\\/\\\/catalogue.hishtil.com\\\/cs\\\/produkt\\\/exceptional-tm-white\\\/#primaryimage\"},\"image\":{\"@id\":\"https:\\\/\\\/catalogue.hishtil.com\\\/cs\\\/produkt\\\/exceptional-tm-white\\\/#primaryimage\"},\"thumbnailUrl\":\"https:\\\/\\\/catalogue.hishtil.com\\\/wp-content\\\/uploads\\\/2024\\\/11\\\/Lavendula-Exceptional_wanna-be-isolated.png\",\"datePublished\":\"2025-01-20T11:43:07+00:00\",\"dateModified\":\"2025-11-21T07:26:36+00:00\",\"breadcrumb\":{\"@id\":\"https:\\\/\\\/catalogue.hishtil.com\\\/cs\\\/produkt\\\/exceptional-tm-white\\\/#breadcrumb\"},\"inLanguage\":\"cs\",\"potentialAction\":[{\"@type\":\"ReadAction\",\"target\":[\"https:\\\/\\\/catalogue.hishtil.com\\\/cs\\\/produkt\\\/exceptional-tm-white\\\/\"]}]},{\"@type\":\"ImageObject\",\"inLanguage\":\"cs\",\"@id\":\"https:\\\/\\\/catalogue.hishtil.com\\\/cs\\\/produkt\\\/exceptional-tm-white\\\/#primaryimage\",\"url\":\"https:\\\/\\\/catalogue.hishtil.com\\\/wp-content\\\/uploads\\\/2024\\\/11\\\/Lavendula-Exceptional_wanna-be-isolated.png\",\"contentUrl\":\"https:\\\/\\\/catalogue.hishtil.com\\\/wp-content\\\/uploads\\\/2024\\\/11\\\/Lavendula-Exceptional_wanna-be-isolated.png\",\"width\":4165,\"height\":4006},{\"@type\":\"BreadcrumbList\",\"@id\":\"https:\\\/\\\/catalogue.hishtil.com\\\/cs\\\/produkt\\\/exceptional-tm-white\\\/#breadcrumb\",\"itemListElement\":[{\"@type\":\"ListItem\",\"position\":1,\"name\":\"Home\",\"item\":\"https:\\\/\\\/catalogue.hishtil.com\\\/cs\\\/\"},{\"@type\":\"ListItem\",\"position\":2,\"name\":\"Products\",\"item\":\"https:\\\/\\\/catalogue.hishtil.com\\\/cs\\\/products\\\/\"},{\"@type\":\"ListItem\",\"position\":3,\"name\":\"Exceptional &#8218;TM\"}]},{\"@type\":\"WebSite\",\"@id\":\"https:\\\/\\\/catalogue.hishtil.com\\\/cs\\\/#website\",\"url\":\"https:\\\/\\\/catalogue.hishtil.com\\\/cs\\\/\",\"name\":\"Hishtil Catalogue\",\"description\":\"A leading plant - Nursery Company\",\"potentialAction\":[{\"@type\":\"SearchAction\",\"target\":{\"@type\":\"EntryPoint\",\"urlTemplate\":\"https:\\\/\\\/catalogue.hishtil.com\\\/cs\\\/?s={search_term_string}\"},\"query-input\":{\"@type\":\"PropertyValueSpecification\",\"valueRequired\":true,\"valueName\":\"search_term_string\"}}],\"inLanguage\":\"cs\"}]}<\/script>\n<!-- \/ Yoast SEO plugin. -->","yoast_head_json":{"title":"Exceptional 'TM - Hishtil Catalogue","robots":{"index":"index","follow":"follow","max-snippet":"max-snippet:-1","max-image-preview":"max-image-preview:large","max-video-preview":"max-video-preview:-1"},"canonical":"https:\/\/catalogue.hishtil.com\/cs\/produkt\/exceptional-tm-white\/","og_locale":"cs_CZ","og_type":"article","og_title":"Exceptional 'TM - Hishtil Catalogue","og_description":"Lavandula x intermedia &#8218;Exceptional,&#8216; v\u00edt\u011bz ceny 2023 Chelsea Award, je robustn\u00ed hybrid vyzna\u010duj\u00edc\u00ed se vitalitou, odolnost\u00ed a velkou toleranc\u00ed k suchu a horku. Tato odr\u016fda vytv\u00e1\u0159\u00ed dob\u0159e v\u011btvenou rostlinu, velmi dlouho kvete a po cel\u00fd rok zaujme sv\u00fdm z\u00e1\u0159iv\u011b st\u0159\u00edbrn\u00fdm olist\u011bn\u00edm. \u0160irok\u00e9 a siln\u00e9 listy se kr\u00e1sn\u011b dopl\u0148uj\u00ed s velk\u00fdmi a pevn\u00fdmi kv\u011btenstv\u00edmi, zakon\u010den\u00fdmi b\u00edl\u00fdmi [&hellip;]","og_url":"https:\/\/catalogue.hishtil.com\/cs\/produkt\/exceptional-tm-white\/","og_site_name":"Hishtil Catalogue","article_modified_time":"2025-11-21T07:26:36+00:00","og_image":[{"width":1024,"height":985,"url":"https:\/\/catalogue.hishtil.com\/wp-content\/uploads\/2024\/11\/Lavendula-Exceptional_wanna-be-isolated-1024x985.png","type":"image\/png"}],"twitter_card":"summary_large_image","twitter_misc":{"Odhadovan\u00e1 doba \u010dten\u00ed":"1 minuta"},"schema":{"@context":"https:\/\/schema.org","@graph":[{"@type":"WebPage","@id":"https:\/\/catalogue.hishtil.com\/cs\/produkt\/exceptional-tm-white\/","url":"https:\/\/catalogue.hishtil.com\/cs\/produkt\/exceptional-tm-white\/","name":"Exceptional 'TM - Hishtil Catalogue","isPartOf":{"@id":"https:\/\/catalogue.hishtil.com\/cs\/#website"},"primaryImageOfPage":{"@id":"https:\/\/catalogue.hishtil.com\/cs\/produkt\/exceptional-tm-white\/#primaryimage"},"image":{"@id":"https:\/\/catalogue.hishtil.com\/cs\/produkt\/exceptional-tm-white\/#primaryimage"},"thumbnailUrl":"https:\/\/catalogue.hishtil.com\/wp-content\/uploads\/2024\/11\/Lavendula-Exceptional_wanna-be-isolated.png","datePublished":"2025-01-20T11:43:07+00:00","dateModified":"2025-11-21T07:26:36+00:00","breadcrumb":{"@id":"https:\/\/catalogue.hishtil.com\/cs\/produkt\/exceptional-tm-white\/#breadcrumb"},"inLanguage":"cs","potentialAction":[{"@type":"ReadAction","target":["https:\/\/catalogue.hishtil.com\/cs\/produkt\/exceptional-tm-white\/"]}]},{"@type":"ImageObject","inLanguage":"cs","@id":"https:\/\/catalogue.hishtil.com\/cs\/produkt\/exceptional-tm-white\/#primaryimage","url":"https:\/\/catalogue.hishtil.com\/wp-content\/uploads\/2024\/11\/Lavendula-Exceptional_wanna-be-isolated.png","contentUrl":"https:\/\/catalogue.hishtil.com\/wp-content\/uploads\/2024\/11\/Lavendula-Exceptional_wanna-be-isolated.png","width":4165,"height":4006},{"@type":"BreadcrumbList","@id":"https:\/\/catalogue.hishtil.com\/cs\/produkt\/exceptional-tm-white\/#breadcrumb","itemListElement":[{"@type":"ListItem","position":1,"name":"Home","item":"https:\/\/catalogue.hishtil.com\/cs\/"},{"@type":"ListItem","position":2,"name":"Products","item":"https:\/\/catalogue.hishtil.com\/cs\/products\/"},{"@type":"ListItem","position":3,"name":"Exceptional &#8218;TM"}]},{"@type":"WebSite","@id":"https:\/\/catalogue.hishtil.com\/cs\/#website","url":"https:\/\/catalogue.hishtil.com\/cs\/","name":"Hishtil Catalogue","description":"A leading plant - Nursery Company","potentialAction":[{"@type":"SearchAction","target":{"@type":"EntryPoint","urlTemplate":"https:\/\/catalogue.hishtil.com\/cs\/?s={search_term_string}"},"query-input":{"@type":"PropertyValueSpecification","valueRequired":true,"valueName":"search_term_string"}}],"inLanguage":"cs"}]}},"_links":{"self":[{"href":"https:\/\/catalogue.hishtil.com\/cs\/wp-json\/wp\/v2\/product\/4628","targetHints":{"allow":["GET"]}}],"collection":[{"href":"https:\/\/catalogue.hishtil.com\/cs\/wp-json\/wp\/v2\/product"}],"about":[{"href":"https:\/\/catalogue.hishtil.com\/cs\/wp-json\/wp\/v2\/types\/product"}],"replies":[{"embeddable":true,"href":"https:\/\/catalogue.hishtil.com\/cs\/wp-json\/wp\/v2\/comments?post=4628"}],"wp:featuredmedia":[{"embeddable":true,"href":"https:\/\/catalogue.hishtil.com\/cs\/wp-json\/wp\/v2\/media\/4343"}],"wp:attachment":[{"href":"https:\/\/catalogue.hishtil.com\/cs\/wp-json\/wp\/v2\/media?parent=4628"}],"wp:term":[{"taxonomy":"product_brand","embeddable":true,"href":"https:\/\/catalogue.hishtil.com\/cs\/wp-json\/wp\/v2\/product_brand?post=4628"},{"taxonomy":"product_cat","embeddable":true,"href":"https:\/\/catalogue.hishtil.com\/cs\/wp-json\/wp\/v2\/product_cat?post=4628"},{"taxonomy":"product_tag","embeddable":true,"href":"https:\/\/catalogue.hishtil.com\/cs\/wp-json\/wp\/v2\/product_tag?post=4628"},{"taxonomy":"brands","embeddable":true,"href":"https:\/\/catalogue.hishtil.com\/cs\/wp-json\/wp\/v2\/brands?post=4628"},{"taxonomy":"labels","embeddable":true,"href":"https:\/\/catalogue.hishtil.com\/cs\/wp-json\/wp\/v2\/labels?post=4628"}],"curies":[{"name":"wp","href":"https:\/\/api.w.org\/{rel}","templated":true}]}}