{"id":4630,"date":"2025-01-20T11:43:12","date_gmt":"2025-01-20T11:43:12","guid":{"rendered":"https:\/\/catalogue.hishtil.com\/product\/ovalvet-p\/"},"modified":"2025-11-21T07:26:40","modified_gmt":"2025-11-21T07:26:40","slug":"ovalvet-p","status":"publish","type":"product","link":"https:\/\/catalogue.hishtil.com\/cs\/produkt\/ovalvet-p\/","title":{"rendered":"Ovalvet&#8216; <sup>P<\/sup>"},"content":{"rendered":"<p>Salvia officinalis &#8218;Ovalvet&#8216; je unik\u00e1tn\u00ed odr\u016fda \u0161alv\u011bje oce\u0148ovan\u00e9 pro svoji sladkou v\u016fni a kulat\u00e9, sametov\u011b st\u0159\u00edbrn\u011bzelen\u00e9 listy. &#8218;Ovalvet&#8216; m\u00e1 velkou toleranci k padl\u00ed. \u0160alv\u011bj je st\u00e1lezelen\u00e1 trvalka ke\u0159\u00ed\u010dkovit\u00e9ho vzr\u016fstu s d\u0159evit\u00fdmi stonky, jej\u00ed l\u00e9\u010debn\u00e9 \u00fa\u010dinky a kulin\u00e1\u0159sk\u00e9 pou\u017eit\u00ed jsou zn\u00e1my u\u017e od starov\u011bku. &#8218;Ovalvet&#8216; nab\u00edz\u00ed nejvy\u0161\u0161\u00ed p\u0159\u00edrodn\u00ed kvalitu, kombinuje kr\u00e1sn\u00fd vzhled a u\u017eitkovost.<\/p>\n","protected":false},"excerpt":{"rendered":"<p>Salvia officinalis &#8218;Ovalvet&#8216; je unik\u00e1tn\u00ed odr\u016fda \u0161alv\u011bje oce\u0148ovan\u00e9 pro svoji sladkou v\u016fni a kulat\u00e9, sametov\u011b st\u0159\u00edbrn\u011bzelen\u00e9 listy. &#8218;Ovalvet&#8216; m\u00e1 velkou toleranci k padl\u00ed. \u0160alv\u011bj je st\u00e1lezelen\u00e1 trvalka ke\u0159\u00ed\u010dkovit\u00e9ho vzr\u016fstu s d\u0159evit\u00fdmi stonky, jej\u00ed l\u00e9\u010debn\u00e9 \u00fa\u010dinky a kulin\u00e1\u0159sk\u00e9 pou\u017eit\u00ed jsou zn\u00e1my u\u017e od starov\u011bku. &#8218;Ovalvet&#8216; nab\u00edz\u00ed nejvy\u0161\u0161\u00ed p\u0159\u00edrodn\u00ed kvalitu, kombinuje kr\u00e1sn\u00fd vzhled a u\u017eitkovost.<\/p>\n","protected":false},"featured_media":4324,"comment_status":"open","ping_status":"closed","template":"","meta":{"_acf_changed":false},"product_brand":[],"product_cat":[1240,1229],"product_tag":[],"brands":[1210,1007,1004],"labels":[1217],"class_list":{"0":"post-4630","1":"product","2":"type-product","3":"status-publish","4":"has-post-thumbnail","6":"product_cat-bylinky","7":"product_cat-salvia","8":"brands-extrakty","9":"brands-novinky-3","10":"brands-x-hishtil-2","11":"labels-new-1","13":"first","14":"instock","15":"shipping-taxable","16":"product-type-simple"},"acf":[],"yoast_head":"<!-- This site is optimized with the Yoast SEO plugin v27.3 - https:\/\/yoast.com\/product\/yoast-seo-wordpress\/ -->\n<title>Ovalvet&#039; P - Hishtil Catalogue<\/title>\n<meta name=\"robots\" content=\"index, follow, max-snippet:-1, max-image-preview:large, max-video-preview:-1\" \/>\n<link rel=\"canonical\" href=\"https:\/\/catalogue.hishtil.com\/cs\/produkt\/ovalvet-p\/\" \/>\n<meta property=\"og:locale\" content=\"cs_CZ\" \/>\n<meta property=\"og:type\" content=\"article\" \/>\n<meta property=\"og:title\" content=\"Ovalvet&#039; P - Hishtil Catalogue\" \/>\n<meta property=\"og:description\" content=\"Salvia officinalis &#8218;Ovalvet&#8216; je unik\u00e1tn\u00ed odr\u016fda \u0161alv\u011bje oce\u0148ovan\u00e9 pro svoji sladkou v\u016fni a kulat\u00e9, sametov\u011b st\u0159\u00edbrn\u011bzelen\u00e9 listy. &#8218;Ovalvet&#8216; m\u00e1 velkou toleranci k padl\u00ed. \u0160alv\u011bj je st\u00e1lezelen\u00e1 trvalka ke\u0159\u00ed\u010dkovit\u00e9ho vzr\u016fstu s d\u0159evit\u00fdmi stonky, jej\u00ed l\u00e9\u010debn\u00e9 \u00fa\u010dinky a kulin\u00e1\u0159sk\u00e9 pou\u017eit\u00ed jsou zn\u00e1my u\u017e od starov\u011bku. &#8218;Ovalvet&#8216; nab\u00edz\u00ed nejvy\u0161\u0161\u00ed p\u0159\u00edrodn\u00ed kvalitu, kombinuje kr\u00e1sn\u00fd vzhled a u\u017eitkovost.\" \/>\n<meta property=\"og:url\" content=\"https:\/\/catalogue.hishtil.com\/cs\/produkt\/ovalvet-p\/\" \/>\n<meta property=\"og:site_name\" content=\"Hishtil Catalogue\" \/>\n<meta property=\"article:modified_time\" content=\"2025-11-21T07:26:40+00:00\" \/>\n<meta property=\"og:image\" content=\"https:\/\/catalogue.hishtil.com\/wp-content\/uploads\/2024\/11\/Ovalvet.png\" \/>\n\t<meta property=\"og:image:width\" content=\"625\" \/>\n\t<meta property=\"og:image:height\" content=\"780\" \/>\n\t<meta property=\"og:image:type\" content=\"image\/png\" \/>\n<meta name=\"twitter:card\" content=\"summary_large_image\" \/>\n<meta name=\"twitter:label1\" content=\"Odhadovan\u00e1 doba \u010dten\u00ed\" \/>\n\t<meta name=\"twitter:data1\" content=\"1 minuta\" \/>\n<script type=\"application\/ld+json\" class=\"yoast-schema-graph\">{\"@context\":\"https:\\\/\\\/schema.org\",\"@graph\":[{\"@type\":\"WebPage\",\"@id\":\"https:\\\/\\\/catalogue.hishtil.com\\\/cs\\\/produkt\\\/ovalvet-p\\\/\",\"url\":\"https:\\\/\\\/catalogue.hishtil.com\\\/cs\\\/produkt\\\/ovalvet-p\\\/\",\"name\":\"Ovalvet' P - Hishtil Catalogue\",\"isPartOf\":{\"@id\":\"https:\\\/\\\/catalogue.hishtil.com\\\/cs\\\/#website\"},\"primaryImageOfPage\":{\"@id\":\"https:\\\/\\\/catalogue.hishtil.com\\\/cs\\\/produkt\\\/ovalvet-p\\\/#primaryimage\"},\"image\":{\"@id\":\"https:\\\/\\\/catalogue.hishtil.com\\\/cs\\\/produkt\\\/ovalvet-p\\\/#primaryimage\"},\"thumbnailUrl\":\"https:\\\/\\\/catalogue.hishtil.com\\\/wp-content\\\/uploads\\\/2024\\\/11\\\/Ovalvet.png\",\"datePublished\":\"2025-01-20T11:43:12+00:00\",\"dateModified\":\"2025-11-21T07:26:40+00:00\",\"breadcrumb\":{\"@id\":\"https:\\\/\\\/catalogue.hishtil.com\\\/cs\\\/produkt\\\/ovalvet-p\\\/#breadcrumb\"},\"inLanguage\":\"cs\",\"potentialAction\":[{\"@type\":\"ReadAction\",\"target\":[\"https:\\\/\\\/catalogue.hishtil.com\\\/cs\\\/produkt\\\/ovalvet-p\\\/\"]}]},{\"@type\":\"ImageObject\",\"inLanguage\":\"cs\",\"@id\":\"https:\\\/\\\/catalogue.hishtil.com\\\/cs\\\/produkt\\\/ovalvet-p\\\/#primaryimage\",\"url\":\"https:\\\/\\\/catalogue.hishtil.com\\\/wp-content\\\/uploads\\\/2024\\\/11\\\/Ovalvet.png\",\"contentUrl\":\"https:\\\/\\\/catalogue.hishtil.com\\\/wp-content\\\/uploads\\\/2024\\\/11\\\/Ovalvet.png\",\"width\":625,\"height\":780},{\"@type\":\"BreadcrumbList\",\"@id\":\"https:\\\/\\\/catalogue.hishtil.com\\\/cs\\\/produkt\\\/ovalvet-p\\\/#breadcrumb\",\"itemListElement\":[{\"@type\":\"ListItem\",\"position\":1,\"name\":\"Home\",\"item\":\"https:\\\/\\\/catalogue.hishtil.com\\\/cs\\\/\"},{\"@type\":\"ListItem\",\"position\":2,\"name\":\"Products\",\"item\":\"https:\\\/\\\/catalogue.hishtil.com\\\/cs\\\/products\\\/\"},{\"@type\":\"ListItem\",\"position\":3,\"name\":\"Ovalvet&#8216; P\"}]},{\"@type\":\"WebSite\",\"@id\":\"https:\\\/\\\/catalogue.hishtil.com\\\/cs\\\/#website\",\"url\":\"https:\\\/\\\/catalogue.hishtil.com\\\/cs\\\/\",\"name\":\"Hishtil Catalogue\",\"description\":\"A leading plant - Nursery Company\",\"potentialAction\":[{\"@type\":\"SearchAction\",\"target\":{\"@type\":\"EntryPoint\",\"urlTemplate\":\"https:\\\/\\\/catalogue.hishtil.com\\\/cs\\\/?s={search_term_string}\"},\"query-input\":{\"@type\":\"PropertyValueSpecification\",\"valueRequired\":true,\"valueName\":\"search_term_string\"}}],\"inLanguage\":\"cs\"}]}<\/script>\n<!-- \/ Yoast SEO plugin. -->","yoast_head_json":{"title":"Ovalvet' P - Hishtil Catalogue","robots":{"index":"index","follow":"follow","max-snippet":"max-snippet:-1","max-image-preview":"max-image-preview:large","max-video-preview":"max-video-preview:-1"},"canonical":"https:\/\/catalogue.hishtil.com\/cs\/produkt\/ovalvet-p\/","og_locale":"cs_CZ","og_type":"article","og_title":"Ovalvet' P - Hishtil Catalogue","og_description":"Salvia officinalis &#8218;Ovalvet&#8216; je unik\u00e1tn\u00ed odr\u016fda \u0161alv\u011bje oce\u0148ovan\u00e9 pro svoji sladkou v\u016fni a kulat\u00e9, sametov\u011b st\u0159\u00edbrn\u011bzelen\u00e9 listy. &#8218;Ovalvet&#8216; m\u00e1 velkou toleranci k padl\u00ed. \u0160alv\u011bj je st\u00e1lezelen\u00e1 trvalka ke\u0159\u00ed\u010dkovit\u00e9ho vzr\u016fstu s d\u0159evit\u00fdmi stonky, jej\u00ed l\u00e9\u010debn\u00e9 \u00fa\u010dinky a kulin\u00e1\u0159sk\u00e9 pou\u017eit\u00ed jsou zn\u00e1my u\u017e od starov\u011bku. &#8218;Ovalvet&#8216; nab\u00edz\u00ed nejvy\u0161\u0161\u00ed p\u0159\u00edrodn\u00ed kvalitu, kombinuje kr\u00e1sn\u00fd vzhled a u\u017eitkovost.","og_url":"https:\/\/catalogue.hishtil.com\/cs\/produkt\/ovalvet-p\/","og_site_name":"Hishtil Catalogue","article_modified_time":"2025-11-21T07:26:40+00:00","og_image":[{"width":625,"height":780,"url":"https:\/\/catalogue.hishtil.com\/wp-content\/uploads\/2024\/11\/Ovalvet.png","type":"image\/png"}],"twitter_card":"summary_large_image","twitter_misc":{"Odhadovan\u00e1 doba \u010dten\u00ed":"1 minuta"},"schema":{"@context":"https:\/\/schema.org","@graph":[{"@type":"WebPage","@id":"https:\/\/catalogue.hishtil.com\/cs\/produkt\/ovalvet-p\/","url":"https:\/\/catalogue.hishtil.com\/cs\/produkt\/ovalvet-p\/","name":"Ovalvet' P - Hishtil Catalogue","isPartOf":{"@id":"https:\/\/catalogue.hishtil.com\/cs\/#website"},"primaryImageOfPage":{"@id":"https:\/\/catalogue.hishtil.com\/cs\/produkt\/ovalvet-p\/#primaryimage"},"image":{"@id":"https:\/\/catalogue.hishtil.com\/cs\/produkt\/ovalvet-p\/#primaryimage"},"thumbnailUrl":"https:\/\/catalogue.hishtil.com\/wp-content\/uploads\/2024\/11\/Ovalvet.png","datePublished":"2025-01-20T11:43:12+00:00","dateModified":"2025-11-21T07:26:40+00:00","breadcrumb":{"@id":"https:\/\/catalogue.hishtil.com\/cs\/produkt\/ovalvet-p\/#breadcrumb"},"inLanguage":"cs","potentialAction":[{"@type":"ReadAction","target":["https:\/\/catalogue.hishtil.com\/cs\/produkt\/ovalvet-p\/"]}]},{"@type":"ImageObject","inLanguage":"cs","@id":"https:\/\/catalogue.hishtil.com\/cs\/produkt\/ovalvet-p\/#primaryimage","url":"https:\/\/catalogue.hishtil.com\/wp-content\/uploads\/2024\/11\/Ovalvet.png","contentUrl":"https:\/\/catalogue.hishtil.com\/wp-content\/uploads\/2024\/11\/Ovalvet.png","width":625,"height":780},{"@type":"BreadcrumbList","@id":"https:\/\/catalogue.hishtil.com\/cs\/produkt\/ovalvet-p\/#breadcrumb","itemListElement":[{"@type":"ListItem","position":1,"name":"Home","item":"https:\/\/catalogue.hishtil.com\/cs\/"},{"@type":"ListItem","position":2,"name":"Products","item":"https:\/\/catalogue.hishtil.com\/cs\/products\/"},{"@type":"ListItem","position":3,"name":"Ovalvet&#8216; P"}]},{"@type":"WebSite","@id":"https:\/\/catalogue.hishtil.com\/cs\/#website","url":"https:\/\/catalogue.hishtil.com\/cs\/","name":"Hishtil Catalogue","description":"A leading plant - Nursery Company","potentialAction":[{"@type":"SearchAction","target":{"@type":"EntryPoint","urlTemplate":"https:\/\/catalogue.hishtil.com\/cs\/?s={search_term_string}"},"query-input":{"@type":"PropertyValueSpecification","valueRequired":true,"valueName":"search_term_string"}}],"inLanguage":"cs"}]}},"_links":{"self":[{"href":"https:\/\/catalogue.hishtil.com\/cs\/wp-json\/wp\/v2\/product\/4630","targetHints":{"allow":["GET"]}}],"collection":[{"href":"https:\/\/catalogue.hishtil.com\/cs\/wp-json\/wp\/v2\/product"}],"about":[{"href":"https:\/\/catalogue.hishtil.com\/cs\/wp-json\/wp\/v2\/types\/product"}],"replies":[{"embeddable":true,"href":"https:\/\/catalogue.hishtil.com\/cs\/wp-json\/wp\/v2\/comments?post=4630"}],"wp:featuredmedia":[{"embeddable":true,"href":"https:\/\/catalogue.hishtil.com\/cs\/wp-json\/wp\/v2\/media\/4324"}],"wp:attachment":[{"href":"https:\/\/catalogue.hishtil.com\/cs\/wp-json\/wp\/v2\/media?parent=4630"}],"wp:term":[{"taxonomy":"product_brand","embeddable":true,"href":"https:\/\/catalogue.hishtil.com\/cs\/wp-json\/wp\/v2\/product_brand?post=4630"},{"taxonomy":"product_cat","embeddable":true,"href":"https:\/\/catalogue.hishtil.com\/cs\/wp-json\/wp\/v2\/product_cat?post=4630"},{"taxonomy":"product_tag","embeddable":true,"href":"https:\/\/catalogue.hishtil.com\/cs\/wp-json\/wp\/v2\/product_tag?post=4630"},{"taxonomy":"brands","embeddable":true,"href":"https:\/\/catalogue.hishtil.com\/cs\/wp-json\/wp\/v2\/brands?post=4630"},{"taxonomy":"labels","embeddable":true,"href":"https:\/\/catalogue.hishtil.com\/cs\/wp-json\/wp\/v2\/labels?post=4630"}],"curies":[{"name":"wp","href":"https:\/\/api.w.org\/{rel}","templated":true}]}}