{"id":4631,"date":"2024-11-25T09:29:28","date_gmt":"2025-01-20T11:43:14","guid":{"rendered":"https:\/\/catalogue.hishtil.com\/product\/gorizia\/"},"modified":"2025-03-27T08:50:52","modified_gmt":"2025-03-27T08:50:52","slug":"gorizia","status":"publish","type":"product","link":"https:\/\/catalogue.hishtil.com\/cs\/produkt\/gorizia\/","title":{"rendered":"Gorizia"},"content":{"rendered":"<p>Pozdrav z Gorizie, m\u011bste\u010dka v severov\u00fdchodn\u00ed It\u00e1lii. Rosmarinus officinalis &#8218;Gorizia&#8216; se vyzna\u010duje vzp\u0159\u00edmenou rostlinou, dlouh\u00fdmi a siln\u00fdmi listy a velk\u00fdmi, sv\u011btle modr\u00fdmi kv\u011bty. Dob\u0159e sn\u00e1\u0161\u00ed p\u0159\u00edm\u00e9 slunce a je velmi nen\u00e1ro\u010dn\u00e1 na \u00fadr\u017ebu, proto je obl\u00edben\u00e1 mezi p\u011bstiteli. D\u00edky sv\u00e9mu siln\u00e9mu aroma je rozmar\u00fdna &#8218;Gorizia&#8216; perfektn\u00ed pro p\u0159\u00edpravu marin\u00e1d a su\u0161en\u00e9ho ko\u0159en\u00ed, sv\u00fdm p\u011bkn\u00fdm vzhledem nav\u00edc ozdob\u00ed ka\u017edou zahradu. Z\u00e1\u0159iv\u00e9 kv\u011bty tak\u00e9 l\u00e1kaj\u00ed r\u016fzn\u00e9 opylova\u010de a t\u00edm obohacuj\u00ed va\u0161e \u017eivotn\u00ed prost\u0159ed\u00ed.<\/p>\n","protected":false},"excerpt":{"rendered":"<p>Pozdrav z Gorizie, m\u011bste\u010dka v severov\u00fdchodn\u00ed It\u00e1lii. Rosmarinus officinalis &#8218;Gorizia&#8216; se vyzna\u010duje vzp\u0159\u00edmenou rostlinou, dlouh\u00fdmi a siln\u00fdmi listy a velk\u00fdmi, sv\u011btle modr\u00fdmi kv\u011bty. Dob\u0159e sn\u00e1\u0161\u00ed p\u0159\u00edm\u00e9 slunce a je velmi nen\u00e1ro\u010dn\u00e1 na \u00fadr\u017ebu, proto je obl\u00edben\u00e1 mezi p\u011bstiteli. D\u00edky sv\u00e9mu siln\u00e9mu aroma je rozmar\u00fdna &#8218;Gorizia&#8216; perfektn\u00ed pro p\u0159\u00edpravu marin\u00e1d a su\u0161en\u00e9ho ko\u0159en\u00ed, sv\u00fdm p\u011bkn\u00fdm vzhledem [&hellip;]<\/p>\n","protected":false},"featured_media":4330,"comment_status":"open","ping_status":"closed","template":"","meta":{"_acf_changed":false},"product_brand":[],"product_cat":[1228],"product_tag":[],"brands":[1007],"labels":[1217],"class_list":{"0":"post-4631","1":"product","2":"type-product","3":"status-publish","4":"has-post-thumbnail","6":"product_cat-rosmarinus","7":"brands-novinky-3","8":"labels-new-1","10":"first","11":"instock","12":"shipping-taxable","13":"product-type-simple"},"acf":[],"yoast_head":"<!-- This site is optimized with the Yoast SEO plugin v26.6 - https:\/\/yoast.com\/wordpress\/plugins\/seo\/ -->\n<title>Gorizia - Hishtil Catalogue<\/title>\n<meta name=\"robots\" content=\"index, follow, max-snippet:-1, max-image-preview:large, max-video-preview:-1\" \/>\n<link rel=\"canonical\" href=\"https:\/\/catalogue.hishtil.com\/cs\/produkt\/gorizia\/\" \/>\n<meta property=\"og:locale\" content=\"cs_CZ\" \/>\n<meta property=\"og:type\" content=\"article\" \/>\n<meta property=\"og:title\" content=\"Gorizia - Hishtil Catalogue\" \/>\n<meta property=\"og:description\" content=\"Pozdrav z Gorizie, m\u011bste\u010dka v severov\u00fdchodn\u00ed It\u00e1lii. Rosmarinus officinalis &#8218;Gorizia&#8216; se vyzna\u010duje vzp\u0159\u00edmenou rostlinou, dlouh\u00fdmi a siln\u00fdmi listy a velk\u00fdmi, sv\u011btle modr\u00fdmi kv\u011bty. Dob\u0159e sn\u00e1\u0161\u00ed p\u0159\u00edm\u00e9 slunce a je velmi nen\u00e1ro\u010dn\u00e1 na \u00fadr\u017ebu, proto je obl\u00edben\u00e1 mezi p\u011bstiteli. D\u00edky sv\u00e9mu siln\u00e9mu aroma je rozmar\u00fdna &#8218;Gorizia&#8216; perfektn\u00ed pro p\u0159\u00edpravu marin\u00e1d a su\u0161en\u00e9ho ko\u0159en\u00ed, sv\u00fdm p\u011bkn\u00fdm vzhledem [&hellip;]\" \/>\n<meta property=\"og:url\" content=\"https:\/\/catalogue.hishtil.com\/cs\/produkt\/gorizia\/\" \/>\n<meta property=\"og:site_name\" content=\"Hishtil Catalogue\" \/>\n<meta property=\"article:modified_time\" content=\"2025-03-27T08:50:52+00:00\" \/>\n<meta property=\"og:image\" content=\"https:\/\/catalogue.hishtil.com\/wp-content\/uploads\/2024\/11\/Gorizia.png\" \/>\n\t<meta property=\"og:image:width\" content=\"625\" \/>\n\t<meta property=\"og:image:height\" content=\"780\" \/>\n\t<meta property=\"og:image:type\" content=\"image\/png\" \/>\n<meta name=\"twitter:card\" content=\"summary_large_image\" \/>\n<meta name=\"twitter:label1\" content=\"Odhadovan\u00e1 doba \u010dten\u00ed\" \/>\n\t<meta name=\"twitter:data1\" content=\"1 minuta\" \/>\n<script type=\"application\/ld+json\" class=\"yoast-schema-graph\">{\"@context\":\"https:\/\/schema.org\",\"@graph\":[{\"@type\":\"WebPage\",\"@id\":\"https:\/\/catalogue.hishtil.com\/cs\/produkt\/gorizia\/\",\"url\":\"https:\/\/catalogue.hishtil.com\/cs\/produkt\/gorizia\/\",\"name\":\"Gorizia - Hishtil Catalogue\",\"isPartOf\":{\"@id\":\"https:\/\/catalogue.hishtil.com\/cs\/#website\"},\"primaryImageOfPage\":{\"@id\":\"https:\/\/catalogue.hishtil.com\/cs\/produkt\/gorizia\/#primaryimage\"},\"image\":{\"@id\":\"https:\/\/catalogue.hishtil.com\/cs\/produkt\/gorizia\/#primaryimage\"},\"thumbnailUrl\":\"https:\/\/catalogue.hishtil.com\/wp-content\/uploads\/2024\/11\/Gorizia.png\",\"datePublished\":\"2025-01-20T11:43:14+00:00\",\"dateModified\":\"2025-03-27T08:50:52+00:00\",\"breadcrumb\":{\"@id\":\"https:\/\/catalogue.hishtil.com\/cs\/produkt\/gorizia\/#breadcrumb\"},\"inLanguage\":\"cs\",\"potentialAction\":[{\"@type\":\"ReadAction\",\"target\":[\"https:\/\/catalogue.hishtil.com\/cs\/produkt\/gorizia\/\"]}]},{\"@type\":\"ImageObject\",\"inLanguage\":\"cs\",\"@id\":\"https:\/\/catalogue.hishtil.com\/cs\/produkt\/gorizia\/#primaryimage\",\"url\":\"https:\/\/catalogue.hishtil.com\/wp-content\/uploads\/2024\/11\/Gorizia.png\",\"contentUrl\":\"https:\/\/catalogue.hishtil.com\/wp-content\/uploads\/2024\/11\/Gorizia.png\",\"width\":625,\"height\":780},{\"@type\":\"BreadcrumbList\",\"@id\":\"https:\/\/catalogue.hishtil.com\/cs\/produkt\/gorizia\/#breadcrumb\",\"itemListElement\":[{\"@type\":\"ListItem\",\"position\":1,\"name\":\"Home\",\"item\":\"https:\/\/catalogue.hishtil.com\/cs\/\"},{\"@type\":\"ListItem\",\"position\":2,\"name\":\"Products\",\"item\":\"https:\/\/catalogue.hishtil.com\/cs\/products\/\"},{\"@type\":\"ListItem\",\"position\":3,\"name\":\"Gorizia\"}]},{\"@type\":\"WebSite\",\"@id\":\"https:\/\/catalogue.hishtil.com\/cs\/#website\",\"url\":\"https:\/\/catalogue.hishtil.com\/cs\/\",\"name\":\"Hishtil Catalogue\",\"description\":\"A leading plant - Nursery Company\",\"potentialAction\":[{\"@type\":\"SearchAction\",\"target\":{\"@type\":\"EntryPoint\",\"urlTemplate\":\"https:\/\/catalogue.hishtil.com\/cs\/?s={search_term_string}\"},\"query-input\":{\"@type\":\"PropertyValueSpecification\",\"valueRequired\":true,\"valueName\":\"search_term_string\"}}],\"inLanguage\":\"cs\"}]}<\/script>\n<!-- \/ Yoast SEO plugin. -->","yoast_head_json":{"title":"Gorizia - Hishtil Catalogue","robots":{"index":"index","follow":"follow","max-snippet":"max-snippet:-1","max-image-preview":"max-image-preview:large","max-video-preview":"max-video-preview:-1"},"canonical":"https:\/\/catalogue.hishtil.com\/cs\/produkt\/gorizia\/","og_locale":"cs_CZ","og_type":"article","og_title":"Gorizia - Hishtil Catalogue","og_description":"Pozdrav z Gorizie, m\u011bste\u010dka v severov\u00fdchodn\u00ed It\u00e1lii. Rosmarinus officinalis &#8218;Gorizia&#8216; se vyzna\u010duje vzp\u0159\u00edmenou rostlinou, dlouh\u00fdmi a siln\u00fdmi listy a velk\u00fdmi, sv\u011btle modr\u00fdmi kv\u011bty. Dob\u0159e sn\u00e1\u0161\u00ed p\u0159\u00edm\u00e9 slunce a je velmi nen\u00e1ro\u010dn\u00e1 na \u00fadr\u017ebu, proto je obl\u00edben\u00e1 mezi p\u011bstiteli. D\u00edky sv\u00e9mu siln\u00e9mu aroma je rozmar\u00fdna &#8218;Gorizia&#8216; perfektn\u00ed pro p\u0159\u00edpravu marin\u00e1d a su\u0161en\u00e9ho ko\u0159en\u00ed, sv\u00fdm p\u011bkn\u00fdm vzhledem [&hellip;]","og_url":"https:\/\/catalogue.hishtil.com\/cs\/produkt\/gorizia\/","og_site_name":"Hishtil Catalogue","article_modified_time":"2025-03-27T08:50:52+00:00","og_image":[{"width":625,"height":780,"url":"https:\/\/catalogue.hishtil.com\/wp-content\/uploads\/2024\/11\/Gorizia.png","type":"image\/png"}],"twitter_card":"summary_large_image","twitter_misc":{"Odhadovan\u00e1 doba \u010dten\u00ed":"1 minuta"},"schema":{"@context":"https:\/\/schema.org","@graph":[{"@type":"WebPage","@id":"https:\/\/catalogue.hishtil.com\/cs\/produkt\/gorizia\/","url":"https:\/\/catalogue.hishtil.com\/cs\/produkt\/gorizia\/","name":"Gorizia - Hishtil Catalogue","isPartOf":{"@id":"https:\/\/catalogue.hishtil.com\/cs\/#website"},"primaryImageOfPage":{"@id":"https:\/\/catalogue.hishtil.com\/cs\/produkt\/gorizia\/#primaryimage"},"image":{"@id":"https:\/\/catalogue.hishtil.com\/cs\/produkt\/gorizia\/#primaryimage"},"thumbnailUrl":"https:\/\/catalogue.hishtil.com\/wp-content\/uploads\/2024\/11\/Gorizia.png","datePublished":"2025-01-20T11:43:14+00:00","dateModified":"2025-03-27T08:50:52+00:00","breadcrumb":{"@id":"https:\/\/catalogue.hishtil.com\/cs\/produkt\/gorizia\/#breadcrumb"},"inLanguage":"cs","potentialAction":[{"@type":"ReadAction","target":["https:\/\/catalogue.hishtil.com\/cs\/produkt\/gorizia\/"]}]},{"@type":"ImageObject","inLanguage":"cs","@id":"https:\/\/catalogue.hishtil.com\/cs\/produkt\/gorizia\/#primaryimage","url":"https:\/\/catalogue.hishtil.com\/wp-content\/uploads\/2024\/11\/Gorizia.png","contentUrl":"https:\/\/catalogue.hishtil.com\/wp-content\/uploads\/2024\/11\/Gorizia.png","width":625,"height":780},{"@type":"BreadcrumbList","@id":"https:\/\/catalogue.hishtil.com\/cs\/produkt\/gorizia\/#breadcrumb","itemListElement":[{"@type":"ListItem","position":1,"name":"Home","item":"https:\/\/catalogue.hishtil.com\/cs\/"},{"@type":"ListItem","position":2,"name":"Products","item":"https:\/\/catalogue.hishtil.com\/cs\/products\/"},{"@type":"ListItem","position":3,"name":"Gorizia"}]},{"@type":"WebSite","@id":"https:\/\/catalogue.hishtil.com\/cs\/#website","url":"https:\/\/catalogue.hishtil.com\/cs\/","name":"Hishtil Catalogue","description":"A leading plant - Nursery Company","potentialAction":[{"@type":"SearchAction","target":{"@type":"EntryPoint","urlTemplate":"https:\/\/catalogue.hishtil.com\/cs\/?s={search_term_string}"},"query-input":{"@type":"PropertyValueSpecification","valueRequired":true,"valueName":"search_term_string"}}],"inLanguage":"cs"}]}},"_links":{"self":[{"href":"https:\/\/catalogue.hishtil.com\/cs\/wp-json\/wp\/v2\/product\/4631","targetHints":{"allow":["GET"]}}],"collection":[{"href":"https:\/\/catalogue.hishtil.com\/cs\/wp-json\/wp\/v2\/product"}],"about":[{"href":"https:\/\/catalogue.hishtil.com\/cs\/wp-json\/wp\/v2\/types\/product"}],"replies":[{"embeddable":true,"href":"https:\/\/catalogue.hishtil.com\/cs\/wp-json\/wp\/v2\/comments?post=4631"}],"wp:featuredmedia":[{"embeddable":true,"href":"https:\/\/catalogue.hishtil.com\/cs\/wp-json\/wp\/v2\/media\/4330"}],"wp:attachment":[{"href":"https:\/\/catalogue.hishtil.com\/cs\/wp-json\/wp\/v2\/media?parent=4631"}],"wp:term":[{"taxonomy":"product_brand","embeddable":true,"href":"https:\/\/catalogue.hishtil.com\/cs\/wp-json\/wp\/v2\/product_brand?post=4631"},{"taxonomy":"product_cat","embeddable":true,"href":"https:\/\/catalogue.hishtil.com\/cs\/wp-json\/wp\/v2\/product_cat?post=4631"},{"taxonomy":"product_tag","embeddable":true,"href":"https:\/\/catalogue.hishtil.com\/cs\/wp-json\/wp\/v2\/product_tag?post=4631"},{"taxonomy":"brands","embeddable":true,"href":"https:\/\/catalogue.hishtil.com\/cs\/wp-json\/wp\/v2\/brands?post=4631"},{"taxonomy":"labels","embeddable":true,"href":"https:\/\/catalogue.hishtil.com\/cs\/wp-json\/wp\/v2\/labels?post=4631"}],"curies":[{"name":"wp","href":"https:\/\/api.w.org\/{rel}","templated":true}]}}