{"id":4781,"date":"2025-03-16T13:38:28","date_gmt":"2025-03-16T13:38:28","guid":{"rendered":"https:\/\/catalogue.hishtil.com\/product\/green-ginger\/"},"modified":"2026-04-29T06:43:51","modified_gmt":"2026-04-29T06:43:51","slug":"green-ginger","status":"publish","type":"product","link":"https:\/\/catalogue.hishtil.com\/cs\/produkt\/green-ginger\/","title":{"rendered":"&#8218;Green Ginger&#8216;"},"content":{"rendered":"<p>Mal\u00e9 tmav\u011b modr\u00e9 kv\u011bty. Kr\u00e1tk\u00e9, tmav\u011b zelen\u00e9, jehlicovit\u00e9 aromatick\u00e9 listy s v\u016fn\u00ed z\u00e1zvoru.<\/p>\n","protected":false},"excerpt":{"rendered":"<p>Mal\u00e9 tmav\u011b modr\u00e9 kv\u011bty. Kr\u00e1tk\u00e9, tmav\u011b zelen\u00e9, jehlicovit\u00e9 aromatick\u00e9 listy s v\u016fn\u00ed z\u00e1zvoru.<\/p>\n","protected":false},"featured_media":4762,"comment_status":"open","ping_status":"closed","template":"","meta":{"_acf_changed":false},"product_brand":[],"product_cat":[1240,1228],"product_tag":[],"brands":[1210],"labels":[],"class_list":{"0":"post-4781","1":"product","2":"type-product","3":"status-publish","4":"has-post-thumbnail","6":"product_cat-bylinky","7":"product_cat-rosmarinus","8":"brands-extrakty","10":"first","11":"instock","12":"shipping-taxable","13":"product-type-simple"},"acf":[],"yoast_head":"<!-- This site is optimized with the Yoast SEO plugin v27.5 - https:\/\/yoast.com\/product\/yoast-seo-wordpress\/ -->\n<title>&#039;Green Ginger&#039; - Hishtil Catalogue<\/title>\n<meta name=\"robots\" content=\"index, follow, max-snippet:-1, max-image-preview:large, max-video-preview:-1\" \/>\n<link rel=\"canonical\" href=\"https:\/\/catalogue.hishtil.com\/cs\/produkt\/green-ginger\/\" \/>\n<meta property=\"og:locale\" content=\"cs_CZ\" \/>\n<meta property=\"og:type\" content=\"article\" \/>\n<meta property=\"og:title\" content=\"&#039;Green Ginger&#039; - Hishtil Catalogue\" \/>\n<meta property=\"og:description\" content=\"Mal\u00e9 tmav\u011b modr\u00e9 kv\u011bty. Kr\u00e1tk\u00e9, tmav\u011b zelen\u00e9, jehlicovit\u00e9 aromatick\u00e9 listy s v\u016fn\u00ed z\u00e1zvoru.\" \/>\n<meta property=\"og:url\" content=\"https:\/\/catalogue.hishtil.com\/cs\/produkt\/green-ginger\/\" \/>\n<meta property=\"og:site_name\" content=\"Hishtil Catalogue\" \/>\n<meta property=\"article:modified_time\" content=\"2026-04-29T06:43:51+00:00\" \/>\n<meta property=\"og:image\" content=\"https:\/\/catalogue.hishtil.com\/wp-content\/uploads\/2025\/03\/Green-Ginger.png\" \/>\n\t<meta property=\"og:image:width\" content=\"625\" \/>\n\t<meta property=\"og:image:height\" content=\"780\" \/>\n\t<meta property=\"og:image:type\" content=\"image\/png\" \/>\n<meta name=\"twitter:card\" content=\"summary_large_image\" \/>\n<script type=\"application\/ld+json\" class=\"yoast-schema-graph\">{\"@context\":\"https:\\\/\\\/schema.org\",\"@graph\":[{\"@type\":\"WebPage\",\"@id\":\"https:\\\/\\\/catalogue.hishtil.com\\\/cs\\\/produkt\\\/green-ginger\\\/\",\"url\":\"https:\\\/\\\/catalogue.hishtil.com\\\/cs\\\/produkt\\\/green-ginger\\\/\",\"name\":\"'Green Ginger' - Hishtil Catalogue\",\"isPartOf\":{\"@id\":\"https:\\\/\\\/catalogue.hishtil.com\\\/cs\\\/#website\"},\"primaryImageOfPage\":{\"@id\":\"https:\\\/\\\/catalogue.hishtil.com\\\/cs\\\/produkt\\\/green-ginger\\\/#primaryimage\"},\"image\":{\"@id\":\"https:\\\/\\\/catalogue.hishtil.com\\\/cs\\\/produkt\\\/green-ginger\\\/#primaryimage\"},\"thumbnailUrl\":\"https:\\\/\\\/catalogue.hishtil.com\\\/wp-content\\\/uploads\\\/2025\\\/03\\\/Green-Ginger.png\",\"datePublished\":\"2025-03-16T13:38:28+00:00\",\"dateModified\":\"2026-04-29T06:43:51+00:00\",\"breadcrumb\":{\"@id\":\"https:\\\/\\\/catalogue.hishtil.com\\\/cs\\\/produkt\\\/green-ginger\\\/#breadcrumb\"},\"inLanguage\":\"cs\",\"potentialAction\":[{\"@type\":\"ReadAction\",\"target\":[\"https:\\\/\\\/catalogue.hishtil.com\\\/cs\\\/produkt\\\/green-ginger\\\/\"]}]},{\"@type\":\"ImageObject\",\"inLanguage\":\"cs\",\"@id\":\"https:\\\/\\\/catalogue.hishtil.com\\\/cs\\\/produkt\\\/green-ginger\\\/#primaryimage\",\"url\":\"https:\\\/\\\/catalogue.hishtil.com\\\/wp-content\\\/uploads\\\/2025\\\/03\\\/Green-Ginger.png\",\"contentUrl\":\"https:\\\/\\\/catalogue.hishtil.com\\\/wp-content\\\/uploads\\\/2025\\\/03\\\/Green-Ginger.png\",\"width\":625,\"height\":780},{\"@type\":\"BreadcrumbList\",\"@id\":\"https:\\\/\\\/catalogue.hishtil.com\\\/cs\\\/produkt\\\/green-ginger\\\/#breadcrumb\",\"itemListElement\":[{\"@type\":\"ListItem\",\"position\":1,\"name\":\"Home\",\"item\":\"https:\\\/\\\/catalogue.hishtil.com\\\/cs\\\/\"},{\"@type\":\"ListItem\",\"position\":2,\"name\":\"Products\",\"item\":\"https:\\\/\\\/catalogue.hishtil.com\\\/cs\\\/products\\\/\"},{\"@type\":\"ListItem\",\"position\":3,\"name\":\"&#8218;Green Ginger&#8216;\"}]},{\"@type\":\"WebSite\",\"@id\":\"https:\\\/\\\/catalogue.hishtil.com\\\/cs\\\/#website\",\"url\":\"https:\\\/\\\/catalogue.hishtil.com\\\/cs\\\/\",\"name\":\"Hishtil Catalogue\",\"description\":\"A leading plant - Nursery Company\",\"potentialAction\":[{\"@type\":\"SearchAction\",\"target\":{\"@type\":\"EntryPoint\",\"urlTemplate\":\"https:\\\/\\\/catalogue.hishtil.com\\\/cs\\\/?s={search_term_string}\"},\"query-input\":{\"@type\":\"PropertyValueSpecification\",\"valueRequired\":true,\"valueName\":\"search_term_string\"}}],\"inLanguage\":\"cs\"}]}<\/script>\n<!-- \/ Yoast SEO plugin. -->","yoast_head_json":{"title":"'Green Ginger' - Hishtil Catalogue","robots":{"index":"index","follow":"follow","max-snippet":"max-snippet:-1","max-image-preview":"max-image-preview:large","max-video-preview":"max-video-preview:-1"},"canonical":"https:\/\/catalogue.hishtil.com\/cs\/produkt\/green-ginger\/","og_locale":"cs_CZ","og_type":"article","og_title":"'Green Ginger' - Hishtil Catalogue","og_description":"Mal\u00e9 tmav\u011b modr\u00e9 kv\u011bty. Kr\u00e1tk\u00e9, tmav\u011b zelen\u00e9, jehlicovit\u00e9 aromatick\u00e9 listy s v\u016fn\u00ed z\u00e1zvoru.","og_url":"https:\/\/catalogue.hishtil.com\/cs\/produkt\/green-ginger\/","og_site_name":"Hishtil Catalogue","article_modified_time":"2026-04-29T06:43:51+00:00","og_image":[{"width":625,"height":780,"url":"https:\/\/catalogue.hishtil.com\/wp-content\/uploads\/2025\/03\/Green-Ginger.png","type":"image\/png"}],"twitter_card":"summary_large_image","schema":{"@context":"https:\/\/schema.org","@graph":[{"@type":"WebPage","@id":"https:\/\/catalogue.hishtil.com\/cs\/produkt\/green-ginger\/","url":"https:\/\/catalogue.hishtil.com\/cs\/produkt\/green-ginger\/","name":"'Green Ginger' - Hishtil Catalogue","isPartOf":{"@id":"https:\/\/catalogue.hishtil.com\/cs\/#website"},"primaryImageOfPage":{"@id":"https:\/\/catalogue.hishtil.com\/cs\/produkt\/green-ginger\/#primaryimage"},"image":{"@id":"https:\/\/catalogue.hishtil.com\/cs\/produkt\/green-ginger\/#primaryimage"},"thumbnailUrl":"https:\/\/catalogue.hishtil.com\/wp-content\/uploads\/2025\/03\/Green-Ginger.png","datePublished":"2025-03-16T13:38:28+00:00","dateModified":"2026-04-29T06:43:51+00:00","breadcrumb":{"@id":"https:\/\/catalogue.hishtil.com\/cs\/produkt\/green-ginger\/#breadcrumb"},"inLanguage":"cs","potentialAction":[{"@type":"ReadAction","target":["https:\/\/catalogue.hishtil.com\/cs\/produkt\/green-ginger\/"]}]},{"@type":"ImageObject","inLanguage":"cs","@id":"https:\/\/catalogue.hishtil.com\/cs\/produkt\/green-ginger\/#primaryimage","url":"https:\/\/catalogue.hishtil.com\/wp-content\/uploads\/2025\/03\/Green-Ginger.png","contentUrl":"https:\/\/catalogue.hishtil.com\/wp-content\/uploads\/2025\/03\/Green-Ginger.png","width":625,"height":780},{"@type":"BreadcrumbList","@id":"https:\/\/catalogue.hishtil.com\/cs\/produkt\/green-ginger\/#breadcrumb","itemListElement":[{"@type":"ListItem","position":1,"name":"Home","item":"https:\/\/catalogue.hishtil.com\/cs\/"},{"@type":"ListItem","position":2,"name":"Products","item":"https:\/\/catalogue.hishtil.com\/cs\/products\/"},{"@type":"ListItem","position":3,"name":"&#8218;Green Ginger&#8216;"}]},{"@type":"WebSite","@id":"https:\/\/catalogue.hishtil.com\/cs\/#website","url":"https:\/\/catalogue.hishtil.com\/cs\/","name":"Hishtil Catalogue","description":"A leading plant - Nursery Company","potentialAction":[{"@type":"SearchAction","target":{"@type":"EntryPoint","urlTemplate":"https:\/\/catalogue.hishtil.com\/cs\/?s={search_term_string}"},"query-input":{"@type":"PropertyValueSpecification","valueRequired":true,"valueName":"search_term_string"}}],"inLanguage":"cs"}]}},"_links":{"self":[{"href":"https:\/\/catalogue.hishtil.com\/cs\/wp-json\/wp\/v2\/product\/4781","targetHints":{"allow":["GET"]}}],"collection":[{"href":"https:\/\/catalogue.hishtil.com\/cs\/wp-json\/wp\/v2\/product"}],"about":[{"href":"https:\/\/catalogue.hishtil.com\/cs\/wp-json\/wp\/v2\/types\/product"}],"replies":[{"embeddable":true,"href":"https:\/\/catalogue.hishtil.com\/cs\/wp-json\/wp\/v2\/comments?post=4781"}],"wp:featuredmedia":[{"embeddable":true,"href":"https:\/\/catalogue.hishtil.com\/cs\/wp-json\/wp\/v2\/media\/4762"}],"wp:attachment":[{"href":"https:\/\/catalogue.hishtil.com\/cs\/wp-json\/wp\/v2\/media?parent=4781"}],"wp:term":[{"taxonomy":"product_brand","embeddable":true,"href":"https:\/\/catalogue.hishtil.com\/cs\/wp-json\/wp\/v2\/product_brand?post=4781"},{"taxonomy":"product_cat","embeddable":true,"href":"https:\/\/catalogue.hishtil.com\/cs\/wp-json\/wp\/v2\/product_cat?post=4781"},{"taxonomy":"product_tag","embeddable":true,"href":"https:\/\/catalogue.hishtil.com\/cs\/wp-json\/wp\/v2\/product_tag?post=4781"},{"taxonomy":"brands","embeddable":true,"href":"https:\/\/catalogue.hishtil.com\/cs\/wp-json\/wp\/v2\/brands?post=4781"},{"taxonomy":"labels","embeddable":true,"href":"https:\/\/catalogue.hishtil.com\/cs\/wp-json\/wp\/v2\/labels?post=4781"}],"curies":[{"name":"wp","href":"https:\/\/api.w.org\/{rel}","templated":true}]}}