{"id":5006,"date":"2025-10-08T13:00:03","date_gmt":"2025-10-08T13:00:03","guid":{"rendered":"https:\/\/catalogue.hishtil.com\/product\/zoreganop\/"},"modified":"2025-11-21T07:26:51","modified_gmt":"2025-11-21T07:26:51","slug":"zoreganop","status":"publish","type":"product","link":"https:\/\/catalogue.hishtil.com\/cs\/produkt\/zoreganop\/","title":{"rendered":"Zoregano&#8217;P"},"content":{"rendered":"<p>Odr\u016fda \u2018Zoregano\u2019 (Origanum vulgare) m\u00e1 dob\u0159e v\u011btv\u00edc\u00ed rostlinu s matn\u011b zelen\u00fdm olist\u011bn\u00edm, v\u00fdjime\u010dnou toleranci ke rzi i padl\u00ed a vysok\u00fd pod\u00edl \u00e9terick\u00fdch olej\u016f. Je ov\u011b\u0159en\u00e1 i v su\u0161\u0161\u00edch st\u0159edomo\u0159sk\u00fdch podm\u00ednk\u00e1ch, poskytuje p\u011bstitel\u016fm spolehlivou sklize\u0148 a z\u00e1rove\u0148 dod\u00e1v\u00e1 pokrm\u016fm vynikaj\u00edc\u00ed chu\u0165, aroma a \u010derstvost.<\/p>\n","protected":false},"excerpt":{"rendered":"<p>Odr\u016fda \u2018Zoregano\u2019 (Origanum vulgare) m\u00e1 dob\u0159e v\u011btv\u00edc\u00ed rostlinu s matn\u011b zelen\u00fdm olist\u011bn\u00edm, v\u00fdjime\u010dnou toleranci ke rzi i padl\u00ed a vysok\u00fd pod\u00edl \u00e9terick\u00fdch olej\u016f. Je ov\u011b\u0159en\u00e1 i v su\u0161\u0161\u00edch st\u0159edomo\u0159sk\u00fdch podm\u00ednk\u00e1ch, poskytuje p\u011bstitel\u016fm spolehlivou sklize\u0148 a z\u00e1rove\u0148 dod\u00e1v\u00e1 pokrm\u016fm vynikaj\u00edc\u00ed chu\u0165, aroma a \u010derstvost.<\/p>\n","protected":false},"featured_media":4982,"comment_status":"open","ping_status":"closed","template":"","meta":{"_acf_changed":false},"product_brand":[],"product_cat":[1240,1227],"product_tag":[],"brands":[1210,1045,1007,1004],"labels":[1218],"class_list":{"0":"post-5006","1":"product","2":"type-product","3":"status-publish","4":"has-post-thumbnail","6":"product_cat-bylinky","7":"product_cat-origanum","8":"brands-extrakty","9":"brands-novelties","10":"brands-novinky-3","11":"brands-x-hishtil-2","12":"labels-new-exclusive-1","14":"first","15":"instock","16":"shipping-taxable","17":"product-type-simple"},"acf":[],"yoast_head":"<!-- This site is optimized with the Yoast SEO plugin v27.4 - https:\/\/yoast.com\/product\/yoast-seo-wordpress\/ -->\n<title>Zoregano&#039;P - Hishtil Catalogue<\/title>\n<meta name=\"robots\" content=\"index, follow, max-snippet:-1, max-image-preview:large, max-video-preview:-1\" \/>\n<link rel=\"canonical\" href=\"https:\/\/catalogue.hishtil.com\/cs\/produkt\/zoreganop\/\" \/>\n<meta property=\"og:locale\" content=\"cs_CZ\" \/>\n<meta property=\"og:type\" content=\"article\" \/>\n<meta property=\"og:title\" content=\"Zoregano&#039;P - Hishtil Catalogue\" \/>\n<meta property=\"og:description\" content=\"Odr\u016fda \u2018Zoregano\u2019 (Origanum vulgare) m\u00e1 dob\u0159e v\u011btv\u00edc\u00ed rostlinu s matn\u011b zelen\u00fdm olist\u011bn\u00edm, v\u00fdjime\u010dnou toleranci ke rzi i padl\u00ed a vysok\u00fd pod\u00edl \u00e9terick\u00fdch olej\u016f. Je ov\u011b\u0159en\u00e1 i v su\u0161\u0161\u00edch st\u0159edomo\u0159sk\u00fdch podm\u00ednk\u00e1ch, poskytuje p\u011bstitel\u016fm spolehlivou sklize\u0148 a z\u00e1rove\u0148 dod\u00e1v\u00e1 pokrm\u016fm vynikaj\u00edc\u00ed chu\u0165, aroma a \u010derstvost.\" \/>\n<meta property=\"og:url\" content=\"https:\/\/catalogue.hishtil.com\/cs\/produkt\/zoreganop\/\" \/>\n<meta property=\"og:site_name\" content=\"Hishtil Catalogue\" \/>\n<meta property=\"article:modified_time\" content=\"2025-11-21T07:26:51+00:00\" \/>\n<meta property=\"og:image\" content=\"https:\/\/catalogue.hishtil.com\/wp-content\/uploads\/2025\/10\/Origanum_vulg_Zoregano__01.png\" \/>\n\t<meta property=\"og:image:width\" content=\"625\" \/>\n\t<meta property=\"og:image:height\" content=\"780\" \/>\n\t<meta property=\"og:image:type\" content=\"image\/png\" \/>\n<meta name=\"twitter:card\" content=\"summary_large_image\" \/>\n<script type=\"application\/ld+json\" class=\"yoast-schema-graph\">{\"@context\":\"https:\\\/\\\/schema.org\",\"@graph\":[{\"@type\":\"WebPage\",\"@id\":\"https:\\\/\\\/catalogue.hishtil.com\\\/cs\\\/produkt\\\/zoreganop\\\/\",\"url\":\"https:\\\/\\\/catalogue.hishtil.com\\\/cs\\\/produkt\\\/zoreganop\\\/\",\"name\":\"Zoregano'P - Hishtil Catalogue\",\"isPartOf\":{\"@id\":\"https:\\\/\\\/catalogue.hishtil.com\\\/cs\\\/#website\"},\"primaryImageOfPage\":{\"@id\":\"https:\\\/\\\/catalogue.hishtil.com\\\/cs\\\/produkt\\\/zoreganop\\\/#primaryimage\"},\"image\":{\"@id\":\"https:\\\/\\\/catalogue.hishtil.com\\\/cs\\\/produkt\\\/zoreganop\\\/#primaryimage\"},\"thumbnailUrl\":\"https:\\\/\\\/catalogue.hishtil.com\\\/wp-content\\\/uploads\\\/2025\\\/10\\\/Origanum_vulg_Zoregano__01.png\",\"datePublished\":\"2025-10-08T13:00:03+00:00\",\"dateModified\":\"2025-11-21T07:26:51+00:00\",\"breadcrumb\":{\"@id\":\"https:\\\/\\\/catalogue.hishtil.com\\\/cs\\\/produkt\\\/zoreganop\\\/#breadcrumb\"},\"inLanguage\":\"cs\",\"potentialAction\":[{\"@type\":\"ReadAction\",\"target\":[\"https:\\\/\\\/catalogue.hishtil.com\\\/cs\\\/produkt\\\/zoreganop\\\/\"]}]},{\"@type\":\"ImageObject\",\"inLanguage\":\"cs\",\"@id\":\"https:\\\/\\\/catalogue.hishtil.com\\\/cs\\\/produkt\\\/zoreganop\\\/#primaryimage\",\"url\":\"https:\\\/\\\/catalogue.hishtil.com\\\/wp-content\\\/uploads\\\/2025\\\/10\\\/Origanum_vulg_Zoregano__01.png\",\"contentUrl\":\"https:\\\/\\\/catalogue.hishtil.com\\\/wp-content\\\/uploads\\\/2025\\\/10\\\/Origanum_vulg_Zoregano__01.png\",\"width\":625,\"height\":780},{\"@type\":\"BreadcrumbList\",\"@id\":\"https:\\\/\\\/catalogue.hishtil.com\\\/cs\\\/produkt\\\/zoreganop\\\/#breadcrumb\",\"itemListElement\":[{\"@type\":\"ListItem\",\"position\":1,\"name\":\"Home\",\"item\":\"https:\\\/\\\/catalogue.hishtil.com\\\/cs\\\/\"},{\"@type\":\"ListItem\",\"position\":2,\"name\":\"Products\",\"item\":\"https:\\\/\\\/catalogue.hishtil.com\\\/cs\\\/products\\\/\"},{\"@type\":\"ListItem\",\"position\":3,\"name\":\"Zoregano&#8217;P\"}]},{\"@type\":\"WebSite\",\"@id\":\"https:\\\/\\\/catalogue.hishtil.com\\\/cs\\\/#website\",\"url\":\"https:\\\/\\\/catalogue.hishtil.com\\\/cs\\\/\",\"name\":\"Hishtil Catalogue\",\"description\":\"A leading plant - Nursery Company\",\"potentialAction\":[{\"@type\":\"SearchAction\",\"target\":{\"@type\":\"EntryPoint\",\"urlTemplate\":\"https:\\\/\\\/catalogue.hishtil.com\\\/cs\\\/?s={search_term_string}\"},\"query-input\":{\"@type\":\"PropertyValueSpecification\",\"valueRequired\":true,\"valueName\":\"search_term_string\"}}],\"inLanguage\":\"cs\"}]}<\/script>\n<!-- \/ Yoast SEO plugin. -->","yoast_head_json":{"title":"Zoregano'P - Hishtil Catalogue","robots":{"index":"index","follow":"follow","max-snippet":"max-snippet:-1","max-image-preview":"max-image-preview:large","max-video-preview":"max-video-preview:-1"},"canonical":"https:\/\/catalogue.hishtil.com\/cs\/produkt\/zoreganop\/","og_locale":"cs_CZ","og_type":"article","og_title":"Zoregano'P - Hishtil Catalogue","og_description":"Odr\u016fda \u2018Zoregano\u2019 (Origanum vulgare) m\u00e1 dob\u0159e v\u011btv\u00edc\u00ed rostlinu s matn\u011b zelen\u00fdm olist\u011bn\u00edm, v\u00fdjime\u010dnou toleranci ke rzi i padl\u00ed a vysok\u00fd pod\u00edl \u00e9terick\u00fdch olej\u016f. Je ov\u011b\u0159en\u00e1 i v su\u0161\u0161\u00edch st\u0159edomo\u0159sk\u00fdch podm\u00ednk\u00e1ch, poskytuje p\u011bstitel\u016fm spolehlivou sklize\u0148 a z\u00e1rove\u0148 dod\u00e1v\u00e1 pokrm\u016fm vynikaj\u00edc\u00ed chu\u0165, aroma a \u010derstvost.","og_url":"https:\/\/catalogue.hishtil.com\/cs\/produkt\/zoreganop\/","og_site_name":"Hishtil Catalogue","article_modified_time":"2025-11-21T07:26:51+00:00","og_image":[{"width":625,"height":780,"url":"https:\/\/catalogue.hishtil.com\/wp-content\/uploads\/2025\/10\/Origanum_vulg_Zoregano__01.png","type":"image\/png"}],"twitter_card":"summary_large_image","schema":{"@context":"https:\/\/schema.org","@graph":[{"@type":"WebPage","@id":"https:\/\/catalogue.hishtil.com\/cs\/produkt\/zoreganop\/","url":"https:\/\/catalogue.hishtil.com\/cs\/produkt\/zoreganop\/","name":"Zoregano'P - Hishtil Catalogue","isPartOf":{"@id":"https:\/\/catalogue.hishtil.com\/cs\/#website"},"primaryImageOfPage":{"@id":"https:\/\/catalogue.hishtil.com\/cs\/produkt\/zoreganop\/#primaryimage"},"image":{"@id":"https:\/\/catalogue.hishtil.com\/cs\/produkt\/zoreganop\/#primaryimage"},"thumbnailUrl":"https:\/\/catalogue.hishtil.com\/wp-content\/uploads\/2025\/10\/Origanum_vulg_Zoregano__01.png","datePublished":"2025-10-08T13:00:03+00:00","dateModified":"2025-11-21T07:26:51+00:00","breadcrumb":{"@id":"https:\/\/catalogue.hishtil.com\/cs\/produkt\/zoreganop\/#breadcrumb"},"inLanguage":"cs","potentialAction":[{"@type":"ReadAction","target":["https:\/\/catalogue.hishtil.com\/cs\/produkt\/zoreganop\/"]}]},{"@type":"ImageObject","inLanguage":"cs","@id":"https:\/\/catalogue.hishtil.com\/cs\/produkt\/zoreganop\/#primaryimage","url":"https:\/\/catalogue.hishtil.com\/wp-content\/uploads\/2025\/10\/Origanum_vulg_Zoregano__01.png","contentUrl":"https:\/\/catalogue.hishtil.com\/wp-content\/uploads\/2025\/10\/Origanum_vulg_Zoregano__01.png","width":625,"height":780},{"@type":"BreadcrumbList","@id":"https:\/\/catalogue.hishtil.com\/cs\/produkt\/zoreganop\/#breadcrumb","itemListElement":[{"@type":"ListItem","position":1,"name":"Home","item":"https:\/\/catalogue.hishtil.com\/cs\/"},{"@type":"ListItem","position":2,"name":"Products","item":"https:\/\/catalogue.hishtil.com\/cs\/products\/"},{"@type":"ListItem","position":3,"name":"Zoregano&#8217;P"}]},{"@type":"WebSite","@id":"https:\/\/catalogue.hishtil.com\/cs\/#website","url":"https:\/\/catalogue.hishtil.com\/cs\/","name":"Hishtil Catalogue","description":"A leading plant - Nursery Company","potentialAction":[{"@type":"SearchAction","target":{"@type":"EntryPoint","urlTemplate":"https:\/\/catalogue.hishtil.com\/cs\/?s={search_term_string}"},"query-input":{"@type":"PropertyValueSpecification","valueRequired":true,"valueName":"search_term_string"}}],"inLanguage":"cs"}]}},"_links":{"self":[{"href":"https:\/\/catalogue.hishtil.com\/cs\/wp-json\/wp\/v2\/product\/5006","targetHints":{"allow":["GET"]}}],"collection":[{"href":"https:\/\/catalogue.hishtil.com\/cs\/wp-json\/wp\/v2\/product"}],"about":[{"href":"https:\/\/catalogue.hishtil.com\/cs\/wp-json\/wp\/v2\/types\/product"}],"replies":[{"embeddable":true,"href":"https:\/\/catalogue.hishtil.com\/cs\/wp-json\/wp\/v2\/comments?post=5006"}],"wp:featuredmedia":[{"embeddable":true,"href":"https:\/\/catalogue.hishtil.com\/cs\/wp-json\/wp\/v2\/media\/4982"}],"wp:attachment":[{"href":"https:\/\/catalogue.hishtil.com\/cs\/wp-json\/wp\/v2\/media?parent=5006"}],"wp:term":[{"taxonomy":"product_brand","embeddable":true,"href":"https:\/\/catalogue.hishtil.com\/cs\/wp-json\/wp\/v2\/product_brand?post=5006"},{"taxonomy":"product_cat","embeddable":true,"href":"https:\/\/catalogue.hishtil.com\/cs\/wp-json\/wp\/v2\/product_cat?post=5006"},{"taxonomy":"product_tag","embeddable":true,"href":"https:\/\/catalogue.hishtil.com\/cs\/wp-json\/wp\/v2\/product_tag?post=5006"},{"taxonomy":"brands","embeddable":true,"href":"https:\/\/catalogue.hishtil.com\/cs\/wp-json\/wp\/v2\/brands?post=5006"},{"taxonomy":"labels","embeddable":true,"href":"https:\/\/catalogue.hishtil.com\/cs\/wp-json\/wp\/v2\/labels?post=5006"}],"curies":[{"name":"wp","href":"https:\/\/api.w.org\/{rel}","templated":true}]}}