{"id":3915,"date":"2024-03-10T11:51:19","date_gmt":"2024-03-10T11:51:19","guid":{"rendered":"https:\/\/catalogue.hishtil.com\/product\/top-boker\/"},"modified":"2025-12-05T09:53:12","modified_gmt":"2025-12-05T09:53:12","slug":"top-boker","status":"publish","type":"product","link":"https:\/\/catalogue.hishtil.com\/de\/produkt\/top-boker\/","title":{"rendered":"Top Boker"},"content":{"rendered":"<p>Gro\u00dffr\u00fcchtige Tomate f\u00fcr die Einzelfruchternte, mit exzellenter Festigkeit und roter Farbe<\/p>\n","protected":false},"excerpt":{"rendered":"<p>Gro\u00dffr\u00fcchtige Tomate f\u00fcr die Einzelfruchternte, mit exzellenter Festigkeit und roter Farbe<\/p>\n","protected":false},"featured_media":2491,"comment_status":"open","ping_status":"closed","template":"","meta":{"_acf_changed":false},"product_brand":[],"product_cat":[1164,1171,1165],"product_tag":[],"brands":[1179,1180],"labels":[],"class_list":{"0":"post-3915","1":"product","2":"type-product","3":"status-publish","4":"has-post-thumbnail","6":"product_cat-bio-4","7":"product_cat-tomate","8":"product_cat-verdeltes-gemuese","9":"brands-grafted-1","10":"brands-organic-1","12":"first","13":"instock","14":"shipping-taxable","15":"product-type-simple"},"acf":[],"yoast_head":"<!-- This site is optimized with the Yoast SEO plugin v27.3 - https:\/\/yoast.com\/product\/yoast-seo-wordpress\/ -->\n<title>Top Boker - Hishtil Catalogue<\/title>\n<meta name=\"robots\" content=\"index, follow, max-snippet:-1, max-image-preview:large, max-video-preview:-1\" \/>\n<link rel=\"canonical\" href=\"https:\/\/catalogue.hishtil.com\/de\/produkt\/top-boker\/\" \/>\n<meta property=\"og:locale\" content=\"de_DE\" \/>\n<meta property=\"og:type\" content=\"article\" \/>\n<meta property=\"og:title\" content=\"Top Boker - Hishtil Catalogue\" \/>\n<meta property=\"og:description\" content=\"Gro\u00dffr\u00fcchtige Tomate f\u00fcr die Einzelfruchternte, mit exzellenter Festigkeit und roter Farbe\" \/>\n<meta property=\"og:url\" content=\"https:\/\/catalogue.hishtil.com\/de\/produkt\/top-boker\/\" \/>\n<meta property=\"og:site_name\" content=\"Hishtil Catalogue\" \/>\n<meta property=\"article:modified_time\" content=\"2025-12-05T09:53:12+00:00\" \/>\n<meta property=\"og:image\" content=\"https:\/\/catalogue.hishtil.com\/wp-content\/uploads\/2023\/12\/TomatoTopBoker.png\" \/>\n\t<meta property=\"og:image:width\" content=\"625\" \/>\n\t<meta property=\"og:image:height\" content=\"780\" \/>\n\t<meta property=\"og:image:type\" content=\"image\/png\" \/>\n<meta name=\"twitter:card\" content=\"summary_large_image\" \/>\n<script type=\"application\/ld+json\" class=\"yoast-schema-graph\">{\"@context\":\"https:\\\/\\\/schema.org\",\"@graph\":[{\"@type\":\"WebPage\",\"@id\":\"https:\\\/\\\/catalogue.hishtil.com\\\/de\\\/produkt\\\/top-boker\\\/\",\"url\":\"https:\\\/\\\/catalogue.hishtil.com\\\/de\\\/produkt\\\/top-boker\\\/\",\"name\":\"Top Boker - Hishtil Catalogue\",\"isPartOf\":{\"@id\":\"https:\\\/\\\/catalogue.hishtil.com\\\/de\\\/#website\"},\"primaryImageOfPage\":{\"@id\":\"https:\\\/\\\/catalogue.hishtil.com\\\/de\\\/produkt\\\/top-boker\\\/#primaryimage\"},\"image\":{\"@id\":\"https:\\\/\\\/catalogue.hishtil.com\\\/de\\\/produkt\\\/top-boker\\\/#primaryimage\"},\"thumbnailUrl\":\"https:\\\/\\\/catalogue.hishtil.com\\\/wp-content\\\/uploads\\\/2023\\\/12\\\/TomatoTopBoker.png\",\"datePublished\":\"2024-03-10T11:51:19+00:00\",\"dateModified\":\"2025-12-05T09:53:12+00:00\",\"breadcrumb\":{\"@id\":\"https:\\\/\\\/catalogue.hishtil.com\\\/de\\\/produkt\\\/top-boker\\\/#breadcrumb\"},\"inLanguage\":\"de\",\"potentialAction\":[{\"@type\":\"ReadAction\",\"target\":[\"https:\\\/\\\/catalogue.hishtil.com\\\/de\\\/produkt\\\/top-boker\\\/\"]}]},{\"@type\":\"ImageObject\",\"inLanguage\":\"de\",\"@id\":\"https:\\\/\\\/catalogue.hishtil.com\\\/de\\\/produkt\\\/top-boker\\\/#primaryimage\",\"url\":\"https:\\\/\\\/catalogue.hishtil.com\\\/wp-content\\\/uploads\\\/2023\\\/12\\\/TomatoTopBoker.png\",\"contentUrl\":\"https:\\\/\\\/catalogue.hishtil.com\\\/wp-content\\\/uploads\\\/2023\\\/12\\\/TomatoTopBoker.png\",\"width\":625,\"height\":780},{\"@type\":\"BreadcrumbList\",\"@id\":\"https:\\\/\\\/catalogue.hishtil.com\\\/de\\\/produkt\\\/top-boker\\\/#breadcrumb\",\"itemListElement\":[{\"@type\":\"ListItem\",\"position\":1,\"name\":\"Home\",\"item\":\"https:\\\/\\\/catalogue.hishtil.com\\\/de\\\/\"},{\"@type\":\"ListItem\",\"position\":2,\"name\":\"Products\",\"item\":\"https:\\\/\\\/catalogue.hishtil.com\\\/de\\\/products\\\/\"},{\"@type\":\"ListItem\",\"position\":3,\"name\":\"Top Boker\"}]},{\"@type\":\"WebSite\",\"@id\":\"https:\\\/\\\/catalogue.hishtil.com\\\/de\\\/#website\",\"url\":\"https:\\\/\\\/catalogue.hishtil.com\\\/de\\\/\",\"name\":\"Hishtil Catalogue\",\"description\":\"A leading plant - Nursery Company\",\"potentialAction\":[{\"@type\":\"SearchAction\",\"target\":{\"@type\":\"EntryPoint\",\"urlTemplate\":\"https:\\\/\\\/catalogue.hishtil.com\\\/de\\\/?s={search_term_string}\"},\"query-input\":{\"@type\":\"PropertyValueSpecification\",\"valueRequired\":true,\"valueName\":\"search_term_string\"}}],\"inLanguage\":\"de\"}]}<\/script>\n<!-- \/ Yoast SEO plugin. -->","yoast_head_json":{"title":"Top Boker - Hishtil Catalogue","robots":{"index":"index","follow":"follow","max-snippet":"max-snippet:-1","max-image-preview":"max-image-preview:large","max-video-preview":"max-video-preview:-1"},"canonical":"https:\/\/catalogue.hishtil.com\/de\/produkt\/top-boker\/","og_locale":"de_DE","og_type":"article","og_title":"Top Boker - Hishtil Catalogue","og_description":"Gro\u00dffr\u00fcchtige Tomate f\u00fcr die Einzelfruchternte, mit exzellenter Festigkeit und roter Farbe","og_url":"https:\/\/catalogue.hishtil.com\/de\/produkt\/top-boker\/","og_site_name":"Hishtil Catalogue","article_modified_time":"2025-12-05T09:53:12+00:00","og_image":[{"width":625,"height":780,"url":"https:\/\/catalogue.hishtil.com\/wp-content\/uploads\/2023\/12\/TomatoTopBoker.png","type":"image\/png"}],"twitter_card":"summary_large_image","schema":{"@context":"https:\/\/schema.org","@graph":[{"@type":"WebPage","@id":"https:\/\/catalogue.hishtil.com\/de\/produkt\/top-boker\/","url":"https:\/\/catalogue.hishtil.com\/de\/produkt\/top-boker\/","name":"Top Boker - Hishtil Catalogue","isPartOf":{"@id":"https:\/\/catalogue.hishtil.com\/de\/#website"},"primaryImageOfPage":{"@id":"https:\/\/catalogue.hishtil.com\/de\/produkt\/top-boker\/#primaryimage"},"image":{"@id":"https:\/\/catalogue.hishtil.com\/de\/produkt\/top-boker\/#primaryimage"},"thumbnailUrl":"https:\/\/catalogue.hishtil.com\/wp-content\/uploads\/2023\/12\/TomatoTopBoker.png","datePublished":"2024-03-10T11:51:19+00:00","dateModified":"2025-12-05T09:53:12+00:00","breadcrumb":{"@id":"https:\/\/catalogue.hishtil.com\/de\/produkt\/top-boker\/#breadcrumb"},"inLanguage":"de","potentialAction":[{"@type":"ReadAction","target":["https:\/\/catalogue.hishtil.com\/de\/produkt\/top-boker\/"]}]},{"@type":"ImageObject","inLanguage":"de","@id":"https:\/\/catalogue.hishtil.com\/de\/produkt\/top-boker\/#primaryimage","url":"https:\/\/catalogue.hishtil.com\/wp-content\/uploads\/2023\/12\/TomatoTopBoker.png","contentUrl":"https:\/\/catalogue.hishtil.com\/wp-content\/uploads\/2023\/12\/TomatoTopBoker.png","width":625,"height":780},{"@type":"BreadcrumbList","@id":"https:\/\/catalogue.hishtil.com\/de\/produkt\/top-boker\/#breadcrumb","itemListElement":[{"@type":"ListItem","position":1,"name":"Home","item":"https:\/\/catalogue.hishtil.com\/de\/"},{"@type":"ListItem","position":2,"name":"Products","item":"https:\/\/catalogue.hishtil.com\/de\/products\/"},{"@type":"ListItem","position":3,"name":"Top Boker"}]},{"@type":"WebSite","@id":"https:\/\/catalogue.hishtil.com\/de\/#website","url":"https:\/\/catalogue.hishtil.com\/de\/","name":"Hishtil Catalogue","description":"A leading plant - Nursery Company","potentialAction":[{"@type":"SearchAction","target":{"@type":"EntryPoint","urlTemplate":"https:\/\/catalogue.hishtil.com\/de\/?s={search_term_string}"},"query-input":{"@type":"PropertyValueSpecification","valueRequired":true,"valueName":"search_term_string"}}],"inLanguage":"de"}]}},"_links":{"self":[{"href":"https:\/\/catalogue.hishtil.com\/de\/wp-json\/wp\/v2\/product\/3915","targetHints":{"allow":["GET"]}}],"collection":[{"href":"https:\/\/catalogue.hishtil.com\/de\/wp-json\/wp\/v2\/product"}],"about":[{"href":"https:\/\/catalogue.hishtil.com\/de\/wp-json\/wp\/v2\/types\/product"}],"replies":[{"embeddable":true,"href":"https:\/\/catalogue.hishtil.com\/de\/wp-json\/wp\/v2\/comments?post=3915"}],"wp:featuredmedia":[{"embeddable":true,"href":"https:\/\/catalogue.hishtil.com\/de\/wp-json\/wp\/v2\/media\/2491"}],"wp:attachment":[{"href":"https:\/\/catalogue.hishtil.com\/de\/wp-json\/wp\/v2\/media?parent=3915"}],"wp:term":[{"taxonomy":"product_brand","embeddable":true,"href":"https:\/\/catalogue.hishtil.com\/de\/wp-json\/wp\/v2\/product_brand?post=3915"},{"taxonomy":"product_cat","embeddable":true,"href":"https:\/\/catalogue.hishtil.com\/de\/wp-json\/wp\/v2\/product_cat?post=3915"},{"taxonomy":"product_tag","embeddable":true,"href":"https:\/\/catalogue.hishtil.com\/de\/wp-json\/wp\/v2\/product_tag?post=3915"},{"taxonomy":"brands","embeddable":true,"href":"https:\/\/catalogue.hishtil.com\/de\/wp-json\/wp\/v2\/brands?post=3915"},{"taxonomy":"labels","embeddable":true,"href":"https:\/\/catalogue.hishtil.com\/de\/wp-json\/wp\/v2\/labels?post=3915"}],"curies":[{"name":"wp","href":"https:\/\/api.w.org\/{rel}","templated":true}]}}