{"id":4070,"date":"2023-12-14T11:41:02","date_gmt":"2024-03-10T11:54:44","guid":{"rendered":"https:\/\/catalogue.hishtil.com\/product\/growflowtm-vietnamese-coriander\/"},"modified":"2025-03-25T07:39:57","modified_gmt":"2025-03-25T07:39:57","slug":"growflowtm-vietnamese-coriander","status":"publish","type":"product","link":"https:\/\/catalogue.hishtil.com\/de\/produkt\/growflowtm-vietnamese-coriander\/","title":{"rendered":"GrowFlow&#8216;<sup>TM<\/sup> (Vietnamese Coriander)"},"content":{"rendered":"<p>Vietnamesischer Koriander, w\u00fcrziges Gew\u00fcrzkraut, beliebt in der asiatischen K\u00fcche<\/p>\n","protected":false},"excerpt":{"rendered":"<p>Vietnamesischer Koriander, w\u00fcrziges Gew\u00fcrzkraut, beliebt in der asiatischen K\u00fcche<\/p>\n","protected":false},"featured_media":1442,"comment_status":"open","ping_status":"closed","template":"","meta":{"_acf_changed":false},"product_brand":[],"product_cat":[15],"product_tag":[],"brands":[1136],"labels":[],"class_list":{"0":"post-4070","1":"product","2":"type-product","3":"status-publish","4":"has-post-thumbnail","6":"product_cat-uncategorized","7":"brands-growflow-7","9":"first","10":"instock","11":"shipping-taxable","12":"product-type-simple"},"acf":[],"yoast_head":"<!-- This site is optimized with the Yoast SEO plugin v26.6 - https:\/\/yoast.com\/wordpress\/plugins\/seo\/ -->\n<title>GrowFlow&#039;TM (Vietnamese Coriander) - Hishtil Catalogue<\/title>\n<meta name=\"robots\" content=\"index, follow, max-snippet:-1, max-image-preview:large, max-video-preview:-1\" \/>\n<link rel=\"canonical\" href=\"https:\/\/catalogue.hishtil.com\/de\/produkt\/growflowtm-vietnamese-coriander\/\" \/>\n<meta property=\"og:locale\" content=\"de_DE\" \/>\n<meta property=\"og:type\" content=\"article\" \/>\n<meta property=\"og:title\" content=\"GrowFlow&#039;TM (Vietnamese Coriander) - Hishtil Catalogue\" \/>\n<meta property=\"og:description\" content=\"Vietnamesischer Koriander, w\u00fcrziges Gew\u00fcrzkraut, beliebt in der asiatischen K\u00fcche\" \/>\n<meta property=\"og:url\" content=\"https:\/\/catalogue.hishtil.com\/de\/produkt\/growflowtm-vietnamese-coriander\/\" \/>\n<meta property=\"og:site_name\" content=\"Hishtil Catalogue\" \/>\n<meta property=\"article:modified_time\" content=\"2025-03-25T07:39:57+00:00\" \/>\n<meta property=\"og:image\" content=\"https:\/\/catalogue.hishtil.com\/wp-content\/uploads\/2023\/11\/PersicariaOdorata.png\" \/>\n\t<meta property=\"og:image:width\" content=\"625\" \/>\n\t<meta property=\"og:image:height\" content=\"780\" \/>\n\t<meta property=\"og:image:type\" content=\"image\/png\" \/>\n<meta name=\"twitter:card\" content=\"summary_large_image\" \/>\n<meta name=\"twitter:label1\" content=\"Gesch\u00e4tzte Lesezeit\" \/>\n\t<meta name=\"twitter:data1\" content=\"1\u00a0Minute\" \/>\n<script type=\"application\/ld+json\" class=\"yoast-schema-graph\">{\"@context\":\"https:\/\/schema.org\",\"@graph\":[{\"@type\":\"WebPage\",\"@id\":\"https:\/\/catalogue.hishtil.com\/de\/produkt\/growflowtm-vietnamese-coriander\/\",\"url\":\"https:\/\/catalogue.hishtil.com\/de\/produkt\/growflowtm-vietnamese-coriander\/\",\"name\":\"GrowFlow'TM (Vietnamese Coriander) - Hishtil Catalogue\",\"isPartOf\":{\"@id\":\"https:\/\/catalogue.hishtil.com\/de\/#website\"},\"primaryImageOfPage\":{\"@id\":\"https:\/\/catalogue.hishtil.com\/de\/produkt\/growflowtm-vietnamese-coriander\/#primaryimage\"},\"image\":{\"@id\":\"https:\/\/catalogue.hishtil.com\/de\/produkt\/growflowtm-vietnamese-coriander\/#primaryimage\"},\"thumbnailUrl\":\"https:\/\/catalogue.hishtil.com\/wp-content\/uploads\/2023\/11\/PersicariaOdorata.png\",\"datePublished\":\"2024-03-10T11:54:44+00:00\",\"dateModified\":\"2025-03-25T07:39:57+00:00\",\"breadcrumb\":{\"@id\":\"https:\/\/catalogue.hishtil.com\/de\/produkt\/growflowtm-vietnamese-coriander\/#breadcrumb\"},\"inLanguage\":\"de\",\"potentialAction\":[{\"@type\":\"ReadAction\",\"target\":[\"https:\/\/catalogue.hishtil.com\/de\/produkt\/growflowtm-vietnamese-coriander\/\"]}]},{\"@type\":\"ImageObject\",\"inLanguage\":\"de\",\"@id\":\"https:\/\/catalogue.hishtil.com\/de\/produkt\/growflowtm-vietnamese-coriander\/#primaryimage\",\"url\":\"https:\/\/catalogue.hishtil.com\/wp-content\/uploads\/2023\/11\/PersicariaOdorata.png\",\"contentUrl\":\"https:\/\/catalogue.hishtil.com\/wp-content\/uploads\/2023\/11\/PersicariaOdorata.png\",\"width\":625,\"height\":780},{\"@type\":\"BreadcrumbList\",\"@id\":\"https:\/\/catalogue.hishtil.com\/de\/produkt\/growflowtm-vietnamese-coriander\/#breadcrumb\",\"itemListElement\":[{\"@type\":\"ListItem\",\"position\":1,\"name\":\"Home\",\"item\":\"https:\/\/catalogue.hishtil.com\/de\/\"},{\"@type\":\"ListItem\",\"position\":2,\"name\":\"Products\",\"item\":\"https:\/\/catalogue.hishtil.com\/de\/products\/\"},{\"@type\":\"ListItem\",\"position\":3,\"name\":\"GrowFlow&#8216;TM (Vietnamese Coriander)\"}]},{\"@type\":\"WebSite\",\"@id\":\"https:\/\/catalogue.hishtil.com\/de\/#website\",\"url\":\"https:\/\/catalogue.hishtil.com\/de\/\",\"name\":\"Hishtil Catalogue\",\"description\":\"A leading plant - Nursery Company\",\"potentialAction\":[{\"@type\":\"SearchAction\",\"target\":{\"@type\":\"EntryPoint\",\"urlTemplate\":\"https:\/\/catalogue.hishtil.com\/de\/?s={search_term_string}\"},\"query-input\":{\"@type\":\"PropertyValueSpecification\",\"valueRequired\":true,\"valueName\":\"search_term_string\"}}],\"inLanguage\":\"de\"}]}<\/script>\n<!-- \/ Yoast SEO plugin. -->","yoast_head_json":{"title":"GrowFlow'TM (Vietnamese Coriander) - Hishtil Catalogue","robots":{"index":"index","follow":"follow","max-snippet":"max-snippet:-1","max-image-preview":"max-image-preview:large","max-video-preview":"max-video-preview:-1"},"canonical":"https:\/\/catalogue.hishtil.com\/de\/produkt\/growflowtm-vietnamese-coriander\/","og_locale":"de_DE","og_type":"article","og_title":"GrowFlow'TM (Vietnamese Coriander) - Hishtil Catalogue","og_description":"Vietnamesischer Koriander, w\u00fcrziges Gew\u00fcrzkraut, beliebt in der asiatischen K\u00fcche","og_url":"https:\/\/catalogue.hishtil.com\/de\/produkt\/growflowtm-vietnamese-coriander\/","og_site_name":"Hishtil Catalogue","article_modified_time":"2025-03-25T07:39:57+00:00","og_image":[{"width":625,"height":780,"url":"https:\/\/catalogue.hishtil.com\/wp-content\/uploads\/2023\/11\/PersicariaOdorata.png","type":"image\/png"}],"twitter_card":"summary_large_image","twitter_misc":{"Gesch\u00e4tzte Lesezeit":"1\u00a0Minute"},"schema":{"@context":"https:\/\/schema.org","@graph":[{"@type":"WebPage","@id":"https:\/\/catalogue.hishtil.com\/de\/produkt\/growflowtm-vietnamese-coriander\/","url":"https:\/\/catalogue.hishtil.com\/de\/produkt\/growflowtm-vietnamese-coriander\/","name":"GrowFlow'TM (Vietnamese Coriander) - Hishtil Catalogue","isPartOf":{"@id":"https:\/\/catalogue.hishtil.com\/de\/#website"},"primaryImageOfPage":{"@id":"https:\/\/catalogue.hishtil.com\/de\/produkt\/growflowtm-vietnamese-coriander\/#primaryimage"},"image":{"@id":"https:\/\/catalogue.hishtil.com\/de\/produkt\/growflowtm-vietnamese-coriander\/#primaryimage"},"thumbnailUrl":"https:\/\/catalogue.hishtil.com\/wp-content\/uploads\/2023\/11\/PersicariaOdorata.png","datePublished":"2024-03-10T11:54:44+00:00","dateModified":"2025-03-25T07:39:57+00:00","breadcrumb":{"@id":"https:\/\/catalogue.hishtil.com\/de\/produkt\/growflowtm-vietnamese-coriander\/#breadcrumb"},"inLanguage":"de","potentialAction":[{"@type":"ReadAction","target":["https:\/\/catalogue.hishtil.com\/de\/produkt\/growflowtm-vietnamese-coriander\/"]}]},{"@type":"ImageObject","inLanguage":"de","@id":"https:\/\/catalogue.hishtil.com\/de\/produkt\/growflowtm-vietnamese-coriander\/#primaryimage","url":"https:\/\/catalogue.hishtil.com\/wp-content\/uploads\/2023\/11\/PersicariaOdorata.png","contentUrl":"https:\/\/catalogue.hishtil.com\/wp-content\/uploads\/2023\/11\/PersicariaOdorata.png","width":625,"height":780},{"@type":"BreadcrumbList","@id":"https:\/\/catalogue.hishtil.com\/de\/produkt\/growflowtm-vietnamese-coriander\/#breadcrumb","itemListElement":[{"@type":"ListItem","position":1,"name":"Home","item":"https:\/\/catalogue.hishtil.com\/de\/"},{"@type":"ListItem","position":2,"name":"Products","item":"https:\/\/catalogue.hishtil.com\/de\/products\/"},{"@type":"ListItem","position":3,"name":"GrowFlow&#8216;TM (Vietnamese Coriander)"}]},{"@type":"WebSite","@id":"https:\/\/catalogue.hishtil.com\/de\/#website","url":"https:\/\/catalogue.hishtil.com\/de\/","name":"Hishtil Catalogue","description":"A leading plant - Nursery Company","potentialAction":[{"@type":"SearchAction","target":{"@type":"EntryPoint","urlTemplate":"https:\/\/catalogue.hishtil.com\/de\/?s={search_term_string}"},"query-input":{"@type":"PropertyValueSpecification","valueRequired":true,"valueName":"search_term_string"}}],"inLanguage":"de"}]}},"_links":{"self":[{"href":"https:\/\/catalogue.hishtil.com\/de\/wp-json\/wp\/v2\/product\/4070","targetHints":{"allow":["GET"]}}],"collection":[{"href":"https:\/\/catalogue.hishtil.com\/de\/wp-json\/wp\/v2\/product"}],"about":[{"href":"https:\/\/catalogue.hishtil.com\/de\/wp-json\/wp\/v2\/types\/product"}],"replies":[{"embeddable":true,"href":"https:\/\/catalogue.hishtil.com\/de\/wp-json\/wp\/v2\/comments?post=4070"}],"wp:featuredmedia":[{"embeddable":true,"href":"https:\/\/catalogue.hishtil.com\/de\/wp-json\/wp\/v2\/media\/1442"}],"wp:attachment":[{"href":"https:\/\/catalogue.hishtil.com\/de\/wp-json\/wp\/v2\/media?parent=4070"}],"wp:term":[{"taxonomy":"product_brand","embeddable":true,"href":"https:\/\/catalogue.hishtil.com\/de\/wp-json\/wp\/v2\/product_brand?post=4070"},{"taxonomy":"product_cat","embeddable":true,"href":"https:\/\/catalogue.hishtil.com\/de\/wp-json\/wp\/v2\/product_cat?post=4070"},{"taxonomy":"product_tag","embeddable":true,"href":"https:\/\/catalogue.hishtil.com\/de\/wp-json\/wp\/v2\/product_tag?post=4070"},{"taxonomy":"brands","embeddable":true,"href":"https:\/\/catalogue.hishtil.com\/de\/wp-json\/wp\/v2\/brands?post=4070"},{"taxonomy":"labels","embeddable":true,"href":"https:\/\/catalogue.hishtil.com\/de\/wp-json\/wp\/v2\/labels?post=4070"}],"curies":[{"name":"wp","href":"https:\/\/api.w.org\/{rel}","templated":true}]}}