{"id":4607,"date":"2024-11-25T09:29:30","date_gmt":"2025-01-20T10:40:27","guid":{"rendered":"https:\/\/catalogue.hishtil.com\/product\/rosy-jane-p\/"},"modified":"2025-12-05T10:01:24","modified_gmt":"2025-12-05T10:01:24","slug":"rosy-jane-p","status":"publish","type":"product","link":"https:\/\/catalogue.hishtil.com\/de\/produkt\/rosy-jane-p\/","title":{"rendered":"Capercaillie"},"content":{"rendered":"<p>Der aus Schottland stammende Rosmarinus officinalis \u201eCapercaillie\u201c (deutsch: Auerhahn) ist eine besondere Rosmarinsorte, welche sich durch ihren halbh\u00e4ngenden Wuchs und die dunklen, leuchtend gr\u00fcnen Bl\u00e4tter auszeichnet. Er bl\u00fcht im Sommer ausgiebig, mit leuchtend blauen Bl\u00fcten, und erm\u00f6glicht Kolibris und anderen Best\u00e4ubern eine lange Nahrungssuche. Diese Sorte hat einen rundlichen halbh\u00e4ngenden Wuchs. \u201eCapercaillie\u201c ist winterhart und gut f\u00fcr das mediterrane Klima geeignet. Seine aromatischen, silbrig-gr\u00fcnen Bl\u00e4tter verfeinern Gerichte mit kr\u00e4ftigen Aromen. Er ist sowohl eine n\u00fctzliche als auch dekorative Wahl f\u00fcr G\u00e4rtner.<\/p>\n","protected":false},"excerpt":{"rendered":"<p>Der aus Schottland stammende Rosmarinus officinalis \u201eCapercaillie\u201c (deutsch: Auerhahn) ist eine besondere Rosmarinsorte, welche sich durch ihren halbh\u00e4ngenden Wuchs und die dunklen, leuchtend gr\u00fcnen Bl\u00e4tter auszeichnet. Er bl\u00fcht im Sommer ausgiebig, mit leuchtend blauen Bl\u00fcten, und erm\u00f6glicht Kolibris und anderen Best\u00e4ubern eine lange Nahrungssuche. Diese Sorte hat einen rundlichen halbh\u00e4ngenden Wuchs. \u201eCapercaillie\u201c ist winterhart und [&hellip;]<\/p>\n","protected":false},"featured_media":4341,"comment_status":"open","ping_status":"closed","template":"","meta":{"_acf_changed":false},"product_brand":[],"product_cat":[1173,1209,1059],"product_tag":[],"brands":[1199,1140],"labels":[259],"class_list":{"0":"post-4607","1":"product","2":"type-product","3":"status-publish","4":"has-post-thumbnail","6":"product_cat-kraeuter","7":"product_cat-rosmarin","8":"product_cat-rosmarinus-2","9":"brands-extrakt","10":"brands-neuheiten","11":"labels-new-de","13":"first","14":"instock","15":"shipping-taxable","16":"product-type-simple"},"acf":[],"yoast_head":"<!-- This site is optimized with the Yoast SEO plugin v27.4 - https:\/\/yoast.com\/product\/yoast-seo-wordpress\/ -->\n<title>Capercaillie - Hishtil Catalogue<\/title>\n<meta name=\"robots\" content=\"index, follow, max-snippet:-1, max-image-preview:large, max-video-preview:-1\" \/>\n<link rel=\"canonical\" href=\"https:\/\/catalogue.hishtil.com\/de\/produkt\/rosy-jane-p\/\" \/>\n<meta property=\"og:locale\" content=\"de_DE\" \/>\n<meta property=\"og:type\" content=\"article\" \/>\n<meta property=\"og:title\" content=\"Capercaillie - Hishtil Catalogue\" \/>\n<meta property=\"og:description\" content=\"Der aus Schottland stammende Rosmarinus officinalis \u201eCapercaillie\u201c (deutsch: Auerhahn) ist eine besondere Rosmarinsorte, welche sich durch ihren halbh\u00e4ngenden Wuchs und die dunklen, leuchtend gr\u00fcnen Bl\u00e4tter auszeichnet. Er bl\u00fcht im Sommer ausgiebig, mit leuchtend blauen Bl\u00fcten, und erm\u00f6glicht Kolibris und anderen Best\u00e4ubern eine lange Nahrungssuche. Diese Sorte hat einen rundlichen halbh\u00e4ngenden Wuchs. \u201eCapercaillie\u201c ist winterhart und [&hellip;]\" \/>\n<meta property=\"og:url\" content=\"https:\/\/catalogue.hishtil.com\/de\/produkt\/rosy-jane-p\/\" \/>\n<meta property=\"og:site_name\" content=\"Hishtil Catalogue\" \/>\n<meta property=\"article:modified_time\" content=\"2025-12-05T10:01:24+00:00\" \/>\n<meta property=\"og:image\" content=\"https:\/\/catalogue.hishtil.com\/wp-content\/uploads\/2024\/11\/Capercaillie.png\" \/>\n\t<meta property=\"og:image:width\" content=\"625\" \/>\n\t<meta property=\"og:image:height\" content=\"780\" \/>\n\t<meta property=\"og:image:type\" content=\"image\/png\" \/>\n<meta name=\"twitter:card\" content=\"summary_large_image\" \/>\n<meta name=\"twitter:label1\" content=\"Gesch\u00e4tzte Lesezeit\" \/>\n\t<meta name=\"twitter:data1\" content=\"1\u00a0Minute\" \/>\n<script type=\"application\/ld+json\" class=\"yoast-schema-graph\">{\"@context\":\"https:\\\/\\\/schema.org\",\"@graph\":[{\"@type\":\"WebPage\",\"@id\":\"https:\\\/\\\/catalogue.hishtil.com\\\/de\\\/produkt\\\/rosy-jane-p\\\/\",\"url\":\"https:\\\/\\\/catalogue.hishtil.com\\\/de\\\/produkt\\\/rosy-jane-p\\\/\",\"name\":\"Capercaillie - Hishtil Catalogue\",\"isPartOf\":{\"@id\":\"https:\\\/\\\/catalogue.hishtil.com\\\/de\\\/#website\"},\"primaryImageOfPage\":{\"@id\":\"https:\\\/\\\/catalogue.hishtil.com\\\/de\\\/produkt\\\/rosy-jane-p\\\/#primaryimage\"},\"image\":{\"@id\":\"https:\\\/\\\/catalogue.hishtil.com\\\/de\\\/produkt\\\/rosy-jane-p\\\/#primaryimage\"},\"thumbnailUrl\":\"https:\\\/\\\/catalogue.hishtil.com\\\/wp-content\\\/uploads\\\/2024\\\/11\\\/Capercaillie.png\",\"datePublished\":\"2025-01-20T10:40:27+00:00\",\"dateModified\":\"2025-12-05T10:01:24+00:00\",\"breadcrumb\":{\"@id\":\"https:\\\/\\\/catalogue.hishtil.com\\\/de\\\/produkt\\\/rosy-jane-p\\\/#breadcrumb\"},\"inLanguage\":\"de\",\"potentialAction\":[{\"@type\":\"ReadAction\",\"target\":[\"https:\\\/\\\/catalogue.hishtil.com\\\/de\\\/produkt\\\/rosy-jane-p\\\/\"]}]},{\"@type\":\"ImageObject\",\"inLanguage\":\"de\",\"@id\":\"https:\\\/\\\/catalogue.hishtil.com\\\/de\\\/produkt\\\/rosy-jane-p\\\/#primaryimage\",\"url\":\"https:\\\/\\\/catalogue.hishtil.com\\\/wp-content\\\/uploads\\\/2024\\\/11\\\/Capercaillie.png\",\"contentUrl\":\"https:\\\/\\\/catalogue.hishtil.com\\\/wp-content\\\/uploads\\\/2024\\\/11\\\/Capercaillie.png\",\"width\":625,\"height\":780},{\"@type\":\"BreadcrumbList\",\"@id\":\"https:\\\/\\\/catalogue.hishtil.com\\\/de\\\/produkt\\\/rosy-jane-p\\\/#breadcrumb\",\"itemListElement\":[{\"@type\":\"ListItem\",\"position\":1,\"name\":\"Home\",\"item\":\"https:\\\/\\\/catalogue.hishtil.com\\\/de\\\/\"},{\"@type\":\"ListItem\",\"position\":2,\"name\":\"Products\",\"item\":\"https:\\\/\\\/catalogue.hishtil.com\\\/de\\\/products\\\/\"},{\"@type\":\"ListItem\",\"position\":3,\"name\":\"Capercaillie\"}]},{\"@type\":\"WebSite\",\"@id\":\"https:\\\/\\\/catalogue.hishtil.com\\\/de\\\/#website\",\"url\":\"https:\\\/\\\/catalogue.hishtil.com\\\/de\\\/\",\"name\":\"Hishtil Catalogue\",\"description\":\"A leading plant - Nursery Company\",\"potentialAction\":[{\"@type\":\"SearchAction\",\"target\":{\"@type\":\"EntryPoint\",\"urlTemplate\":\"https:\\\/\\\/catalogue.hishtil.com\\\/de\\\/?s={search_term_string}\"},\"query-input\":{\"@type\":\"PropertyValueSpecification\",\"valueRequired\":true,\"valueName\":\"search_term_string\"}}],\"inLanguage\":\"de\"}]}<\/script>\n<!-- \/ Yoast SEO plugin. -->","yoast_head_json":{"title":"Capercaillie - Hishtil Catalogue","robots":{"index":"index","follow":"follow","max-snippet":"max-snippet:-1","max-image-preview":"max-image-preview:large","max-video-preview":"max-video-preview:-1"},"canonical":"https:\/\/catalogue.hishtil.com\/de\/produkt\/rosy-jane-p\/","og_locale":"de_DE","og_type":"article","og_title":"Capercaillie - Hishtil Catalogue","og_description":"Der aus Schottland stammende Rosmarinus officinalis \u201eCapercaillie\u201c (deutsch: Auerhahn) ist eine besondere Rosmarinsorte, welche sich durch ihren halbh\u00e4ngenden Wuchs und die dunklen, leuchtend gr\u00fcnen Bl\u00e4tter auszeichnet. Er bl\u00fcht im Sommer ausgiebig, mit leuchtend blauen Bl\u00fcten, und erm\u00f6glicht Kolibris und anderen Best\u00e4ubern eine lange Nahrungssuche. Diese Sorte hat einen rundlichen halbh\u00e4ngenden Wuchs. \u201eCapercaillie\u201c ist winterhart und [&hellip;]","og_url":"https:\/\/catalogue.hishtil.com\/de\/produkt\/rosy-jane-p\/","og_site_name":"Hishtil Catalogue","article_modified_time":"2025-12-05T10:01:24+00:00","og_image":[{"width":625,"height":780,"url":"https:\/\/catalogue.hishtil.com\/wp-content\/uploads\/2024\/11\/Capercaillie.png","type":"image\/png"}],"twitter_card":"summary_large_image","twitter_misc":{"Gesch\u00e4tzte Lesezeit":"1\u00a0Minute"},"schema":{"@context":"https:\/\/schema.org","@graph":[{"@type":"WebPage","@id":"https:\/\/catalogue.hishtil.com\/de\/produkt\/rosy-jane-p\/","url":"https:\/\/catalogue.hishtil.com\/de\/produkt\/rosy-jane-p\/","name":"Capercaillie - Hishtil Catalogue","isPartOf":{"@id":"https:\/\/catalogue.hishtil.com\/de\/#website"},"primaryImageOfPage":{"@id":"https:\/\/catalogue.hishtil.com\/de\/produkt\/rosy-jane-p\/#primaryimage"},"image":{"@id":"https:\/\/catalogue.hishtil.com\/de\/produkt\/rosy-jane-p\/#primaryimage"},"thumbnailUrl":"https:\/\/catalogue.hishtil.com\/wp-content\/uploads\/2024\/11\/Capercaillie.png","datePublished":"2025-01-20T10:40:27+00:00","dateModified":"2025-12-05T10:01:24+00:00","breadcrumb":{"@id":"https:\/\/catalogue.hishtil.com\/de\/produkt\/rosy-jane-p\/#breadcrumb"},"inLanguage":"de","potentialAction":[{"@type":"ReadAction","target":["https:\/\/catalogue.hishtil.com\/de\/produkt\/rosy-jane-p\/"]}]},{"@type":"ImageObject","inLanguage":"de","@id":"https:\/\/catalogue.hishtil.com\/de\/produkt\/rosy-jane-p\/#primaryimage","url":"https:\/\/catalogue.hishtil.com\/wp-content\/uploads\/2024\/11\/Capercaillie.png","contentUrl":"https:\/\/catalogue.hishtil.com\/wp-content\/uploads\/2024\/11\/Capercaillie.png","width":625,"height":780},{"@type":"BreadcrumbList","@id":"https:\/\/catalogue.hishtil.com\/de\/produkt\/rosy-jane-p\/#breadcrumb","itemListElement":[{"@type":"ListItem","position":1,"name":"Home","item":"https:\/\/catalogue.hishtil.com\/de\/"},{"@type":"ListItem","position":2,"name":"Products","item":"https:\/\/catalogue.hishtil.com\/de\/products\/"},{"@type":"ListItem","position":3,"name":"Capercaillie"}]},{"@type":"WebSite","@id":"https:\/\/catalogue.hishtil.com\/de\/#website","url":"https:\/\/catalogue.hishtil.com\/de\/","name":"Hishtil Catalogue","description":"A leading plant - Nursery Company","potentialAction":[{"@type":"SearchAction","target":{"@type":"EntryPoint","urlTemplate":"https:\/\/catalogue.hishtil.com\/de\/?s={search_term_string}"},"query-input":{"@type":"PropertyValueSpecification","valueRequired":true,"valueName":"search_term_string"}}],"inLanguage":"de"}]}},"_links":{"self":[{"href":"https:\/\/catalogue.hishtil.com\/de\/wp-json\/wp\/v2\/product\/4607","targetHints":{"allow":["GET"]}}],"collection":[{"href":"https:\/\/catalogue.hishtil.com\/de\/wp-json\/wp\/v2\/product"}],"about":[{"href":"https:\/\/catalogue.hishtil.com\/de\/wp-json\/wp\/v2\/types\/product"}],"replies":[{"embeddable":true,"href":"https:\/\/catalogue.hishtil.com\/de\/wp-json\/wp\/v2\/comments?post=4607"}],"wp:featuredmedia":[{"embeddable":true,"href":"https:\/\/catalogue.hishtil.com\/de\/wp-json\/wp\/v2\/media\/4341"}],"wp:attachment":[{"href":"https:\/\/catalogue.hishtil.com\/de\/wp-json\/wp\/v2\/media?parent=4607"}],"wp:term":[{"taxonomy":"product_brand","embeddable":true,"href":"https:\/\/catalogue.hishtil.com\/de\/wp-json\/wp\/v2\/product_brand?post=4607"},{"taxonomy":"product_cat","embeddable":true,"href":"https:\/\/catalogue.hishtil.com\/de\/wp-json\/wp\/v2\/product_cat?post=4607"},{"taxonomy":"product_tag","embeddable":true,"href":"https:\/\/catalogue.hishtil.com\/de\/wp-json\/wp\/v2\/product_tag?post=4607"},{"taxonomy":"brands","embeddable":true,"href":"https:\/\/catalogue.hishtil.com\/de\/wp-json\/wp\/v2\/brands?post=4607"},{"taxonomy":"labels","embeddable":true,"href":"https:\/\/catalogue.hishtil.com\/de\/wp-json\/wp\/v2\/labels?post=4607"}],"curies":[{"name":"wp","href":"https:\/\/api.w.org\/{rel}","templated":true}]}}