{"id":4747,"date":"2025-02-24T14:03:27","date_gmt":"2025-02-24T14:03:27","guid":{"rendered":"https:\/\/catalogue.hishtil.com\/product\/growflow-pink-magic\/"},"modified":"2025-02-24T14:03:27","modified_gmt":"2025-02-24T14:03:27","slug":"growflow-pink-magic","status":"publish","type":"product","link":"https:\/\/catalogue.hishtil.com\/de\/produkt\/growflow-pink-magic\/","title":{"rendered":"&#8218;GrowFlow\u2122 Pink Magic&#8216;"},"content":{"rendered":"<p>Gr\u00f6\u00dfere leuchtend pinkfarbige Bl\u00fcten und gro\u00dfe gr\u00fcne Bl\u00e4tter<\/p>\n","protected":false},"excerpt":{"rendered":"<p>Gr\u00f6\u00dfere leuchtend pinkfarbige Bl\u00fcten und gro\u00dfe gr\u00fcne Bl\u00e4tter<\/p>\n","protected":false},"featured_media":2124,"comment_status":"open","ping_status":"closed","template":"","meta":{"_acf_changed":false},"product_brand":[],"product_cat":[1173,1156],"product_tag":[],"brands":[1316,1315,1321,1313,1314],"labels":[],"class_list":{"0":"post-4747","1":"product","2":"type-product","3":"status-publish","4":"has-post-thumbnail","6":"product_cat-kraeuter","7":"product_cat-thymus-3","8":"brands-bewaesserung","9":"brands-kulturtemperatur-c","10":"brands-label-single-product-label-1","11":"brands-wuchsform","12":"brands-wuchshoehe","14":"first","15":"instock","16":"shipping-taxable","17":"product-type-simple"},"acf":[],"yoast_head":"<!-- This site is optimized with the Yoast SEO plugin v27.3 - https:\/\/yoast.com\/product\/yoast-seo-wordpress\/ -->\n<title>&#039;GrowFlow\u2122 Pink Magic&#039; - Hishtil Catalogue<\/title>\n<meta name=\"robots\" content=\"index, follow, max-snippet:-1, max-image-preview:large, max-video-preview:-1\" \/>\n<link rel=\"canonical\" href=\"https:\/\/catalogue.hishtil.com\/de\/produkt\/growflow-pink-magic\/\" \/>\n<meta property=\"og:locale\" content=\"de_DE\" \/>\n<meta property=\"og:type\" content=\"article\" \/>\n<meta property=\"og:title\" content=\"&#039;GrowFlow\u2122 Pink Magic&#039; - Hishtil Catalogue\" \/>\n<meta property=\"og:description\" content=\"Gr\u00f6\u00dfere leuchtend pinkfarbige Bl\u00fcten und gro\u00dfe gr\u00fcne Bl\u00e4tter\" \/>\n<meta property=\"og:url\" content=\"https:\/\/catalogue.hishtil.com\/de\/produkt\/growflow-pink-magic\/\" \/>\n<meta property=\"og:site_name\" content=\"Hishtil Catalogue\" \/>\n<meta name=\"twitter:card\" content=\"summary_large_image\" \/>\n<script type=\"application\/ld+json\" class=\"yoast-schema-graph\">{\"@context\":\"https:\\\/\\\/schema.org\",\"@graph\":[{\"@type\":\"WebPage\",\"@id\":\"https:\\\/\\\/catalogue.hishtil.com\\\/de\\\/produkt\\\/growflow-pink-magic\\\/\",\"url\":\"https:\\\/\\\/catalogue.hishtil.com\\\/de\\\/produkt\\\/growflow-pink-magic\\\/\",\"name\":\"'GrowFlow\u2122 Pink Magic' - Hishtil Catalogue\",\"isPartOf\":{\"@id\":\"https:\\\/\\\/catalogue.hishtil.com\\\/de\\\/#website\"},\"primaryImageOfPage\":{\"@id\":\"https:\\\/\\\/catalogue.hishtil.com\\\/de\\\/produkt\\\/growflow-pink-magic\\\/#primaryimage\"},\"image\":{\"@id\":\"https:\\\/\\\/catalogue.hishtil.com\\\/de\\\/produkt\\\/growflow-pink-magic\\\/#primaryimage\"},\"thumbnailUrl\":\"https:\\\/\\\/catalogue.hishtil.com\\\/wp-content\\\/uploads\\\/2023\\\/11\\\/PinkMagic.png\",\"datePublished\":\"2025-02-24T14:03:27+00:00\",\"breadcrumb\":{\"@id\":\"https:\\\/\\\/catalogue.hishtil.com\\\/de\\\/produkt\\\/growflow-pink-magic\\\/#breadcrumb\"},\"inLanguage\":\"de\",\"potentialAction\":[{\"@type\":\"ReadAction\",\"target\":[\"https:\\\/\\\/catalogue.hishtil.com\\\/de\\\/produkt\\\/growflow-pink-magic\\\/\"]}]},{\"@type\":\"ImageObject\",\"inLanguage\":\"de\",\"@id\":\"https:\\\/\\\/catalogue.hishtil.com\\\/de\\\/produkt\\\/growflow-pink-magic\\\/#primaryimage\",\"url\":\"https:\\\/\\\/catalogue.hishtil.com\\\/wp-content\\\/uploads\\\/2023\\\/11\\\/PinkMagic.png\",\"contentUrl\":\"https:\\\/\\\/catalogue.hishtil.com\\\/wp-content\\\/uploads\\\/2023\\\/11\\\/PinkMagic.png\",\"width\":625,\"height\":780},{\"@type\":\"BreadcrumbList\",\"@id\":\"https:\\\/\\\/catalogue.hishtil.com\\\/de\\\/produkt\\\/growflow-pink-magic\\\/#breadcrumb\",\"itemListElement\":[{\"@type\":\"ListItem\",\"position\":1,\"name\":\"Home\",\"item\":\"https:\\\/\\\/catalogue.hishtil.com\\\/de\\\/\"},{\"@type\":\"ListItem\",\"position\":2,\"name\":\"Products\",\"item\":\"https:\\\/\\\/catalogue.hishtil.com\\\/de\\\/products\\\/\"},{\"@type\":\"ListItem\",\"position\":3,\"name\":\"&#8218;GrowFlow\u2122 Pink Magic&#8216;\"}]},{\"@type\":\"WebSite\",\"@id\":\"https:\\\/\\\/catalogue.hishtil.com\\\/de\\\/#website\",\"url\":\"https:\\\/\\\/catalogue.hishtil.com\\\/de\\\/\",\"name\":\"Hishtil Catalogue\",\"description\":\"A leading plant - Nursery Company\",\"potentialAction\":[{\"@type\":\"SearchAction\",\"target\":{\"@type\":\"EntryPoint\",\"urlTemplate\":\"https:\\\/\\\/catalogue.hishtil.com\\\/de\\\/?s={search_term_string}\"},\"query-input\":{\"@type\":\"PropertyValueSpecification\",\"valueRequired\":true,\"valueName\":\"search_term_string\"}}],\"inLanguage\":\"de\"}]}<\/script>\n<!-- \/ Yoast SEO plugin. -->","yoast_head_json":{"title":"'GrowFlow\u2122 Pink Magic' - Hishtil Catalogue","robots":{"index":"index","follow":"follow","max-snippet":"max-snippet:-1","max-image-preview":"max-image-preview:large","max-video-preview":"max-video-preview:-1"},"canonical":"https:\/\/catalogue.hishtil.com\/de\/produkt\/growflow-pink-magic\/","og_locale":"de_DE","og_type":"article","og_title":"'GrowFlow\u2122 Pink Magic' - Hishtil Catalogue","og_description":"Gr\u00f6\u00dfere leuchtend pinkfarbige Bl\u00fcten und gro\u00dfe gr\u00fcne Bl\u00e4tter","og_url":"https:\/\/catalogue.hishtil.com\/de\/produkt\/growflow-pink-magic\/","og_site_name":"Hishtil Catalogue","twitter_card":"summary_large_image","schema":{"@context":"https:\/\/schema.org","@graph":[{"@type":"WebPage","@id":"https:\/\/catalogue.hishtil.com\/de\/produkt\/growflow-pink-magic\/","url":"https:\/\/catalogue.hishtil.com\/de\/produkt\/growflow-pink-magic\/","name":"'GrowFlow\u2122 Pink Magic' - Hishtil Catalogue","isPartOf":{"@id":"https:\/\/catalogue.hishtil.com\/de\/#website"},"primaryImageOfPage":{"@id":"https:\/\/catalogue.hishtil.com\/de\/produkt\/growflow-pink-magic\/#primaryimage"},"image":{"@id":"https:\/\/catalogue.hishtil.com\/de\/produkt\/growflow-pink-magic\/#primaryimage"},"thumbnailUrl":"https:\/\/catalogue.hishtil.com\/wp-content\/uploads\/2023\/11\/PinkMagic.png","datePublished":"2025-02-24T14:03:27+00:00","breadcrumb":{"@id":"https:\/\/catalogue.hishtil.com\/de\/produkt\/growflow-pink-magic\/#breadcrumb"},"inLanguage":"de","potentialAction":[{"@type":"ReadAction","target":["https:\/\/catalogue.hishtil.com\/de\/produkt\/growflow-pink-magic\/"]}]},{"@type":"ImageObject","inLanguage":"de","@id":"https:\/\/catalogue.hishtil.com\/de\/produkt\/growflow-pink-magic\/#primaryimage","url":"https:\/\/catalogue.hishtil.com\/wp-content\/uploads\/2023\/11\/PinkMagic.png","contentUrl":"https:\/\/catalogue.hishtil.com\/wp-content\/uploads\/2023\/11\/PinkMagic.png","width":625,"height":780},{"@type":"BreadcrumbList","@id":"https:\/\/catalogue.hishtil.com\/de\/produkt\/growflow-pink-magic\/#breadcrumb","itemListElement":[{"@type":"ListItem","position":1,"name":"Home","item":"https:\/\/catalogue.hishtil.com\/de\/"},{"@type":"ListItem","position":2,"name":"Products","item":"https:\/\/catalogue.hishtil.com\/de\/products\/"},{"@type":"ListItem","position":3,"name":"&#8218;GrowFlow\u2122 Pink Magic&#8216;"}]},{"@type":"WebSite","@id":"https:\/\/catalogue.hishtil.com\/de\/#website","url":"https:\/\/catalogue.hishtil.com\/de\/","name":"Hishtil Catalogue","description":"A leading plant - Nursery Company","potentialAction":[{"@type":"SearchAction","target":{"@type":"EntryPoint","urlTemplate":"https:\/\/catalogue.hishtil.com\/de\/?s={search_term_string}"},"query-input":{"@type":"PropertyValueSpecification","valueRequired":true,"valueName":"search_term_string"}}],"inLanguage":"de"}]}},"_links":{"self":[{"href":"https:\/\/catalogue.hishtil.com\/de\/wp-json\/wp\/v2\/product\/4747","targetHints":{"allow":["GET"]}}],"collection":[{"href":"https:\/\/catalogue.hishtil.com\/de\/wp-json\/wp\/v2\/product"}],"about":[{"href":"https:\/\/catalogue.hishtil.com\/de\/wp-json\/wp\/v2\/types\/product"}],"replies":[{"embeddable":true,"href":"https:\/\/catalogue.hishtil.com\/de\/wp-json\/wp\/v2\/comments?post=4747"}],"wp:featuredmedia":[{"embeddable":true,"href":"https:\/\/catalogue.hishtil.com\/de\/wp-json\/wp\/v2\/media\/2124"}],"wp:attachment":[{"href":"https:\/\/catalogue.hishtil.com\/de\/wp-json\/wp\/v2\/media?parent=4747"}],"wp:term":[{"taxonomy":"product_brand","embeddable":true,"href":"https:\/\/catalogue.hishtil.com\/de\/wp-json\/wp\/v2\/product_brand?post=4747"},{"taxonomy":"product_cat","embeddable":true,"href":"https:\/\/catalogue.hishtil.com\/de\/wp-json\/wp\/v2\/product_cat?post=4747"},{"taxonomy":"product_tag","embeddable":true,"href":"https:\/\/catalogue.hishtil.com\/de\/wp-json\/wp\/v2\/product_tag?post=4747"},{"taxonomy":"brands","embeddable":true,"href":"https:\/\/catalogue.hishtil.com\/de\/wp-json\/wp\/v2\/brands?post=4747"},{"taxonomy":"labels","embeddable":true,"href":"https:\/\/catalogue.hishtil.com\/de\/wp-json\/wp\/v2\/labels?post=4747"}],"curies":[{"name":"wp","href":"https:\/\/api.w.org\/{rel}","templated":true}]}}