{"id":4779,"date":"2024-11-25T09:29:27","date_gmt":"2025-03-16T13:29:18","guid":{"rendered":"https:\/\/catalogue.hishtil.com\/product\/ovalvet-p-2\/"},"modified":"2025-12-05T10:01:19","modified_gmt":"2025-12-05T10:01:19","slug":"ovalvet-p-2","status":"publish","type":"product","link":"https:\/\/catalogue.hishtil.com\/de\/produkt\/ovalvet-p-2\/","title":{"rendered":"Ovalvet&#8216; <sup>P<\/sup>"},"content":{"rendered":"<p>Salvia officinalis \u201eOvalvet\u201c ist eine einzigartige Salbeisorte, welche f\u00fcr ihren s\u00fc\u00dfen Duft und die runden, samtigen graugr\u00fcnen Bl\u00e4tter gesch\u00e4tzt wird. \u201eOvalvet\u201c weist eine beeindruckende Toleranz gegen\u00fcber dem Echtem Mehltau auf. Salvias sind mehrj\u00e4hrige Pflanzen, immergr\u00fcne Halbstr\u00e4ucher mit holzigen Stielen, die seit der Antike auf Grund ihrer heilenden und kulinarischen Wirkung gesch\u00e4tzt werden. \u201eOvalvet\u201c verk\u00f6rpert die sch\u00f6nsten Eigenschaften der Natur und bietet sowohl Sch\u00f6nheit als auch Funktionalit\u00e4t.<\/p>\n","protected":false},"excerpt":{"rendered":"<p>Salvia officinalis \u201eOvalvet\u201c ist eine einzigartige Salbeisorte, welche f\u00fcr ihren s\u00fc\u00dfen Duft und die runden, samtigen graugr\u00fcnen Bl\u00e4tter gesch\u00e4tzt wird. \u201eOvalvet\u201c weist eine beeindruckende Toleranz gegen\u00fcber dem Echtem Mehltau auf. Salvias sind mehrj\u00e4hrige Pflanzen, immergr\u00fcne Halbstr\u00e4ucher mit holzigen Stielen, die seit der Antike auf Grund ihrer heilenden und kulinarischen Wirkung gesch\u00e4tzt werden. \u201eOvalvet\u201c verk\u00f6rpert die [&hellip;]<\/p>\n","protected":false},"featured_media":4326,"comment_status":"open","ping_status":"closed","template":"","meta":{"_acf_changed":false},"product_brand":[],"product_cat":[1173,1208,1060],"product_tag":[],"brands":[1199,1140,1137],"labels":[259],"class_list":{"0":"post-4779","1":"product","2":"type-product","3":"status-publish","4":"has-post-thumbnail","6":"product_cat-kraeuter","7":"product_cat-salbei","8":"product_cat-salvia-2","9":"brands-extrakt","10":"brands-neuheiten","11":"brands-x-hishtil-6","12":"labels-new-de","14":"first","15":"instock","16":"shipping-taxable","17":"product-type-simple"},"acf":[],"yoast_head":"<!-- This site is optimized with the Yoast SEO plugin v27.4 - https:\/\/yoast.com\/product\/yoast-seo-wordpress\/ -->\n<title>Ovalvet&#039; P - Hishtil Catalogue<\/title>\n<meta name=\"robots\" content=\"index, follow, max-snippet:-1, max-image-preview:large, max-video-preview:-1\" \/>\n<link rel=\"canonical\" href=\"https:\/\/catalogue.hishtil.com\/de\/produkt\/ovalvet-p-2\/\" \/>\n<meta property=\"og:locale\" content=\"de_DE\" \/>\n<meta property=\"og:type\" content=\"article\" \/>\n<meta property=\"og:title\" content=\"Ovalvet&#039; P - Hishtil Catalogue\" \/>\n<meta property=\"og:description\" content=\"Salvia officinalis \u201eOvalvet\u201c ist eine einzigartige Salbeisorte, welche f\u00fcr ihren s\u00fc\u00dfen Duft und die runden, samtigen graugr\u00fcnen Bl\u00e4tter gesch\u00e4tzt wird. \u201eOvalvet\u201c weist eine beeindruckende Toleranz gegen\u00fcber dem Echtem Mehltau auf. Salvias sind mehrj\u00e4hrige Pflanzen, immergr\u00fcne Halbstr\u00e4ucher mit holzigen Stielen, die seit der Antike auf Grund ihrer heilenden und kulinarischen Wirkung gesch\u00e4tzt werden. \u201eOvalvet\u201c verk\u00f6rpert die [&hellip;]\" \/>\n<meta property=\"og:url\" content=\"https:\/\/catalogue.hishtil.com\/de\/produkt\/ovalvet-p-2\/\" \/>\n<meta property=\"og:site_name\" content=\"Hishtil Catalogue\" \/>\n<meta property=\"article:modified_time\" content=\"2025-12-05T10:01:19+00:00\" \/>\n<meta property=\"og:image\" content=\"https:\/\/catalogue.hishtil.com\/wp-content\/uploads\/2024\/11\/Ovalvet.png\" \/>\n\t<meta property=\"og:image:width\" content=\"625\" \/>\n\t<meta property=\"og:image:height\" content=\"780\" \/>\n\t<meta property=\"og:image:type\" content=\"image\/png\" \/>\n<meta name=\"twitter:card\" content=\"summary_large_image\" \/>\n<meta name=\"twitter:label1\" content=\"Gesch\u00e4tzte Lesezeit\" \/>\n\t<meta name=\"twitter:data1\" content=\"1\u00a0Minute\" \/>\n<script type=\"application\/ld+json\" class=\"yoast-schema-graph\">{\"@context\":\"https:\\\/\\\/schema.org\",\"@graph\":[{\"@type\":\"WebPage\",\"@id\":\"https:\\\/\\\/catalogue.hishtil.com\\\/de\\\/produkt\\\/ovalvet-p-2\\\/\",\"url\":\"https:\\\/\\\/catalogue.hishtil.com\\\/de\\\/produkt\\\/ovalvet-p-2\\\/\",\"name\":\"Ovalvet' P - Hishtil Catalogue\",\"isPartOf\":{\"@id\":\"https:\\\/\\\/catalogue.hishtil.com\\\/de\\\/#website\"},\"primaryImageOfPage\":{\"@id\":\"https:\\\/\\\/catalogue.hishtil.com\\\/de\\\/produkt\\\/ovalvet-p-2\\\/#primaryimage\"},\"image\":{\"@id\":\"https:\\\/\\\/catalogue.hishtil.com\\\/de\\\/produkt\\\/ovalvet-p-2\\\/#primaryimage\"},\"thumbnailUrl\":\"https:\\\/\\\/catalogue.hishtil.com\\\/wp-content\\\/uploads\\\/2024\\\/11\\\/Ovalvet.png\",\"datePublished\":\"2025-03-16T13:29:18+00:00\",\"dateModified\":\"2025-12-05T10:01:19+00:00\",\"breadcrumb\":{\"@id\":\"https:\\\/\\\/catalogue.hishtil.com\\\/de\\\/produkt\\\/ovalvet-p-2\\\/#breadcrumb\"},\"inLanguage\":\"de\",\"potentialAction\":[{\"@type\":\"ReadAction\",\"target\":[\"https:\\\/\\\/catalogue.hishtil.com\\\/de\\\/produkt\\\/ovalvet-p-2\\\/\"]}]},{\"@type\":\"ImageObject\",\"inLanguage\":\"de\",\"@id\":\"https:\\\/\\\/catalogue.hishtil.com\\\/de\\\/produkt\\\/ovalvet-p-2\\\/#primaryimage\",\"url\":\"https:\\\/\\\/catalogue.hishtil.com\\\/wp-content\\\/uploads\\\/2024\\\/11\\\/Ovalvet.png\",\"contentUrl\":\"https:\\\/\\\/catalogue.hishtil.com\\\/wp-content\\\/uploads\\\/2024\\\/11\\\/Ovalvet.png\",\"width\":625,\"height\":780},{\"@type\":\"BreadcrumbList\",\"@id\":\"https:\\\/\\\/catalogue.hishtil.com\\\/de\\\/produkt\\\/ovalvet-p-2\\\/#breadcrumb\",\"itemListElement\":[{\"@type\":\"ListItem\",\"position\":1,\"name\":\"Home\",\"item\":\"https:\\\/\\\/catalogue.hishtil.com\\\/de\\\/\"},{\"@type\":\"ListItem\",\"position\":2,\"name\":\"Products\",\"item\":\"https:\\\/\\\/catalogue.hishtil.com\\\/de\\\/products\\\/\"},{\"@type\":\"ListItem\",\"position\":3,\"name\":\"Ovalvet&#8216; P\"}]},{\"@type\":\"WebSite\",\"@id\":\"https:\\\/\\\/catalogue.hishtil.com\\\/de\\\/#website\",\"url\":\"https:\\\/\\\/catalogue.hishtil.com\\\/de\\\/\",\"name\":\"Hishtil Catalogue\",\"description\":\"A leading plant - Nursery Company\",\"potentialAction\":[{\"@type\":\"SearchAction\",\"target\":{\"@type\":\"EntryPoint\",\"urlTemplate\":\"https:\\\/\\\/catalogue.hishtil.com\\\/de\\\/?s={search_term_string}\"},\"query-input\":{\"@type\":\"PropertyValueSpecification\",\"valueRequired\":true,\"valueName\":\"search_term_string\"}}],\"inLanguage\":\"de\"}]}<\/script>\n<!-- \/ Yoast SEO plugin. -->","yoast_head_json":{"title":"Ovalvet' P - Hishtil Catalogue","robots":{"index":"index","follow":"follow","max-snippet":"max-snippet:-1","max-image-preview":"max-image-preview:large","max-video-preview":"max-video-preview:-1"},"canonical":"https:\/\/catalogue.hishtil.com\/de\/produkt\/ovalvet-p-2\/","og_locale":"de_DE","og_type":"article","og_title":"Ovalvet' P - Hishtil Catalogue","og_description":"Salvia officinalis \u201eOvalvet\u201c ist eine einzigartige Salbeisorte, welche f\u00fcr ihren s\u00fc\u00dfen Duft und die runden, samtigen graugr\u00fcnen Bl\u00e4tter gesch\u00e4tzt wird. \u201eOvalvet\u201c weist eine beeindruckende Toleranz gegen\u00fcber dem Echtem Mehltau auf. Salvias sind mehrj\u00e4hrige Pflanzen, immergr\u00fcne Halbstr\u00e4ucher mit holzigen Stielen, die seit der Antike auf Grund ihrer heilenden und kulinarischen Wirkung gesch\u00e4tzt werden. \u201eOvalvet\u201c verk\u00f6rpert die [&hellip;]","og_url":"https:\/\/catalogue.hishtil.com\/de\/produkt\/ovalvet-p-2\/","og_site_name":"Hishtil Catalogue","article_modified_time":"2025-12-05T10:01:19+00:00","og_image":[{"width":625,"height":780,"url":"https:\/\/catalogue.hishtil.com\/wp-content\/uploads\/2024\/11\/Ovalvet.png","type":"image\/png"}],"twitter_card":"summary_large_image","twitter_misc":{"Gesch\u00e4tzte Lesezeit":"1\u00a0Minute"},"schema":{"@context":"https:\/\/schema.org","@graph":[{"@type":"WebPage","@id":"https:\/\/catalogue.hishtil.com\/de\/produkt\/ovalvet-p-2\/","url":"https:\/\/catalogue.hishtil.com\/de\/produkt\/ovalvet-p-2\/","name":"Ovalvet' P - Hishtil Catalogue","isPartOf":{"@id":"https:\/\/catalogue.hishtil.com\/de\/#website"},"primaryImageOfPage":{"@id":"https:\/\/catalogue.hishtil.com\/de\/produkt\/ovalvet-p-2\/#primaryimage"},"image":{"@id":"https:\/\/catalogue.hishtil.com\/de\/produkt\/ovalvet-p-2\/#primaryimage"},"thumbnailUrl":"https:\/\/catalogue.hishtil.com\/wp-content\/uploads\/2024\/11\/Ovalvet.png","datePublished":"2025-03-16T13:29:18+00:00","dateModified":"2025-12-05T10:01:19+00:00","breadcrumb":{"@id":"https:\/\/catalogue.hishtil.com\/de\/produkt\/ovalvet-p-2\/#breadcrumb"},"inLanguage":"de","potentialAction":[{"@type":"ReadAction","target":["https:\/\/catalogue.hishtil.com\/de\/produkt\/ovalvet-p-2\/"]}]},{"@type":"ImageObject","inLanguage":"de","@id":"https:\/\/catalogue.hishtil.com\/de\/produkt\/ovalvet-p-2\/#primaryimage","url":"https:\/\/catalogue.hishtil.com\/wp-content\/uploads\/2024\/11\/Ovalvet.png","contentUrl":"https:\/\/catalogue.hishtil.com\/wp-content\/uploads\/2024\/11\/Ovalvet.png","width":625,"height":780},{"@type":"BreadcrumbList","@id":"https:\/\/catalogue.hishtil.com\/de\/produkt\/ovalvet-p-2\/#breadcrumb","itemListElement":[{"@type":"ListItem","position":1,"name":"Home","item":"https:\/\/catalogue.hishtil.com\/de\/"},{"@type":"ListItem","position":2,"name":"Products","item":"https:\/\/catalogue.hishtil.com\/de\/products\/"},{"@type":"ListItem","position":3,"name":"Ovalvet&#8216; P"}]},{"@type":"WebSite","@id":"https:\/\/catalogue.hishtil.com\/de\/#website","url":"https:\/\/catalogue.hishtil.com\/de\/","name":"Hishtil Catalogue","description":"A leading plant - Nursery Company","potentialAction":[{"@type":"SearchAction","target":{"@type":"EntryPoint","urlTemplate":"https:\/\/catalogue.hishtil.com\/de\/?s={search_term_string}"},"query-input":{"@type":"PropertyValueSpecification","valueRequired":true,"valueName":"search_term_string"}}],"inLanguage":"de"}]}},"_links":{"self":[{"href":"https:\/\/catalogue.hishtil.com\/de\/wp-json\/wp\/v2\/product\/4779","targetHints":{"allow":["GET"]}}],"collection":[{"href":"https:\/\/catalogue.hishtil.com\/de\/wp-json\/wp\/v2\/product"}],"about":[{"href":"https:\/\/catalogue.hishtil.com\/de\/wp-json\/wp\/v2\/types\/product"}],"replies":[{"embeddable":true,"href":"https:\/\/catalogue.hishtil.com\/de\/wp-json\/wp\/v2\/comments?post=4779"}],"wp:featuredmedia":[{"embeddable":true,"href":"https:\/\/catalogue.hishtil.com\/de\/wp-json\/wp\/v2\/media\/4326"}],"wp:attachment":[{"href":"https:\/\/catalogue.hishtil.com\/de\/wp-json\/wp\/v2\/media?parent=4779"}],"wp:term":[{"taxonomy":"product_brand","embeddable":true,"href":"https:\/\/catalogue.hishtil.com\/de\/wp-json\/wp\/v2\/product_brand?post=4779"},{"taxonomy":"product_cat","embeddable":true,"href":"https:\/\/catalogue.hishtil.com\/de\/wp-json\/wp\/v2\/product_cat?post=4779"},{"taxonomy":"product_tag","embeddable":true,"href":"https:\/\/catalogue.hishtil.com\/de\/wp-json\/wp\/v2\/product_tag?post=4779"},{"taxonomy":"brands","embeddable":true,"href":"https:\/\/catalogue.hishtil.com\/de\/wp-json\/wp\/v2\/brands?post=4779"},{"taxonomy":"labels","embeddable":true,"href":"https:\/\/catalogue.hishtil.com\/de\/wp-json\/wp\/v2\/labels?post=4779"}],"curies":[{"name":"wp","href":"https:\/\/api.w.org\/{rel}","templated":true}]}}