{"id":4780,"date":"2025-10-08T11:42:52","date_gmt":"2025-10-08T11:42:52","guid":{"rendered":"https:\/\/catalogue.hishtil.com\/product\/green-ginger\/"},"modified":"2025-12-05T10:01:32","modified_gmt":"2025-12-05T10:01:32","slug":"zoreganop","status":"publish","type":"product","link":"https:\/\/catalogue.hishtil.com\/de\/produkt\/zoreganop\/","title":{"rendered":"Zoregano&#8217;P"},"content":{"rendered":"<p>Zoregano (Origanum vulgare) ist eine ertragreiche Oregano-Sorte mit mattgr\u00fcnem Laub, au\u00dfergew\u00f6hnlicher Toleranz gegen\u00fcber Rost und Echtem Mehltau sowie einem carvacrolreichen \u00e4therischen \u00d6lprofil. Diese robuste Selektion hat sich unter mediterranen Anbaubedingungen bew\u00e4hrt und bietet Erzeugern zuverl\u00e4ssige Leistung bei gleichzeitig herausragendem Geschmack, Aroma und Frische f\u00fcr Kulinarische.<\/p>\n","protected":false},"excerpt":{"rendered":"<p>Zoregano (Origanum vulgare) ist eine ertragreiche Oregano-Sorte mit mattgr\u00fcnem Laub, au\u00dfergew\u00f6hnlicher Toleranz gegen\u00fcber Rost und Echtem Mehltau sowie einem carvacrolreichen \u00e4therischen \u00d6lprofil. Diese robuste Selektion hat sich unter mediterranen Anbaubedingungen bew\u00e4hrt und bietet Erzeugern zuverl\u00e4ssige Leistung bei gleichzeitig herausragendem Geschmack, Aroma und Frische f\u00fcr Kulinarische.<\/p>\n","protected":false},"featured_media":4981,"comment_status":"open","ping_status":"closed","template":"","meta":{"_acf_changed":false},"product_brand":[],"product_cat":[1173,1153],"product_tag":[],"brands":[1199,1137],"labels":[263],"class_list":{"0":"post-4780","1":"product","2":"type-product","3":"status-publish","4":"has-post-thumbnail","6":"product_cat-kraeuter","7":"product_cat-origanum-3","8":"brands-extrakt","9":"brands-x-hishtil-6","10":"labels-new-exclusive-de","12":"first","13":"instock","14":"shipping-taxable","15":"product-type-simple"},"acf":[],"yoast_head":"<!-- This site is optimized with the Yoast SEO plugin v27.4 - https:\/\/yoast.com\/product\/yoast-seo-wordpress\/ -->\n<title>Zoregano&#039;P - Hishtil Catalogue<\/title>\n<meta name=\"robots\" content=\"index, follow, max-snippet:-1, max-image-preview:large, max-video-preview:-1\" \/>\n<link rel=\"canonical\" href=\"https:\/\/catalogue.hishtil.com\/de\/produkt\/zoreganop\/\" \/>\n<meta property=\"og:locale\" content=\"de_DE\" \/>\n<meta property=\"og:type\" content=\"article\" \/>\n<meta property=\"og:title\" content=\"Zoregano&#039;P - Hishtil Catalogue\" \/>\n<meta property=\"og:description\" content=\"Zoregano (Origanum vulgare) ist eine ertragreiche Oregano-Sorte mit mattgr\u00fcnem Laub, au\u00dfergew\u00f6hnlicher Toleranz gegen\u00fcber Rost und Echtem Mehltau sowie einem carvacrolreichen \u00e4therischen \u00d6lprofil. Diese robuste Selektion hat sich unter mediterranen Anbaubedingungen bew\u00e4hrt und bietet Erzeugern zuverl\u00e4ssige Leistung bei gleichzeitig herausragendem Geschmack, Aroma und Frische f\u00fcr Kulinarische.\" \/>\n<meta property=\"og:url\" content=\"https:\/\/catalogue.hishtil.com\/de\/produkt\/zoreganop\/\" \/>\n<meta property=\"og:site_name\" content=\"Hishtil Catalogue\" \/>\n<meta property=\"article:modified_time\" content=\"2025-12-05T10:01:32+00:00\" \/>\n<meta property=\"og:image\" content=\"https:\/\/catalogue.hishtil.com\/wp-content\/uploads\/2025\/10\/Origanum_vulg_Zoregano__01.png\" \/>\n\t<meta property=\"og:image:width\" content=\"625\" \/>\n\t<meta property=\"og:image:height\" content=\"780\" \/>\n\t<meta property=\"og:image:type\" content=\"image\/png\" \/>\n<meta name=\"twitter:card\" content=\"summary_large_image\" \/>\n<meta name=\"twitter:label1\" content=\"Gesch\u00e4tzte Lesezeit\" \/>\n\t<meta name=\"twitter:data1\" content=\"1\u00a0Minute\" \/>\n<script type=\"application\/ld+json\" class=\"yoast-schema-graph\">{\"@context\":\"https:\\\/\\\/schema.org\",\"@graph\":[{\"@type\":\"WebPage\",\"@id\":\"https:\\\/\\\/catalogue.hishtil.com\\\/de\\\/produkt\\\/zoreganop\\\/\",\"url\":\"https:\\\/\\\/catalogue.hishtil.com\\\/de\\\/produkt\\\/zoreganop\\\/\",\"name\":\"Zoregano'P - Hishtil Catalogue\",\"isPartOf\":{\"@id\":\"https:\\\/\\\/catalogue.hishtil.com\\\/de\\\/#website\"},\"primaryImageOfPage\":{\"@id\":\"https:\\\/\\\/catalogue.hishtil.com\\\/de\\\/produkt\\\/zoreganop\\\/#primaryimage\"},\"image\":{\"@id\":\"https:\\\/\\\/catalogue.hishtil.com\\\/de\\\/produkt\\\/zoreganop\\\/#primaryimage\"},\"thumbnailUrl\":\"https:\\\/\\\/catalogue.hishtil.com\\\/wp-content\\\/uploads\\\/2025\\\/10\\\/Origanum_vulg_Zoregano__01.png\",\"datePublished\":\"2025-10-08T11:42:52+00:00\",\"dateModified\":\"2025-12-05T10:01:32+00:00\",\"breadcrumb\":{\"@id\":\"https:\\\/\\\/catalogue.hishtil.com\\\/de\\\/produkt\\\/zoreganop\\\/#breadcrumb\"},\"inLanguage\":\"de\",\"potentialAction\":[{\"@type\":\"ReadAction\",\"target\":[\"https:\\\/\\\/catalogue.hishtil.com\\\/de\\\/produkt\\\/zoreganop\\\/\"]}]},{\"@type\":\"ImageObject\",\"inLanguage\":\"de\",\"@id\":\"https:\\\/\\\/catalogue.hishtil.com\\\/de\\\/produkt\\\/zoreganop\\\/#primaryimage\",\"url\":\"https:\\\/\\\/catalogue.hishtil.com\\\/wp-content\\\/uploads\\\/2025\\\/10\\\/Origanum_vulg_Zoregano__01.png\",\"contentUrl\":\"https:\\\/\\\/catalogue.hishtil.com\\\/wp-content\\\/uploads\\\/2025\\\/10\\\/Origanum_vulg_Zoregano__01.png\",\"width\":625,\"height\":780},{\"@type\":\"BreadcrumbList\",\"@id\":\"https:\\\/\\\/catalogue.hishtil.com\\\/de\\\/produkt\\\/zoreganop\\\/#breadcrumb\",\"itemListElement\":[{\"@type\":\"ListItem\",\"position\":1,\"name\":\"Home\",\"item\":\"https:\\\/\\\/catalogue.hishtil.com\\\/de\\\/\"},{\"@type\":\"ListItem\",\"position\":2,\"name\":\"Products\",\"item\":\"https:\\\/\\\/catalogue.hishtil.com\\\/de\\\/products\\\/\"},{\"@type\":\"ListItem\",\"position\":3,\"name\":\"Zoregano&#8217;P\"}]},{\"@type\":\"WebSite\",\"@id\":\"https:\\\/\\\/catalogue.hishtil.com\\\/de\\\/#website\",\"url\":\"https:\\\/\\\/catalogue.hishtil.com\\\/de\\\/\",\"name\":\"Hishtil Catalogue\",\"description\":\"A leading plant - Nursery Company\",\"potentialAction\":[{\"@type\":\"SearchAction\",\"target\":{\"@type\":\"EntryPoint\",\"urlTemplate\":\"https:\\\/\\\/catalogue.hishtil.com\\\/de\\\/?s={search_term_string}\"},\"query-input\":{\"@type\":\"PropertyValueSpecification\",\"valueRequired\":true,\"valueName\":\"search_term_string\"}}],\"inLanguage\":\"de\"}]}<\/script>\n<!-- \/ Yoast SEO plugin. -->","yoast_head_json":{"title":"Zoregano'P - Hishtil Catalogue","robots":{"index":"index","follow":"follow","max-snippet":"max-snippet:-1","max-image-preview":"max-image-preview:large","max-video-preview":"max-video-preview:-1"},"canonical":"https:\/\/catalogue.hishtil.com\/de\/produkt\/zoreganop\/","og_locale":"de_DE","og_type":"article","og_title":"Zoregano'P - Hishtil Catalogue","og_description":"Zoregano (Origanum vulgare) ist eine ertragreiche Oregano-Sorte mit mattgr\u00fcnem Laub, au\u00dfergew\u00f6hnlicher Toleranz gegen\u00fcber Rost und Echtem Mehltau sowie einem carvacrolreichen \u00e4therischen \u00d6lprofil. Diese robuste Selektion hat sich unter mediterranen Anbaubedingungen bew\u00e4hrt und bietet Erzeugern zuverl\u00e4ssige Leistung bei gleichzeitig herausragendem Geschmack, Aroma und Frische f\u00fcr Kulinarische.","og_url":"https:\/\/catalogue.hishtil.com\/de\/produkt\/zoreganop\/","og_site_name":"Hishtil Catalogue","article_modified_time":"2025-12-05T10:01:32+00:00","og_image":[{"width":625,"height":780,"url":"https:\/\/catalogue.hishtil.com\/wp-content\/uploads\/2025\/10\/Origanum_vulg_Zoregano__01.png","type":"image\/png"}],"twitter_card":"summary_large_image","twitter_misc":{"Gesch\u00e4tzte Lesezeit":"1\u00a0Minute"},"schema":{"@context":"https:\/\/schema.org","@graph":[{"@type":"WebPage","@id":"https:\/\/catalogue.hishtil.com\/de\/produkt\/zoreganop\/","url":"https:\/\/catalogue.hishtil.com\/de\/produkt\/zoreganop\/","name":"Zoregano'P - Hishtil Catalogue","isPartOf":{"@id":"https:\/\/catalogue.hishtil.com\/de\/#website"},"primaryImageOfPage":{"@id":"https:\/\/catalogue.hishtil.com\/de\/produkt\/zoreganop\/#primaryimage"},"image":{"@id":"https:\/\/catalogue.hishtil.com\/de\/produkt\/zoreganop\/#primaryimage"},"thumbnailUrl":"https:\/\/catalogue.hishtil.com\/wp-content\/uploads\/2025\/10\/Origanum_vulg_Zoregano__01.png","datePublished":"2025-10-08T11:42:52+00:00","dateModified":"2025-12-05T10:01:32+00:00","breadcrumb":{"@id":"https:\/\/catalogue.hishtil.com\/de\/produkt\/zoreganop\/#breadcrumb"},"inLanguage":"de","potentialAction":[{"@type":"ReadAction","target":["https:\/\/catalogue.hishtil.com\/de\/produkt\/zoreganop\/"]}]},{"@type":"ImageObject","inLanguage":"de","@id":"https:\/\/catalogue.hishtil.com\/de\/produkt\/zoreganop\/#primaryimage","url":"https:\/\/catalogue.hishtil.com\/wp-content\/uploads\/2025\/10\/Origanum_vulg_Zoregano__01.png","contentUrl":"https:\/\/catalogue.hishtil.com\/wp-content\/uploads\/2025\/10\/Origanum_vulg_Zoregano__01.png","width":625,"height":780},{"@type":"BreadcrumbList","@id":"https:\/\/catalogue.hishtil.com\/de\/produkt\/zoreganop\/#breadcrumb","itemListElement":[{"@type":"ListItem","position":1,"name":"Home","item":"https:\/\/catalogue.hishtil.com\/de\/"},{"@type":"ListItem","position":2,"name":"Products","item":"https:\/\/catalogue.hishtil.com\/de\/products\/"},{"@type":"ListItem","position":3,"name":"Zoregano&#8217;P"}]},{"@type":"WebSite","@id":"https:\/\/catalogue.hishtil.com\/de\/#website","url":"https:\/\/catalogue.hishtil.com\/de\/","name":"Hishtil Catalogue","description":"A leading plant - Nursery Company","potentialAction":[{"@type":"SearchAction","target":{"@type":"EntryPoint","urlTemplate":"https:\/\/catalogue.hishtil.com\/de\/?s={search_term_string}"},"query-input":{"@type":"PropertyValueSpecification","valueRequired":true,"valueName":"search_term_string"}}],"inLanguage":"de"}]}},"_links":{"self":[{"href":"https:\/\/catalogue.hishtil.com\/de\/wp-json\/wp\/v2\/product\/4780","targetHints":{"allow":["GET"]}}],"collection":[{"href":"https:\/\/catalogue.hishtil.com\/de\/wp-json\/wp\/v2\/product"}],"about":[{"href":"https:\/\/catalogue.hishtil.com\/de\/wp-json\/wp\/v2\/types\/product"}],"replies":[{"embeddable":true,"href":"https:\/\/catalogue.hishtil.com\/de\/wp-json\/wp\/v2\/comments?post=4780"}],"wp:featuredmedia":[{"embeddable":true,"href":"https:\/\/catalogue.hishtil.com\/de\/wp-json\/wp\/v2\/media\/4981"}],"wp:attachment":[{"href":"https:\/\/catalogue.hishtil.com\/de\/wp-json\/wp\/v2\/media?parent=4780"}],"wp:term":[{"taxonomy":"product_brand","embeddable":true,"href":"https:\/\/catalogue.hishtil.com\/de\/wp-json\/wp\/v2\/product_brand?post=4780"},{"taxonomy":"product_cat","embeddable":true,"href":"https:\/\/catalogue.hishtil.com\/de\/wp-json\/wp\/v2\/product_cat?post=4780"},{"taxonomy":"product_tag","embeddable":true,"href":"https:\/\/catalogue.hishtil.com\/de\/wp-json\/wp\/v2\/product_tag?post=4780"},{"taxonomy":"brands","embeddable":true,"href":"https:\/\/catalogue.hishtil.com\/de\/wp-json\/wp\/v2\/brands?post=4780"},{"taxonomy":"labels","embeddable":true,"href":"https:\/\/catalogue.hishtil.com\/de\/wp-json\/wp\/v2\/labels?post=4780"}],"curies":[{"name":"wp","href":"https:\/\/api.w.org\/{rel}","templated":true}]}}