{"id":4794,"date":"2025-03-25T07:40:54","date_gmt":"2025-03-25T07:40:54","guid":{"rendered":"https:\/\/catalogue.hishtil.com\/product\/exceptional-tm\/"},"modified":"2025-12-05T10:01:17","modified_gmt":"2025-12-05T10:01:17","slug":"exceptional-tm","status":"publish","type":"product","link":"https:\/\/catalogue.hishtil.com\/de\/produkt\/exceptional-tm\/","title":{"rendered":"Exceptional &#8218;<sup>TM<\/sup>"},"content":{"rendered":"<p>Lavandula x intermedia &#8218;Exceptional,&#8216; der 2023 Chelsea Award Gewinner, ist eine robuste Hybride, bekannt f\u00fcr ihre Ausdauer, Widerstandskraft und hohe Toleranz gegen Trockenheit und Hitze. Diese Lavendelsorte zeichnet sich durch einen gut verzweigten Pflanzenaufbau, eine lange Bl\u00fctezeit, sowie \u00fcberw\u00e4ltigendes leuchtendes silbriges Laub aus, welches das ganze Jahr \u00fcber f\u00fcr Attraktivit\u00e4t im Garten sorgt. Ihre breiten dicken Bl\u00e4tter passen perfekt zu den dichten, gro\u00dfen Bl\u00fctenrispen mit reinwei\u00dfen Bl\u00fcten, welche einen herrlichen Duft verstr\u00f6men und zahlreiche Best\u00e4uber anlocken. Durch ein starkes Wurzelwerk und die hohe Toleranz gegen\u00fcber Blatt- und Wurzelkrankheiten, zeichnet sich \u201eExceptional\u201c als einzigartiger, einfach anzubauender Lavendel aus, der Sorten wie Lavandula x intermedia \u201ePhenomenal\u201c nahtlos erg\u00e4nzt.<\/p>\n","protected":false},"excerpt":{"rendered":"<p>Lavandula x intermedia &#8218;Exceptional,&#8216; der 2023 Chelsea Award Gewinner, ist eine robuste Hybride, bekannt f\u00fcr ihre Ausdauer, Widerstandskraft und hohe Toleranz gegen Trockenheit und Hitze. Diese Lavendelsorte zeichnet sich durch einen gut verzweigten Pflanzenaufbau, eine lange Bl\u00fctezeit, sowie \u00fcberw\u00e4ltigendes leuchtendes silbriges Laub aus, welches das ganze Jahr \u00fcber f\u00fcr Attraktivit\u00e4t im Garten sorgt. Ihre breiten [&hellip;]<\/p>\n","protected":false},"featured_media":4342,"comment_status":"open","ping_status":"closed","template":"","meta":{"_acf_changed":false},"product_brand":[],"product_cat":[1206,1173,1205],"product_tag":[],"brands":[1141,1199,1140],"labels":[259],"class_list":{"0":"post-4794","1":"product","2":"type-product","3":"status-publish","4":"has-post-thumbnail","6":"product_cat-intermedia-andere","7":"product_cat-kraeuter","8":"product_cat-lavendel","9":"brands-bestaeuberfreundlich","10":"brands-extrakt","11":"brands-neuheiten","12":"labels-new-de","14":"first","15":"instock","16":"shipping-taxable","17":"product-type-simple"},"acf":[],"yoast_head":"<!-- This site is optimized with the Yoast SEO plugin v27.4 - https:\/\/yoast.com\/product\/yoast-seo-wordpress\/ -->\n<title>Exceptional &#039;TM - Hishtil Catalogue<\/title>\n<meta name=\"robots\" content=\"index, follow, max-snippet:-1, max-image-preview:large, max-video-preview:-1\" \/>\n<link rel=\"canonical\" href=\"https:\/\/catalogue.hishtil.com\/de\/produkt\/exceptional-tm\/\" \/>\n<meta property=\"og:locale\" content=\"de_DE\" \/>\n<meta property=\"og:type\" content=\"article\" \/>\n<meta property=\"og:title\" content=\"Exceptional &#039;TM - Hishtil Catalogue\" \/>\n<meta property=\"og:description\" content=\"Lavandula x intermedia &#8218;Exceptional,&#8216; der 2023 Chelsea Award Gewinner, ist eine robuste Hybride, bekannt f\u00fcr ihre Ausdauer, Widerstandskraft und hohe Toleranz gegen Trockenheit und Hitze. Diese Lavendelsorte zeichnet sich durch einen gut verzweigten Pflanzenaufbau, eine lange Bl\u00fctezeit, sowie \u00fcberw\u00e4ltigendes leuchtendes silbriges Laub aus, welches das ganze Jahr \u00fcber f\u00fcr Attraktivit\u00e4t im Garten sorgt. Ihre breiten [&hellip;]\" \/>\n<meta property=\"og:url\" content=\"https:\/\/catalogue.hishtil.com\/de\/produkt\/exceptional-tm\/\" \/>\n<meta property=\"og:site_name\" content=\"Hishtil Catalogue\" \/>\n<meta property=\"article:modified_time\" content=\"2025-12-05T10:01:17+00:00\" \/>\n<meta property=\"og:image\" content=\"https:\/\/catalogue.hishtil.com\/wp-content\/uploads\/2024\/11\/Lavendula-Exceptional_wanna-be-isolated-1024x985.png\" \/>\n\t<meta property=\"og:image:width\" content=\"1024\" \/>\n\t<meta property=\"og:image:height\" content=\"985\" \/>\n\t<meta property=\"og:image:type\" content=\"image\/png\" \/>\n<meta name=\"twitter:card\" content=\"summary_large_image\" \/>\n<meta name=\"twitter:label1\" content=\"Gesch\u00e4tzte Lesezeit\" \/>\n\t<meta name=\"twitter:data1\" content=\"1\u00a0Minute\" \/>\n<script type=\"application\/ld+json\" class=\"yoast-schema-graph\">{\"@context\":\"https:\\\/\\\/schema.org\",\"@graph\":[{\"@type\":\"WebPage\",\"@id\":\"https:\\\/\\\/catalogue.hishtil.com\\\/de\\\/produkt\\\/exceptional-tm\\\/\",\"url\":\"https:\\\/\\\/catalogue.hishtil.com\\\/de\\\/produkt\\\/exceptional-tm\\\/\",\"name\":\"Exceptional 'TM - Hishtil Catalogue\",\"isPartOf\":{\"@id\":\"https:\\\/\\\/catalogue.hishtil.com\\\/de\\\/#website\"},\"primaryImageOfPage\":{\"@id\":\"https:\\\/\\\/catalogue.hishtil.com\\\/de\\\/produkt\\\/exceptional-tm\\\/#primaryimage\"},\"image\":{\"@id\":\"https:\\\/\\\/catalogue.hishtil.com\\\/de\\\/produkt\\\/exceptional-tm\\\/#primaryimage\"},\"thumbnailUrl\":\"https:\\\/\\\/catalogue.hishtil.com\\\/wp-content\\\/uploads\\\/2024\\\/11\\\/Lavendula-Exceptional_wanna-be-isolated.png\",\"datePublished\":\"2025-03-25T07:40:54+00:00\",\"dateModified\":\"2025-12-05T10:01:17+00:00\",\"breadcrumb\":{\"@id\":\"https:\\\/\\\/catalogue.hishtil.com\\\/de\\\/produkt\\\/exceptional-tm\\\/#breadcrumb\"},\"inLanguage\":\"de\",\"potentialAction\":[{\"@type\":\"ReadAction\",\"target\":[\"https:\\\/\\\/catalogue.hishtil.com\\\/de\\\/produkt\\\/exceptional-tm\\\/\"]}]},{\"@type\":\"ImageObject\",\"inLanguage\":\"de\",\"@id\":\"https:\\\/\\\/catalogue.hishtil.com\\\/de\\\/produkt\\\/exceptional-tm\\\/#primaryimage\",\"url\":\"https:\\\/\\\/catalogue.hishtil.com\\\/wp-content\\\/uploads\\\/2024\\\/11\\\/Lavendula-Exceptional_wanna-be-isolated.png\",\"contentUrl\":\"https:\\\/\\\/catalogue.hishtil.com\\\/wp-content\\\/uploads\\\/2024\\\/11\\\/Lavendula-Exceptional_wanna-be-isolated.png\",\"width\":4165,\"height\":4006},{\"@type\":\"BreadcrumbList\",\"@id\":\"https:\\\/\\\/catalogue.hishtil.com\\\/de\\\/produkt\\\/exceptional-tm\\\/#breadcrumb\",\"itemListElement\":[{\"@type\":\"ListItem\",\"position\":1,\"name\":\"Home\",\"item\":\"https:\\\/\\\/catalogue.hishtil.com\\\/de\\\/\"},{\"@type\":\"ListItem\",\"position\":2,\"name\":\"Products\",\"item\":\"https:\\\/\\\/catalogue.hishtil.com\\\/de\\\/products\\\/\"},{\"@type\":\"ListItem\",\"position\":3,\"name\":\"Exceptional &#8218;TM\"}]},{\"@type\":\"WebSite\",\"@id\":\"https:\\\/\\\/catalogue.hishtil.com\\\/de\\\/#website\",\"url\":\"https:\\\/\\\/catalogue.hishtil.com\\\/de\\\/\",\"name\":\"Hishtil Catalogue\",\"description\":\"A leading plant - Nursery Company\",\"potentialAction\":[{\"@type\":\"SearchAction\",\"target\":{\"@type\":\"EntryPoint\",\"urlTemplate\":\"https:\\\/\\\/catalogue.hishtil.com\\\/de\\\/?s={search_term_string}\"},\"query-input\":{\"@type\":\"PropertyValueSpecification\",\"valueRequired\":true,\"valueName\":\"search_term_string\"}}],\"inLanguage\":\"de\"}]}<\/script>\n<!-- \/ Yoast SEO plugin. -->","yoast_head_json":{"title":"Exceptional 'TM - Hishtil Catalogue","robots":{"index":"index","follow":"follow","max-snippet":"max-snippet:-1","max-image-preview":"max-image-preview:large","max-video-preview":"max-video-preview:-1"},"canonical":"https:\/\/catalogue.hishtil.com\/de\/produkt\/exceptional-tm\/","og_locale":"de_DE","og_type":"article","og_title":"Exceptional 'TM - Hishtil Catalogue","og_description":"Lavandula x intermedia &#8218;Exceptional,&#8216; der 2023 Chelsea Award Gewinner, ist eine robuste Hybride, bekannt f\u00fcr ihre Ausdauer, Widerstandskraft und hohe Toleranz gegen Trockenheit und Hitze. Diese Lavendelsorte zeichnet sich durch einen gut verzweigten Pflanzenaufbau, eine lange Bl\u00fctezeit, sowie \u00fcberw\u00e4ltigendes leuchtendes silbriges Laub aus, welches das ganze Jahr \u00fcber f\u00fcr Attraktivit\u00e4t im Garten sorgt. Ihre breiten [&hellip;]","og_url":"https:\/\/catalogue.hishtil.com\/de\/produkt\/exceptional-tm\/","og_site_name":"Hishtil Catalogue","article_modified_time":"2025-12-05T10:01:17+00:00","og_image":[{"width":1024,"height":985,"url":"https:\/\/catalogue.hishtil.com\/wp-content\/uploads\/2024\/11\/Lavendula-Exceptional_wanna-be-isolated-1024x985.png","type":"image\/png"}],"twitter_card":"summary_large_image","twitter_misc":{"Gesch\u00e4tzte Lesezeit":"1\u00a0Minute"},"schema":{"@context":"https:\/\/schema.org","@graph":[{"@type":"WebPage","@id":"https:\/\/catalogue.hishtil.com\/de\/produkt\/exceptional-tm\/","url":"https:\/\/catalogue.hishtil.com\/de\/produkt\/exceptional-tm\/","name":"Exceptional 'TM - Hishtil Catalogue","isPartOf":{"@id":"https:\/\/catalogue.hishtil.com\/de\/#website"},"primaryImageOfPage":{"@id":"https:\/\/catalogue.hishtil.com\/de\/produkt\/exceptional-tm\/#primaryimage"},"image":{"@id":"https:\/\/catalogue.hishtil.com\/de\/produkt\/exceptional-tm\/#primaryimage"},"thumbnailUrl":"https:\/\/catalogue.hishtil.com\/wp-content\/uploads\/2024\/11\/Lavendula-Exceptional_wanna-be-isolated.png","datePublished":"2025-03-25T07:40:54+00:00","dateModified":"2025-12-05T10:01:17+00:00","breadcrumb":{"@id":"https:\/\/catalogue.hishtil.com\/de\/produkt\/exceptional-tm\/#breadcrumb"},"inLanguage":"de","potentialAction":[{"@type":"ReadAction","target":["https:\/\/catalogue.hishtil.com\/de\/produkt\/exceptional-tm\/"]}]},{"@type":"ImageObject","inLanguage":"de","@id":"https:\/\/catalogue.hishtil.com\/de\/produkt\/exceptional-tm\/#primaryimage","url":"https:\/\/catalogue.hishtil.com\/wp-content\/uploads\/2024\/11\/Lavendula-Exceptional_wanna-be-isolated.png","contentUrl":"https:\/\/catalogue.hishtil.com\/wp-content\/uploads\/2024\/11\/Lavendula-Exceptional_wanna-be-isolated.png","width":4165,"height":4006},{"@type":"BreadcrumbList","@id":"https:\/\/catalogue.hishtil.com\/de\/produkt\/exceptional-tm\/#breadcrumb","itemListElement":[{"@type":"ListItem","position":1,"name":"Home","item":"https:\/\/catalogue.hishtil.com\/de\/"},{"@type":"ListItem","position":2,"name":"Products","item":"https:\/\/catalogue.hishtil.com\/de\/products\/"},{"@type":"ListItem","position":3,"name":"Exceptional &#8218;TM"}]},{"@type":"WebSite","@id":"https:\/\/catalogue.hishtil.com\/de\/#website","url":"https:\/\/catalogue.hishtil.com\/de\/","name":"Hishtil Catalogue","description":"A leading plant - Nursery Company","potentialAction":[{"@type":"SearchAction","target":{"@type":"EntryPoint","urlTemplate":"https:\/\/catalogue.hishtil.com\/de\/?s={search_term_string}"},"query-input":{"@type":"PropertyValueSpecification","valueRequired":true,"valueName":"search_term_string"}}],"inLanguage":"de"}]}},"_links":{"self":[{"href":"https:\/\/catalogue.hishtil.com\/de\/wp-json\/wp\/v2\/product\/4794","targetHints":{"allow":["GET"]}}],"collection":[{"href":"https:\/\/catalogue.hishtil.com\/de\/wp-json\/wp\/v2\/product"}],"about":[{"href":"https:\/\/catalogue.hishtil.com\/de\/wp-json\/wp\/v2\/types\/product"}],"replies":[{"embeddable":true,"href":"https:\/\/catalogue.hishtil.com\/de\/wp-json\/wp\/v2\/comments?post=4794"}],"wp:featuredmedia":[{"embeddable":true,"href":"https:\/\/catalogue.hishtil.com\/de\/wp-json\/wp\/v2\/media\/4342"}],"wp:attachment":[{"href":"https:\/\/catalogue.hishtil.com\/de\/wp-json\/wp\/v2\/media?parent=4794"}],"wp:term":[{"taxonomy":"product_brand","embeddable":true,"href":"https:\/\/catalogue.hishtil.com\/de\/wp-json\/wp\/v2\/product_brand?post=4794"},{"taxonomy":"product_cat","embeddable":true,"href":"https:\/\/catalogue.hishtil.com\/de\/wp-json\/wp\/v2\/product_cat?post=4794"},{"taxonomy":"product_tag","embeddable":true,"href":"https:\/\/catalogue.hishtil.com\/de\/wp-json\/wp\/v2\/product_tag?post=4794"},{"taxonomy":"brands","embeddable":true,"href":"https:\/\/catalogue.hishtil.com\/de\/wp-json\/wp\/v2\/brands?post=4794"},{"taxonomy":"labels","embeddable":true,"href":"https:\/\/catalogue.hishtil.com\/de\/wp-json\/wp\/v2\/labels?post=4794"}],"curies":[{"name":"wp","href":"https:\/\/api.w.org\/{rel}","templated":true}]}}