{"id":4934,"date":"2025-08-05T10:00:48","date_gmt":"2025-08-05T10:00:48","guid":{"rendered":"https:\/\/catalogue.hishtil.com\/product\/roman-beautyp\/"},"modified":"2025-08-05T10:11:54","modified_gmt":"2025-08-05T10:11:54","slug":"roman-beautyp","status":"publish","type":"product","link":"https:\/\/catalogue.hishtil.com\/de\/produkt\/roman-beautyp\/","title":{"rendered":"Roman Beauty&#8216;<sup>P<\/sup>"},"content":{"rendered":"<p>Ein k\u00f6stlicher und dekorativer halbh\u00e4ngender Rosmarin. Leicht gebogene Triebe, bedeckt mit aromatischem Laub, ergeben eine \u00fcppige Kaskade. Ein weiterer Bonus sind die leuchtend blauen Bl\u00fcten, welche im Fr\u00fchjahr und Fr\u00fchsommer erbl\u00fchen. Perfekt zur Beeteinfassung, genauso wie f\u00fcr den K\u00fcchen- oder Kr\u00e4utergarten. Das Laub kann abgezupft und zum W\u00fcrzen vieler Gerichte verwendet werden.<\/p>\n","protected":false},"excerpt":{"rendered":"<p>Ein k\u00f6stlicher und dekorativer halbh\u00e4ngender Rosmarin. Leicht gebogene Triebe, bedeckt mit aromatischem Laub, ergeben eine \u00fcppige Kaskade. Ein weiterer Bonus sind die leuchtend blauen Bl\u00fcten, welche im Fr\u00fchjahr und Fr\u00fchsommer erbl\u00fchen. Perfekt zur Beeteinfassung, genauso wie f\u00fcr den K\u00fcchen- oder Kr\u00e4utergarten. Das Laub kann abgezupft und zum W\u00fcrzen vieler Gerichte verwendet werden.<\/p>\n","protected":false},"featured_media":1944,"comment_status":"open","ping_status":"closed","template":"","meta":{"_acf_changed":false},"product_brand":[],"product_cat":[1173,1154],"product_tag":[],"brands":[1199,1140],"labels":[],"class_list":{"0":"post-4934","1":"product","2":"type-product","3":"status-publish","4":"has-post-thumbnail","6":"product_cat-kraeuter","7":"product_cat-rosmarinus-3","8":"brands-extrakt","9":"brands-neuheiten","11":"first","12":"instock","13":"shipping-taxable","14":"product-type-simple"},"acf":[],"yoast_head":"<!-- This site is optimized with the Yoast SEO plugin v27.4 - https:\/\/yoast.com\/product\/yoast-seo-wordpress\/ -->\n<title>Roman Beauty&#039;P - Hishtil Catalogue<\/title>\n<meta name=\"robots\" content=\"index, follow, max-snippet:-1, max-image-preview:large, max-video-preview:-1\" \/>\n<link rel=\"canonical\" href=\"https:\/\/catalogue.hishtil.com\/de\/produkt\/roman-beautyp\/\" \/>\n<meta property=\"og:locale\" content=\"de_DE\" \/>\n<meta property=\"og:type\" content=\"article\" \/>\n<meta property=\"og:title\" content=\"Roman Beauty&#039;P - Hishtil Catalogue\" \/>\n<meta property=\"og:description\" content=\"Ein k\u00f6stlicher und dekorativer halbh\u00e4ngender Rosmarin. Leicht gebogene Triebe, bedeckt mit aromatischem Laub, ergeben eine \u00fcppige Kaskade. Ein weiterer Bonus sind die leuchtend blauen Bl\u00fcten, welche im Fr\u00fchjahr und Fr\u00fchsommer erbl\u00fchen. Perfekt zur Beeteinfassung, genauso wie f\u00fcr den K\u00fcchen- oder Kr\u00e4utergarten. Das Laub kann abgezupft und zum W\u00fcrzen vieler Gerichte verwendet werden.\" \/>\n<meta property=\"og:url\" content=\"https:\/\/catalogue.hishtil.com\/de\/produkt\/roman-beautyp\/\" \/>\n<meta property=\"og:site_name\" content=\"Hishtil Catalogue\" \/>\n<meta property=\"article:modified_time\" content=\"2025-08-05T10:11:54+00:00\" \/>\n<meta property=\"og:image\" content=\"https:\/\/catalogue.hishtil.com\/wp-content\/uploads\/2023\/11\/RomanBeauty.png\" \/>\n\t<meta property=\"og:image:width\" content=\"625\" \/>\n\t<meta property=\"og:image:height\" content=\"780\" \/>\n\t<meta property=\"og:image:type\" content=\"image\/png\" \/>\n<meta name=\"twitter:card\" content=\"summary_large_image\" \/>\n<script type=\"application\/ld+json\" class=\"yoast-schema-graph\">{\"@context\":\"https:\\\/\\\/schema.org\",\"@graph\":[{\"@type\":\"WebPage\",\"@id\":\"https:\\\/\\\/catalogue.hishtil.com\\\/de\\\/produkt\\\/roman-beautyp\\\/\",\"url\":\"https:\\\/\\\/catalogue.hishtil.com\\\/de\\\/produkt\\\/roman-beautyp\\\/\",\"name\":\"Roman Beauty'P - Hishtil Catalogue\",\"isPartOf\":{\"@id\":\"https:\\\/\\\/catalogue.hishtil.com\\\/de\\\/#website\"},\"primaryImageOfPage\":{\"@id\":\"https:\\\/\\\/catalogue.hishtil.com\\\/de\\\/produkt\\\/roman-beautyp\\\/#primaryimage\"},\"image\":{\"@id\":\"https:\\\/\\\/catalogue.hishtil.com\\\/de\\\/produkt\\\/roman-beautyp\\\/#primaryimage\"},\"thumbnailUrl\":\"https:\\\/\\\/catalogue.hishtil.com\\\/wp-content\\\/uploads\\\/2023\\\/11\\\/RomanBeauty.png\",\"datePublished\":\"2025-08-05T10:00:48+00:00\",\"dateModified\":\"2025-08-05T10:11:54+00:00\",\"breadcrumb\":{\"@id\":\"https:\\\/\\\/catalogue.hishtil.com\\\/de\\\/produkt\\\/roman-beautyp\\\/#breadcrumb\"},\"inLanguage\":\"de\",\"potentialAction\":[{\"@type\":\"ReadAction\",\"target\":[\"https:\\\/\\\/catalogue.hishtil.com\\\/de\\\/produkt\\\/roman-beautyp\\\/\"]}]},{\"@type\":\"ImageObject\",\"inLanguage\":\"de\",\"@id\":\"https:\\\/\\\/catalogue.hishtil.com\\\/de\\\/produkt\\\/roman-beautyp\\\/#primaryimage\",\"url\":\"https:\\\/\\\/catalogue.hishtil.com\\\/wp-content\\\/uploads\\\/2023\\\/11\\\/RomanBeauty.png\",\"contentUrl\":\"https:\\\/\\\/catalogue.hishtil.com\\\/wp-content\\\/uploads\\\/2023\\\/11\\\/RomanBeauty.png\",\"width\":625,\"height\":780},{\"@type\":\"BreadcrumbList\",\"@id\":\"https:\\\/\\\/catalogue.hishtil.com\\\/de\\\/produkt\\\/roman-beautyp\\\/#breadcrumb\",\"itemListElement\":[{\"@type\":\"ListItem\",\"position\":1,\"name\":\"Home\",\"item\":\"https:\\\/\\\/catalogue.hishtil.com\\\/de\\\/\"},{\"@type\":\"ListItem\",\"position\":2,\"name\":\"Products\",\"item\":\"https:\\\/\\\/catalogue.hishtil.com\\\/de\\\/products\\\/\"},{\"@type\":\"ListItem\",\"position\":3,\"name\":\"Roman Beauty&#8216;P\"}]},{\"@type\":\"WebSite\",\"@id\":\"https:\\\/\\\/catalogue.hishtil.com\\\/de\\\/#website\",\"url\":\"https:\\\/\\\/catalogue.hishtil.com\\\/de\\\/\",\"name\":\"Hishtil Catalogue\",\"description\":\"A leading plant - Nursery Company\",\"potentialAction\":[{\"@type\":\"SearchAction\",\"target\":{\"@type\":\"EntryPoint\",\"urlTemplate\":\"https:\\\/\\\/catalogue.hishtil.com\\\/de\\\/?s={search_term_string}\"},\"query-input\":{\"@type\":\"PropertyValueSpecification\",\"valueRequired\":true,\"valueName\":\"search_term_string\"}}],\"inLanguage\":\"de\"}]}<\/script>\n<!-- \/ Yoast SEO plugin. -->","yoast_head_json":{"title":"Roman Beauty'P - Hishtil Catalogue","robots":{"index":"index","follow":"follow","max-snippet":"max-snippet:-1","max-image-preview":"max-image-preview:large","max-video-preview":"max-video-preview:-1"},"canonical":"https:\/\/catalogue.hishtil.com\/de\/produkt\/roman-beautyp\/","og_locale":"de_DE","og_type":"article","og_title":"Roman Beauty'P - Hishtil Catalogue","og_description":"Ein k\u00f6stlicher und dekorativer halbh\u00e4ngender Rosmarin. Leicht gebogene Triebe, bedeckt mit aromatischem Laub, ergeben eine \u00fcppige Kaskade. Ein weiterer Bonus sind die leuchtend blauen Bl\u00fcten, welche im Fr\u00fchjahr und Fr\u00fchsommer erbl\u00fchen. Perfekt zur Beeteinfassung, genauso wie f\u00fcr den K\u00fcchen- oder Kr\u00e4utergarten. Das Laub kann abgezupft und zum W\u00fcrzen vieler Gerichte verwendet werden.","og_url":"https:\/\/catalogue.hishtil.com\/de\/produkt\/roman-beautyp\/","og_site_name":"Hishtil Catalogue","article_modified_time":"2025-08-05T10:11:54+00:00","og_image":[{"width":625,"height":780,"url":"https:\/\/catalogue.hishtil.com\/wp-content\/uploads\/2023\/11\/RomanBeauty.png","type":"image\/png"}],"twitter_card":"summary_large_image","schema":{"@context":"https:\/\/schema.org","@graph":[{"@type":"WebPage","@id":"https:\/\/catalogue.hishtil.com\/de\/produkt\/roman-beautyp\/","url":"https:\/\/catalogue.hishtil.com\/de\/produkt\/roman-beautyp\/","name":"Roman Beauty'P - Hishtil Catalogue","isPartOf":{"@id":"https:\/\/catalogue.hishtil.com\/de\/#website"},"primaryImageOfPage":{"@id":"https:\/\/catalogue.hishtil.com\/de\/produkt\/roman-beautyp\/#primaryimage"},"image":{"@id":"https:\/\/catalogue.hishtil.com\/de\/produkt\/roman-beautyp\/#primaryimage"},"thumbnailUrl":"https:\/\/catalogue.hishtil.com\/wp-content\/uploads\/2023\/11\/RomanBeauty.png","datePublished":"2025-08-05T10:00:48+00:00","dateModified":"2025-08-05T10:11:54+00:00","breadcrumb":{"@id":"https:\/\/catalogue.hishtil.com\/de\/produkt\/roman-beautyp\/#breadcrumb"},"inLanguage":"de","potentialAction":[{"@type":"ReadAction","target":["https:\/\/catalogue.hishtil.com\/de\/produkt\/roman-beautyp\/"]}]},{"@type":"ImageObject","inLanguage":"de","@id":"https:\/\/catalogue.hishtil.com\/de\/produkt\/roman-beautyp\/#primaryimage","url":"https:\/\/catalogue.hishtil.com\/wp-content\/uploads\/2023\/11\/RomanBeauty.png","contentUrl":"https:\/\/catalogue.hishtil.com\/wp-content\/uploads\/2023\/11\/RomanBeauty.png","width":625,"height":780},{"@type":"BreadcrumbList","@id":"https:\/\/catalogue.hishtil.com\/de\/produkt\/roman-beautyp\/#breadcrumb","itemListElement":[{"@type":"ListItem","position":1,"name":"Home","item":"https:\/\/catalogue.hishtil.com\/de\/"},{"@type":"ListItem","position":2,"name":"Products","item":"https:\/\/catalogue.hishtil.com\/de\/products\/"},{"@type":"ListItem","position":3,"name":"Roman Beauty&#8216;P"}]},{"@type":"WebSite","@id":"https:\/\/catalogue.hishtil.com\/de\/#website","url":"https:\/\/catalogue.hishtil.com\/de\/","name":"Hishtil Catalogue","description":"A leading plant - Nursery Company","potentialAction":[{"@type":"SearchAction","target":{"@type":"EntryPoint","urlTemplate":"https:\/\/catalogue.hishtil.com\/de\/?s={search_term_string}"},"query-input":{"@type":"PropertyValueSpecification","valueRequired":true,"valueName":"search_term_string"}}],"inLanguage":"de"}]}},"_links":{"self":[{"href":"https:\/\/catalogue.hishtil.com\/de\/wp-json\/wp\/v2\/product\/4934","targetHints":{"allow":["GET"]}}],"collection":[{"href":"https:\/\/catalogue.hishtil.com\/de\/wp-json\/wp\/v2\/product"}],"about":[{"href":"https:\/\/catalogue.hishtil.com\/de\/wp-json\/wp\/v2\/types\/product"}],"replies":[{"embeddable":true,"href":"https:\/\/catalogue.hishtil.com\/de\/wp-json\/wp\/v2\/comments?post=4934"}],"wp:featuredmedia":[{"embeddable":true,"href":"https:\/\/catalogue.hishtil.com\/de\/wp-json\/wp\/v2\/media\/1944"}],"wp:attachment":[{"href":"https:\/\/catalogue.hishtil.com\/de\/wp-json\/wp\/v2\/media?parent=4934"}],"wp:term":[{"taxonomy":"product_brand","embeddable":true,"href":"https:\/\/catalogue.hishtil.com\/de\/wp-json\/wp\/v2\/product_brand?post=4934"},{"taxonomy":"product_cat","embeddable":true,"href":"https:\/\/catalogue.hishtil.com\/de\/wp-json\/wp\/v2\/product_cat?post=4934"},{"taxonomy":"product_tag","embeddable":true,"href":"https:\/\/catalogue.hishtil.com\/de\/wp-json\/wp\/v2\/product_tag?post=4934"},{"taxonomy":"brands","embeddable":true,"href":"https:\/\/catalogue.hishtil.com\/de\/wp-json\/wp\/v2\/brands?post=4934"},{"taxonomy":"labels","embeddable":true,"href":"https:\/\/catalogue.hishtil.com\/de\/wp-json\/wp\/v2\/labels?post=4934"}],"curies":[{"name":"wp","href":"https:\/\/api.w.org\/{rel}","templated":true}]}}