{"id":4958,"date":"2025-08-05T10:04:36","date_gmt":"2025-08-05T10:04:36","guid":{"rendered":"https:\/\/catalogue.hishtil.com\/product\/kudo-bluep\/"},"modified":"2025-08-05T10:15:44","modified_gmt":"2025-08-05T10:15:44","slug":"kudo-bluep","status":"publish","type":"product","link":"https:\/\/catalogue.hishtil.com\/de\/produkt\/kudo-bluep\/","title":{"rendered":"Kudo&#8216; Blue<sup>P<\/sup>"},"content":{"rendered":"<p>Winterharte Staude mit ausdauernder Bl\u00fcte, welche keine K\u00fchlperiode ben\u00f6tigt. Diese kompakte Pflanze wird von Juni bis Oktober beinahe erdr\u00fcckt von einer Vielzahl lavendelblauer Bl\u00fcten, attraktiv f\u00fcr Bienen, Schmetterlinge und sonstige Best\u00e4uber im Garten. Sehr gut in gr\u00f6\u00dferen T\u00f6pfen \/ Containern und in Kombination mit Kudo Pink. <\/p>\n","protected":false},"excerpt":{"rendered":"<p>Winterharte Staude mit ausdauernder Bl\u00fcte, welche keine K\u00fchlperiode ben\u00f6tigt. Diese kompakte Pflanze wird von Juni bis Oktober beinahe erdr\u00fcckt von einer Vielzahl lavendelblauer Bl\u00fcten, attraktiv f\u00fcr Bienen, Schmetterlinge und sonstige Best\u00e4uber im Garten. Sehr gut in gr\u00f6\u00dferen T\u00f6pfen \/ Containern und in Kombination mit Kudo Pink.<\/p>\n","protected":false},"featured_media":1920,"comment_status":"open","ping_status":"closed","template":"","meta":{"_acf_changed":false},"product_brand":[],"product_cat":[1162],"product_tag":[],"brands":[1141,1140],"labels":[259],"class_list":{"0":"post-4958","1":"product","2":"type-product","3":"status-publish","4":"has-post-thumbnail","6":"product_cat-stauden","7":"brands-bestaeuberfreundlich","8":"brands-neuheiten","9":"labels-new-de","11":"first","12":"instock","13":"shipping-taxable","14":"product-type-simple"},"acf":[],"yoast_head":"<!-- This site is optimized with the Yoast SEO plugin v27.4 - https:\/\/yoast.com\/product\/yoast-seo-wordpress\/ -->\n<title>Kudo&#039; BlueP - Hishtil Catalogue<\/title>\n<meta name=\"robots\" content=\"index, follow, max-snippet:-1, max-image-preview:large, max-video-preview:-1\" \/>\n<link rel=\"canonical\" href=\"https:\/\/catalogue.hishtil.com\/de\/produkt\/kudo-bluep\/\" \/>\n<meta property=\"og:locale\" content=\"de_DE\" \/>\n<meta property=\"og:type\" content=\"article\" \/>\n<meta property=\"og:title\" content=\"Kudo&#039; BlueP - Hishtil Catalogue\" \/>\n<meta property=\"og:description\" content=\"Winterharte Staude mit ausdauernder Bl\u00fcte, welche keine K\u00fchlperiode ben\u00f6tigt. Diese kompakte Pflanze wird von Juni bis Oktober beinahe erdr\u00fcckt von einer Vielzahl lavendelblauer Bl\u00fcten, attraktiv f\u00fcr Bienen, Schmetterlinge und sonstige Best\u00e4uber im Garten. Sehr gut in gr\u00f6\u00dferen T\u00f6pfen \/ Containern und in Kombination mit Kudo Pink.\" \/>\n<meta property=\"og:url\" content=\"https:\/\/catalogue.hishtil.com\/de\/produkt\/kudo-bluep\/\" \/>\n<meta property=\"og:site_name\" content=\"Hishtil Catalogue\" \/>\n<meta property=\"article:modified_time\" content=\"2025-08-05T10:15:44+00:00\" \/>\n<meta property=\"og:image\" content=\"https:\/\/catalogue.hishtil.com\/wp-content\/uploads\/2023\/11\/KudoBlue.png\" \/>\n\t<meta property=\"og:image:width\" content=\"625\" \/>\n\t<meta property=\"og:image:height\" content=\"780\" \/>\n\t<meta property=\"og:image:type\" content=\"image\/png\" \/>\n<meta name=\"twitter:card\" content=\"summary_large_image\" \/>\n<script type=\"application\/ld+json\" class=\"yoast-schema-graph\">{\"@context\":\"https:\\\/\\\/schema.org\",\"@graph\":[{\"@type\":\"WebPage\",\"@id\":\"https:\\\/\\\/catalogue.hishtil.com\\\/de\\\/produkt\\\/kudo-bluep\\\/\",\"url\":\"https:\\\/\\\/catalogue.hishtil.com\\\/de\\\/produkt\\\/kudo-bluep\\\/\",\"name\":\"Kudo' BlueP - Hishtil Catalogue\",\"isPartOf\":{\"@id\":\"https:\\\/\\\/catalogue.hishtil.com\\\/de\\\/#website\"},\"primaryImageOfPage\":{\"@id\":\"https:\\\/\\\/catalogue.hishtil.com\\\/de\\\/produkt\\\/kudo-bluep\\\/#primaryimage\"},\"image\":{\"@id\":\"https:\\\/\\\/catalogue.hishtil.com\\\/de\\\/produkt\\\/kudo-bluep\\\/#primaryimage\"},\"thumbnailUrl\":\"https:\\\/\\\/catalogue.hishtil.com\\\/wp-content\\\/uploads\\\/2023\\\/11\\\/KudoBlue.png\",\"datePublished\":\"2025-08-05T10:04:36+00:00\",\"dateModified\":\"2025-08-05T10:15:44+00:00\",\"breadcrumb\":{\"@id\":\"https:\\\/\\\/catalogue.hishtil.com\\\/de\\\/produkt\\\/kudo-bluep\\\/#breadcrumb\"},\"inLanguage\":\"de\",\"potentialAction\":[{\"@type\":\"ReadAction\",\"target\":[\"https:\\\/\\\/catalogue.hishtil.com\\\/de\\\/produkt\\\/kudo-bluep\\\/\"]}]},{\"@type\":\"ImageObject\",\"inLanguage\":\"de\",\"@id\":\"https:\\\/\\\/catalogue.hishtil.com\\\/de\\\/produkt\\\/kudo-bluep\\\/#primaryimage\",\"url\":\"https:\\\/\\\/catalogue.hishtil.com\\\/wp-content\\\/uploads\\\/2023\\\/11\\\/KudoBlue.png\",\"contentUrl\":\"https:\\\/\\\/catalogue.hishtil.com\\\/wp-content\\\/uploads\\\/2023\\\/11\\\/KudoBlue.png\",\"width\":625,\"height\":780},{\"@type\":\"BreadcrumbList\",\"@id\":\"https:\\\/\\\/catalogue.hishtil.com\\\/de\\\/produkt\\\/kudo-bluep\\\/#breadcrumb\",\"itemListElement\":[{\"@type\":\"ListItem\",\"position\":1,\"name\":\"Home\",\"item\":\"https:\\\/\\\/catalogue.hishtil.com\\\/de\\\/\"},{\"@type\":\"ListItem\",\"position\":2,\"name\":\"Products\",\"item\":\"https:\\\/\\\/catalogue.hishtil.com\\\/de\\\/products\\\/\"},{\"@type\":\"ListItem\",\"position\":3,\"name\":\"Kudo&#8216; BlueP\"}]},{\"@type\":\"WebSite\",\"@id\":\"https:\\\/\\\/catalogue.hishtil.com\\\/de\\\/#website\",\"url\":\"https:\\\/\\\/catalogue.hishtil.com\\\/de\\\/\",\"name\":\"Hishtil Catalogue\",\"description\":\"A leading plant - Nursery Company\",\"potentialAction\":[{\"@type\":\"SearchAction\",\"target\":{\"@type\":\"EntryPoint\",\"urlTemplate\":\"https:\\\/\\\/catalogue.hishtil.com\\\/de\\\/?s={search_term_string}\"},\"query-input\":{\"@type\":\"PropertyValueSpecification\",\"valueRequired\":true,\"valueName\":\"search_term_string\"}}],\"inLanguage\":\"de\"}]}<\/script>\n<!-- \/ Yoast SEO plugin. -->","yoast_head_json":{"title":"Kudo' BlueP - Hishtil Catalogue","robots":{"index":"index","follow":"follow","max-snippet":"max-snippet:-1","max-image-preview":"max-image-preview:large","max-video-preview":"max-video-preview:-1"},"canonical":"https:\/\/catalogue.hishtil.com\/de\/produkt\/kudo-bluep\/","og_locale":"de_DE","og_type":"article","og_title":"Kudo' BlueP - Hishtil Catalogue","og_description":"Winterharte Staude mit ausdauernder Bl\u00fcte, welche keine K\u00fchlperiode ben\u00f6tigt. Diese kompakte Pflanze wird von Juni bis Oktober beinahe erdr\u00fcckt von einer Vielzahl lavendelblauer Bl\u00fcten, attraktiv f\u00fcr Bienen, Schmetterlinge und sonstige Best\u00e4uber im Garten. Sehr gut in gr\u00f6\u00dferen T\u00f6pfen \/ Containern und in Kombination mit Kudo Pink.","og_url":"https:\/\/catalogue.hishtil.com\/de\/produkt\/kudo-bluep\/","og_site_name":"Hishtil Catalogue","article_modified_time":"2025-08-05T10:15:44+00:00","og_image":[{"width":625,"height":780,"url":"https:\/\/catalogue.hishtil.com\/wp-content\/uploads\/2023\/11\/KudoBlue.png","type":"image\/png"}],"twitter_card":"summary_large_image","schema":{"@context":"https:\/\/schema.org","@graph":[{"@type":"WebPage","@id":"https:\/\/catalogue.hishtil.com\/de\/produkt\/kudo-bluep\/","url":"https:\/\/catalogue.hishtil.com\/de\/produkt\/kudo-bluep\/","name":"Kudo' BlueP - Hishtil Catalogue","isPartOf":{"@id":"https:\/\/catalogue.hishtil.com\/de\/#website"},"primaryImageOfPage":{"@id":"https:\/\/catalogue.hishtil.com\/de\/produkt\/kudo-bluep\/#primaryimage"},"image":{"@id":"https:\/\/catalogue.hishtil.com\/de\/produkt\/kudo-bluep\/#primaryimage"},"thumbnailUrl":"https:\/\/catalogue.hishtil.com\/wp-content\/uploads\/2023\/11\/KudoBlue.png","datePublished":"2025-08-05T10:04:36+00:00","dateModified":"2025-08-05T10:15:44+00:00","breadcrumb":{"@id":"https:\/\/catalogue.hishtil.com\/de\/produkt\/kudo-bluep\/#breadcrumb"},"inLanguage":"de","potentialAction":[{"@type":"ReadAction","target":["https:\/\/catalogue.hishtil.com\/de\/produkt\/kudo-bluep\/"]}]},{"@type":"ImageObject","inLanguage":"de","@id":"https:\/\/catalogue.hishtil.com\/de\/produkt\/kudo-bluep\/#primaryimage","url":"https:\/\/catalogue.hishtil.com\/wp-content\/uploads\/2023\/11\/KudoBlue.png","contentUrl":"https:\/\/catalogue.hishtil.com\/wp-content\/uploads\/2023\/11\/KudoBlue.png","width":625,"height":780},{"@type":"BreadcrumbList","@id":"https:\/\/catalogue.hishtil.com\/de\/produkt\/kudo-bluep\/#breadcrumb","itemListElement":[{"@type":"ListItem","position":1,"name":"Home","item":"https:\/\/catalogue.hishtil.com\/de\/"},{"@type":"ListItem","position":2,"name":"Products","item":"https:\/\/catalogue.hishtil.com\/de\/products\/"},{"@type":"ListItem","position":3,"name":"Kudo&#8216; BlueP"}]},{"@type":"WebSite","@id":"https:\/\/catalogue.hishtil.com\/de\/#website","url":"https:\/\/catalogue.hishtil.com\/de\/","name":"Hishtil Catalogue","description":"A leading plant - Nursery Company","potentialAction":[{"@type":"SearchAction","target":{"@type":"EntryPoint","urlTemplate":"https:\/\/catalogue.hishtil.com\/de\/?s={search_term_string}"},"query-input":{"@type":"PropertyValueSpecification","valueRequired":true,"valueName":"search_term_string"}}],"inLanguage":"de"}]}},"_links":{"self":[{"href":"https:\/\/catalogue.hishtil.com\/de\/wp-json\/wp\/v2\/product\/4958","targetHints":{"allow":["GET"]}}],"collection":[{"href":"https:\/\/catalogue.hishtil.com\/de\/wp-json\/wp\/v2\/product"}],"about":[{"href":"https:\/\/catalogue.hishtil.com\/de\/wp-json\/wp\/v2\/types\/product"}],"replies":[{"embeddable":true,"href":"https:\/\/catalogue.hishtil.com\/de\/wp-json\/wp\/v2\/comments?post=4958"}],"wp:featuredmedia":[{"embeddable":true,"href":"https:\/\/catalogue.hishtil.com\/de\/wp-json\/wp\/v2\/media\/1920"}],"wp:attachment":[{"href":"https:\/\/catalogue.hishtil.com\/de\/wp-json\/wp\/v2\/media?parent=4958"}],"wp:term":[{"taxonomy":"product_brand","embeddable":true,"href":"https:\/\/catalogue.hishtil.com\/de\/wp-json\/wp\/v2\/product_brand?post=4958"},{"taxonomy":"product_cat","embeddable":true,"href":"https:\/\/catalogue.hishtil.com\/de\/wp-json\/wp\/v2\/product_cat?post=4958"},{"taxonomy":"product_tag","embeddable":true,"href":"https:\/\/catalogue.hishtil.com\/de\/wp-json\/wp\/v2\/product_tag?post=4958"},{"taxonomy":"brands","embeddable":true,"href":"https:\/\/catalogue.hishtil.com\/de\/wp-json\/wp\/v2\/brands?post=4958"},{"taxonomy":"labels","embeddable":true,"href":"https:\/\/catalogue.hishtil.com\/de\/wp-json\/wp\/v2\/labels?post=4958"}],"curies":[{"name":"wp","href":"https:\/\/api.w.org\/{rel}","templated":true}]}}